{"id":308,"date":"2024-12-10T04:21:32","date_gmt":"2024-12-10T04:21:32","guid":{"rendered":"https:\/\/mollyproperty.com\/?page_id=308"},"modified":"2025-11-16T15:01:47","modified_gmt":"2025-11-16T15:01:47","slug":"services","status":"publish","type":"page","link":"https:\/\/mollyproperty.com\/sl\/services\/","title":{"rendered":"Storitve"},"content":{"rendered":"<section class=\"bde-section-308-100 bde-section\">\n              \n  \n  \n\t\n\n  <div class=\"section-background-overlay\"><\/div>\n\n\n<div class=\"section-container\"><h1 class=\"bde-heading-308-101 bde-heading\">\nCelovita storitev upravljanja nepremi\u010dnin za lastnike, ki tu ne \u017eivijo.\n<\/h1><\/div>\n<\/section><section class=\"bde-section-308-102 bde-section\">\n  \n  \n\t\n\n\n\n<div class=\"section-container\"><div class=\"bde-text-308-294 bde-text\">\nImate po\u010ditni\u0161ko hi\u0161o ali apartma v Zadrski \u017eupaniji - morda \u017eivite v tujini ali dale\u010d od obale, vendar si \u017eelite velikega prihodka od najema in ni\u010d glavobola pri poslovanju. V podjetju Molly Property Management postanemo va\u0161a lokalna ekipa: rezervacije \u2705 gostje \u2705 \u010di\u0161\u010denje \u2705 vzdr\u017eevanje \u2705 administracija \u2705 Vse to, medtem ko ste vi odsotni in samo pobirate izpla\u010dila.\n<\/div><div class=\"bde-button-308-200 bde-button\">\n    \n                        \n                        \n    \n    \n    \n    \n            \n                    \n            \n                           \n                       \n                 \n\n    \n    \n    \n                    \n    \n    <a class=\"breakdance-link button-atom button-atom--custom bde-button__button\" href=\"#\" target=\"_self\" data-type=\"action\"  data-action='{\"type\":\"popup\",\"popupOptions\":{\"popupId\":\"151\"}}' >\n\n    \n        <span class=\"button-atom__text\">Rezervirajte moje brezpla\u010dno posvetovanje z lastnikom<\/span>\n\n        \n        \n                <\/a>\n\n    \n\n\n<\/div><\/div>\n<\/section><section class=\"bde-section-308-116 bde-section\">\n  \n  \n\t\n\n\n\n<div class=\"section-container\"><h2 class=\"bde-heading-308-117 bde-heading\">\nKaj po\u010dnemo - en partner, popoln mir v mislih<br>\n<\/h2><div class=\"bde-div-308-155 bde-div\">\n  \n  \n\t\n\n\n\n<div class=\"bde-text-308-156 bde-text\">\nOptimizacija prihodkov in ve\u010dkanalni seznami\n<\/div><div class=\"bde-div-308-157 bde-div\">\n  \n  \n\t\n\n\n\n<div class=\"bde-icon-308-217 bde-icon\">\n\n    \n            <div class=\"bde-icon-icon breakdance-icon-atom\" >\n    \n                    <svg xmlns=\"http:\/\/www.w3.org\/2000\/svg\" viewbox=\"0 0 448 512\"><!--! Font Awesome Free 6.5.1 by @fontawesome - https:\/\/fontawesome.com License - https:\/\/fontawesome.com\/license\/free (Icons: CC BY 4.0, Fonts: SIL OFL 1.1, Code: MIT License) Copyright 2023 Fonticons, Inc. --><path d=\"M438.6 105.4c12.5 12.5 12.5 32.8 0 45.3l-256 256c-12.5 12.5-32.8 12.5-45.3 0l-128-128c-12.5-12.5-12.5-32.8 0-45.3s32.8-12.5 45.3 0L160 338.7 393.4 105.4c12.5-12.5 32.8-12.5 45.3 0z\"\/><\/svg>\n        \n        \n        \n            <\/div>\n    \n\n\n<\/div><div class=\"bde-div-308-218 bde-div\">\n  \n  \n\t\n\n\n\n<div class=\"bde-text-308-159 bde-text\">\nZ dinami\u010dnim dolo\u010danjem cen, \u0161iroko pokritostjo platforme in vpogledom v lokalni trg pove\u010dujemo va\u0161e prihodke, zato va\u0161a nepremi\u010dnina prina\u0161a ve\u010d prihodkov, tudi ko vas ni v bli\u017eini.\n<\/div>\n<\/div>\n<\/div>\n<\/div><div class=\"bde-div-308-295 bde-div\">\n  \n  \n\t\n\n\n\n<div class=\"bde-text-308-296 bde-text\">\nPodpora gostom in upravljanje prijave\/odjave\n<\/div><div class=\"bde-div-308-297 bde-div\">\n  \n  \n\t\n\n\n\n<div class=\"bde-icon-308-298 bde-icon\">\n\n    \n            <div class=\"bde-icon-icon breakdance-icon-atom\" >\n    \n                    <svg xmlns=\"http:\/\/www.w3.org\/2000\/svg\" viewbox=\"0 0 448 512\"><!--! Font Awesome Free 6.5.1 by @fontawesome - https:\/\/fontawesome.com License - https:\/\/fontawesome.com\/license\/free (Icons: CC BY 4.0, Fonts: SIL OFL 1.1, Code: MIT License) Copyright 2023 Fonticons, Inc. --><path d=\"M438.6 105.4c12.5 12.5 12.5 32.8 0 45.3l-256 256c-12.5 12.5-32.8 12.5-45.3 0l-128-128c-12.5-12.5-12.5-32.8 0-45.3s32.8-12.5 45.3 0L160 338.7 393.4 105.4c12.5-12.5 32.8-12.5 45.3 0z\"\/><\/svg>\n        \n        \n        \n            <\/div>\n    \n\n\n<\/div><div class=\"bde-div-308-299 bde-div\">\n  \n  \n\t\n\n\n\n<div class=\"bde-text-308-300 bde-text\">\nKomunikacija z gosti 24 ur na dan, 7 dni v tednu, lokalna ekipa pozdravi ali prijavi goste, re\u0161uje te\u017eave - vi pa ne dvignete niti prsta.\n<\/div>\n<\/div>\n<\/div>\n<\/div><div class=\"bde-div-308-301 bde-div\">\n  \n  \n\t\n\n\n\n<div class=\"bde-text-308-302 bde-text\">\nStoritev profesionalnega \u010di\u0161\u010denja in posteljnine\n<\/div><div class=\"bde-div-308-303 bde-div\">\n  \n  \n\t\n\n\n\n<div class=\"bde-icon-308-304 bde-icon\">\n\n    \n            <div class=\"bde-icon-icon breakdance-icon-atom\" >\n    \n                    <svg xmlns=\"http:\/\/www.w3.org\/2000\/svg\" viewbox=\"0 0 448 512\"><!--! Font Awesome Free 6.5.1 by @fontawesome - https:\/\/fontawesome.com License - https:\/\/fontawesome.com\/license\/free (Icons: CC BY 4.0, Fonts: SIL OFL 1.1, Code: MIT License) Copyright 2023 Fonticons, Inc. --><path d=\"M438.6 105.4c12.5 12.5 12.5 32.8 0 45.3l-256 256c-12.5 12.5-32.8 12.5-45.3 0l-128-128c-12.5-12.5-12.5-32.8 0-45.3s32.8-12.5 45.3 0L160 338.7 393.4 105.4c12.5-12.5 32.8-12.5 45.3 0z\"\/><\/svg>\n        \n        \n        \n            <\/div>\n    \n\n\n<\/div><div class=\"bde-div-308-305 bde-div\">\n  \n  \n\t\n\n\n\n<div class=\"bde-text-308-306 bde-text\">\nZa vsako bivanje poskrbimo od za\u010detka do konca: brezhibno \u010di\u0161\u010denje, sve\u017ea posteljnina, pripravljenost za goste - od vas ni potreben nikakr\u0161en nadzor.\n<\/div>\n<\/div>\n<\/div>\n<\/div><div class=\"bde-div-308-307 bde-div\">\n  \n  \n\t\n\n\n\n<div class=\"bde-text-308-308 bde-text\">\nVzdr\u017eevanje in skrb za nepremi\u010dnine\n<\/div><div class=\"bde-div-308-309 bde-div\">\n  \n  \n\t\n\n\n\n<div class=\"bde-icon-308-310 bde-icon\">\n\n    \n            <div class=\"bde-icon-icon breakdance-icon-atom\" >\n    \n                    <svg xmlns=\"http:\/\/www.w3.org\/2000\/svg\" viewbox=\"0 0 448 512\"><!--! Font Awesome Free 6.5.1 by @fontawesome - https:\/\/fontawesome.com License - https:\/\/fontawesome.com\/license\/free (Icons: CC BY 4.0, Fonts: SIL OFL 1.1, Code: MIT License) Copyright 2023 Fonticons, Inc. --><path d=\"M438.6 105.4c12.5 12.5 12.5 32.8 0 45.3l-256 256c-12.5 12.5-32.8 12.5-45.3 0l-128-128c-12.5-12.5-12.5-32.8 0-45.3s32.8-12.5 45.3 0L160 338.7 393.4 105.4c12.5-12.5 32.8-12.5 45.3 0z\"\/><\/svg>\n        \n        \n        \n            <\/div>\n    \n\n\n<\/div><div class=\"bde-div-308-311 bde-div\">\n  \n  \n\t\n\n\n\n<div class=\"bde-text-308-312 bde-text\">\nRedni pregledi, nujna popravila, nega bazena ali jacuzzija - va\u0161e premo\u017eenje ostane v odli\u010dnem stanju, tudi \u010de \u017eivite v tujini.\n<\/div>\n<\/div>\n<\/div>\n<\/div><div class=\"bde-div-308-313 bde-div\">\n  \n  \n\t\n\n\n\n<div class=\"bde-text-308-314 bde-text\">\nPopolna skladnost in upravljanje\n<\/div><div class=\"bde-div-308-315 bde-div\">\n  \n  \n\t\n\n\n\n<div class=\"bde-icon-308-316 bde-icon\">\n\n    \n            <div class=\"bde-icon-icon breakdance-icon-atom\" >\n    \n                    <svg xmlns=\"http:\/\/www.w3.org\/2000\/svg\" viewbox=\"0 0 448 512\"><!--! Font Awesome Free 6.5.1 by @fontawesome - https:\/\/fontawesome.com License - https:\/\/fontawesome.com\/license\/free (Icons: CC BY 4.0, Fonts: SIL OFL 1.1, Code: MIT License) Copyright 2023 Fonticons, Inc. --><path d=\"M438.6 105.4c12.5 12.5 12.5 32.8 0 45.3l-256 256c-12.5 12.5-32.8 12.5-45.3 0l-128-128c-12.5-12.5-12.5-32.8 0-45.3s32.8-12.5 45.3 0L160 338.7 393.4 105.4c12.5-12.5 32.8-12.5 45.3 0z\"\/><\/svg>\n        \n        \n        \n            <\/div>\n    \n\n\n<\/div><div class=\"bde-div-308-317 bde-div\">\n  \n  \n\t\n\n\n\n<div class=\"bde-text-308-318 bde-text\">\nVlagamo prijave gostov, urejamo lokalne davke, skrbimo za skladnost s hrva\u0161kimi predpisi, vi pa prejemate le prihodke.\n<\/div>\n<\/div>\n<\/div>\n<\/div><div class=\"bde-div-308-319 bde-div\">\n  \n  \n\t\n\n\n\n<div class=\"bde-text-308-320 bde-text\">\nPoro\u010danje lastnika in mese\u010dna izpla\u010dila\n<\/div><div class=\"bde-div-308-321 bde-div\">\n  \n  \n\t\n\n\n\n<div class=\"bde-icon-308-322 bde-icon\">\n\n    \n            <div class=\"bde-icon-icon breakdance-icon-atom\" >\n    \n                    <svg xmlns=\"http:\/\/www.w3.org\/2000\/svg\" viewbox=\"0 0 448 512\"><!--! Font Awesome Free 6.5.1 by @fontawesome - https:\/\/fontawesome.com License - https:\/\/fontawesome.com\/license\/free (Icons: CC BY 4.0, Fonts: SIL OFL 1.1, Code: MIT License) Copyright 2023 Fonticons, Inc. --><path d=\"M438.6 105.4c12.5 12.5 12.5 32.8 0 45.3l-256 256c-12.5 12.5-32.8 12.5-45.3 0l-128-128c-12.5-12.5-12.5-32.8 0-45.3s32.8-12.5 45.3 0L160 338.7 393.4 105.4c12.5-12.5 32.8-12.5 45.3 0z\"\/><\/svg>\n        \n        \n        \n            <\/div>\n    \n\n\n<\/div><div class=\"bde-div-308-323 bde-div\">\n  \n  \n\t\n\n\n\n<div class=\"bde-text-308-324 bde-text\">\nPrejemate jasne mese\u010dne izpiske in nakazila na ra\u010dun - pregledno, preprosto in predvidljivo.<br>\n<\/div>\n<\/div>\n<\/div>\n<\/div><div class=\"bde-div-308-325 bde-div\">\n  \n  \n\t\n\n\n\n<div class=\"bde-text-308-326 bde-text\">\nPremium Amenity &amp; Luxury Support (Apartmaji ali vile)\n<\/div><div class=\"bde-div-308-327 bde-div\">\n  \n  \n\t\n\n\n\n<div class=\"bde-icon-308-328 bde-icon\">\n\n    \n            <div class=\"bde-icon-icon breakdance-icon-atom\" >\n    \n                    <svg xmlns=\"http:\/\/www.w3.org\/2000\/svg\" viewbox=\"0 0 448 512\"><!--! Font Awesome Free 6.5.1 by @fontawesome - https:\/\/fontawesome.com License - https:\/\/fontawesome.com\/license\/free (Icons: CC BY 4.0, Fonts: SIL OFL 1.1, Code: MIT License) Copyright 2023 Fonticons, Inc. --><path d=\"M438.6 105.4c12.5 12.5 12.5 32.8 0 45.3l-256 256c-12.5 12.5-32.8 12.5-45.3 0l-128-128c-12.5-12.5-12.5-32.8 0-45.3s32.8-12.5 45.3 0L160 338.7 393.4 105.4c12.5-12.5 32.8-12.5 45.3 0z\"\/><\/svg>\n        \n        \n        \n            <\/div>\n    \n\n\n<\/div><div class=\"bde-div-308-329 bde-div\">\n  \n  \n\t\n\n\n\n<div class=\"bde-text-308-330 bde-text\">\nNe glede na to, ali ima va\u0161a nepremi\u010dnina bazen, jacuzzi, stre\u0161no teraso ali stilsko oblikovan penthouse, zagotavljamo vrhunsko izku\u0161njo gostov in poskrbimo za dodatne operativne potrebe.<br>\n<\/div>\n<\/div>\n<\/div>\n<\/div><\/div>\n<\/section><section class=\"bde-section-308-195 bde-section\">\n  \n  \n\t\n\n\n\n<div class=\"section-container\"><div class=\"bde-div-308-196 bde-div\">\n              \n  \n  \n\t\n\n  <div class=\"section-background-overlay\"><\/div>\n\n\n<h2 class=\"bde-heading-308-197 bde-heading\">\nSte pripravljeni, da va\u0161a nepremi\u010dnina dela za vas?\n<\/h2><div class=\"bde-text-308-198 bde-text\">\nPogovorimo se o tem, kako lahko va\u0161a nepremi\u010dnina v Zadrski \u017eupaniji prina\u0161a dohodek, medtem ko se vi spro\u0161\u010date v tujini. Brezpla\u010dno svetovanje - ni\u010d obveznosti.<br>\n<\/div><div class=\"bde-button-308-199 bde-button\">\n    \n                        \n                        \n    \n    \n    \n    \n            \n                    \n            \n                           \n                       \n                 \n\n    \n    \n    \n                    \n    \n    <a class=\"breakdance-link button-atom button-atom--custom bde-button__button\" href=\"#\" target=\"_self\" data-type=\"action\"  data-action='{\"type\":\"popup\",\"popupOptions\":{\"popupId\":\"151\"}}' >\n\n    \n        <span class=\"button-atom__text\">Rezervirajte moje brezpla\u010dno posvetovanje z lastnikom<\/span>\n\n        \n        \n                <\/a>\n\n    \n\n\n<\/div>\n<\/div><\/div>\n<\/section>","protected":false},"excerpt":{"rendered":"<p>Full-Service Property Management for Owners Who Don\u2019t Live Here. You own a holiday home or apartment in Zadar County \u2014 maybe you live abroad, or far from the coast, yet you want strong rental income and zero operational headache. At Molly Property Management, we become your local team: bookings \u2705 guests \u2705 cleaning \u2705 maintenance [&hellip;]<\/p>","protected":false},"author":1,"featured_media":0,"parent":0,"menu_order":0,"comment_status":"closed","ping_status":"closed","template":"","meta":{"_acf_changed":false,"_breakdance_hide_in_design_set":false,"_breakdance_tags":"","footnotes":""},"class_list":["post-308","page","type-page","status-publish","hentry"],"acf":[],"_links":{"self":[{"href":"https:\/\/mollyproperty.com\/sl\/wp-json\/wp\/v2\/pages\/308","targetHints":{"allow":["GET"]}}],"collection":[{"href":"https:\/\/mollyproperty.com\/sl\/wp-json\/wp\/v2\/pages"}],"about":[{"href":"https:\/\/mollyproperty.com\/sl\/wp-json\/wp\/v2\/types\/page"}],"author":[{"embeddable":true,"href":"https:\/\/mollyproperty.com\/sl\/wp-json\/wp\/v2\/users\/1"}],"replies":[{"embeddable":true,"href":"https:\/\/mollyproperty.com\/sl\/wp-json\/wp\/v2\/comments?post=308"}],"version-history":[{"count":33,"href":"https:\/\/mollyproperty.com\/sl\/wp-json\/wp\/v2\/pages\/308\/revisions"}],"predecessor-version":[{"id":468,"href":"https:\/\/mollyproperty.com\/sl\/wp-json\/wp\/v2\/pages\/308\/revisions\/468"}],"wp:attachment":[{"href":"https:\/\/mollyproperty.com\/sl\/wp-json\/wp\/v2\/media?parent=308"}],"curies":[{"name":"wp","href":"https:\/\/api.w.org\/{rel}","templated":true}]}}