{"id":149,"date":"2024-12-04T17:51:07","date_gmt":"2024-12-04T17:51:07","guid":{"rendered":"https:\/\/mollyproperty.com\/?page_id=149"},"modified":"2026-03-26T11:02:24","modified_gmt":"2026-03-26T11:02:24","slug":"about-us","status":"publish","type":"page","link":"https:\/\/mollyproperty.com\/sl\/about-us\/","title":{"rendered":"O nas"},"content":{"rendered":"<section class=\"bde-section-149-100 bde-section\">\n              \n  \n  \n\t\n\n  <div class=\"section-background-overlay\"><\/div>\n\n\n<div class=\"section-container\"><h1 class=\"bde-heading-149-104 bde-heading\">\nVa\u0161a lokalna ekipa v Zadrski \u017eupaniji - upravljanje va\u0161e nepremi\u010dnine, kot da bi bili tukaj\n<\/h1><div class=\"bde-text-149-252 bde-text\">\nIdealno za lastnike, ki \u017eivijo v tujini ali zunaj Zadra.<br>Za\u0161\u010ditimo va\u0161o nepremi\u010dnino, pove\u010damo dohodek od najema in poskrbimo za vse podrobnosti, medtem ko vi u\u017eivate v miru.\n<\/div><\/div>\n<\/section><section class=\"bde-section-149-130 bde-section\">\n  \n  \n\t\n\n\n\n<div class=\"section-container\"><h3 class=\"bde-heading-149-160 bde-heading\">\nZa va\u0161o nepremi\u010dnino skrbimo, kot da bi bila na\u0161a lastna<br>\n<\/h3><div class=\"bde-rich-text-149-253 bde-rich-text breakdance-rich-text-styles\">\n<p>Lastni\u0161tvo po\u010ditni\u0161ke hi\u0161e ali nalo\u017ebenega stanovanja v Zadarski \u017eupaniji bi moralo biti vznemirljivo in ne stresno. Toda ko \u017eivite v tujini ali nekaj ur stran od obale, postane upravljanje vsega preobremenjujo\u010de. Sporo\u010dila gostov, prijave, \u010di\u0161\u010denje, popravila, pranje, vzdr\u017eevanje, lokalni predpisi ... in vas sploh ni tukaj.<\/p><p>Ustanovili smo <b>Upravljanje nepremi\u010dnin Molly<\/b> za re\u0161evanje to\u010dno te te\u017eave.<\/p><p>Na\u0161e poslanstvo je preprosto:<\/p><p>Lastnikom nepremi\u010dnin, ki niso lokalni lastniki, ponuditi zaupanja vrednega, celovitega in u\u010dinkovitega partnerja za upravljanje, ki poskrbi za vse - od A do \u017d -, da va\u0161a nepremi\u010dnina zaslu\u017ei ve\u010d, vi pa ostanete brez skrbi.<\/p>\n<\/div><\/div>\n<\/section><section class=\"bde-section-149-254 bde-section\">\n  \n  \n\t\n\n\n\n        <div class=\"section-shape-divider-wrapper section-shape-divider-wrapper--1\">\n          <span class=\"section-shape-divider\">\n                      <svg\n                xmlns=\"http:\/\/www.w3.org\/2000\/svg\"\n                viewbox=\"0 0 1440 320\"\n                preserveaspectratio=\"none\"\n            >\n              <path d=\"M0 302.063s114.697-6.897 146.399-33.752c31.703-26.855 9.593-107.025 43.815-127.38 34.222-20.357 119.635 22.715 161.512 5.247 41.876-17.47 49.52-99.36 89.75-110.062 40.228-10.7 105.204 51.872 151.625 45.852C639.523 75.95 677.7 0 720 0s80.477 75.95 126.899 81.968c46.42 6.02 111.397-56.552 151.626-45.852 40.23 10.702 47.873 92.592 89.75 110.062 41.876 17.468 127.29-25.604 161.511-5.248 34.222 20.356 12.112 100.526 43.815 127.381C1325.303 295.166 1440 302.063 1440 302.063V320H0v-17.937Z\" fill=\"currentColor\"\/>\n            <\/svg>\n                    <\/span>\n      <\/div>\n  <div class=\"section-container\"><h3 class=\"bde-heading-149-289 bde-heading\">\nUstvarjeno za lastnike nepremi\u010dnin, ki niso lokalni in potrebujejo ekipo, ki ji lahko zaupajo\n<\/h3><div class=\"bde-div-149-293 bde-div\">\n  \n  \n\t\n\n\n\n<h5 class=\"bde-heading-149-290 bde-heading\">\nBistvenih nalog ne oddajamo v zunanje izvajanje.\n<\/h5><h5 class=\"bde-heading-149-295 bde-heading\">\nNe zmanj\u0161ujemo stro\u0161kov.<br>\n<\/h5><h5 class=\"bde-heading-149-296 bde-heading\">\nV \u010dasu sezone ne izginemo.\n<\/h5>\n<\/div><div class=\"bde-text-149-297 bde-text\">\nPonujamo vam to\u010dno to, kar smo si \u017eeleli, da bi imeli, ko smo upravljali lastne nepremi\u010dnine:<br>Strokovna, lokalna in odgovorna ekipa, ki ji lahko zaupate kjer koli na svetu.<br>\n<\/div><\/div>\n<\/section><section class=\"bde-section-149-251 bde-section\">\n  \n  \n\t\n\n\n\n        <div class=\"section-shape-divider-wrapper section-shape-divider-wrapper--1\">\n          <span class=\"section-shape-divider\">\n                      <svg\n                xmlns=\"http:\/\/www.w3.org\/2000\/svg\"\n                viewbox=\"0 0 1440 320\"\n                preserveaspectratio=\"none\"\n            >\n              <path d=\"M0 302.063s114.697-6.897 146.399-33.752c31.703-26.855 9.593-107.025 43.815-127.38 34.222-20.357 119.635 22.715 161.512 5.247 41.876-17.47 49.52-99.36 89.75-110.062 40.228-10.7 105.204 51.872 151.625 45.852C639.523 75.95 677.7 0 720 0s80.477 75.95 126.899 81.968c46.42 6.02 111.397-56.552 151.626-45.852 40.23 10.702 47.873 92.592 89.75 110.062 41.876 17.468 127.29-25.604 161.511-5.248 34.222 20.356 12.112 100.526 43.815 127.381C1325.303 295.166 1440 302.063 1440 302.063V320H0v-17.937Z\" fill=\"currentColor\"\/>\n            <\/svg>\n                    <\/span>\n      <\/div>\n  <div class=\"section-container\"><h3 class=\"bde-heading-149-299 bde-heading\">\nKaj smo dosegli za lastnike, kot ste vi\n<\/h3><div class=\"bde-stats-grid-149-133 bde-stats-grid\">\n  <div class='bde-stats-grid_item'>\n          \n    \n            <div class=\"bde-stats-grid_icon breakdance-icon-atom\" >\n    \n                    <svg xmlns=\"http:\/\/www.w3.org\/2000\/svg\" viewbox=\"0 0 576 512\"><!--! Font Awesome Free 6.5.1 by @fontawesome - https:\/\/fontawesome.com License - https:\/\/fontawesome.com\/license\/free (Icons: CC BY 4.0, Fonts: SIL OFL 1.1, Code: MIT License) Copyright 2023 Fonticons, Inc. --><path d=\"M575.8 255.5c0 18-15 32.1-32 32.1h-32l.7 160.2c.2 35.5-28.5 64.3-64 64.3H128.1c-35.3 0-64-28.7-64-64V287.6H32c-18 0-32-14-32-32.1c0-9 3-17 10-24L266.4 8c7-7 15-8 22-8s15 2 21 7L416 100.7V64c0-17.7 14.3-32 32-32h32c17.7 0 32 14.3 32 32V185l52.8 46.4c8 7 12 15 11 24zM248 192c-13.3 0-24 10.7-24 24v80c0 13.3 10.7 24 24 24h80c13.3 0 24-10.7 24-24V216c0-13.3-10.7-24-24-24H248z\"\/><\/svg>\n        \n        \n        \n            <\/div>\n    \n\n        <h3 class='bde-stats-grid_number' >\n     40+\n    <\/h3>\n    <p class='bde-stats-grid_text' >\n      Nepremi\u010dnine v upravljanju v Zadrski \u017eupaniji (stanovanja, vile in premium enote)\n    <\/p>\n  <\/div>\n  <div class='bde-stats-grid_item'>\n          \n    \n            <div class=\"bde-stats-grid_icon breakdance-icon-atom\" >\n    \n                    <svg xmlns=\"http:\/\/www.w3.org\/2000\/svg\" viewbox=\"0 0 512 512\"><!--! Font Awesome Free 6.5.1 by @fontawesome - https:\/\/fontawesome.com License - https:\/\/fontawesome.com\/license\/free (Icons: CC BY 4.0, Fonts: SIL OFL 1.1, Code: MIT License) Copyright 2023 Fonticons, Inc. --><path d=\"M470.7 9.4c3 3.1 5.3 6.6 6.9 10.3s2.4 7.8 2.4 12.2l0 .1v0 96c0 17.7-14.3 32-32 32s-32-14.3-32-32V109.3L310.6 214.6c-11.8 11.8-30.8 12.6-43.5 1.7L176 138.1 84.8 216.3c-13.4 11.5-33.6 9.9-45.1-3.5s-9.9-33.6 3.5-45.1l112-96c12-10.3 29.7-10.3 41.7 0l89.5 76.7L370.7 64H352c-17.7 0-32-14.3-32-32s14.3-32 32-32h96 0c8.8 0 16.8 3.6 22.6 9.3l.1 .1zM0 304c0-26.5 21.5-48 48-48H464c26.5 0 48 21.5 48 48V464c0 26.5-21.5 48-48 48H48c-26.5 0-48-21.5-48-48V304zM48 416v48H96c0-26.5-21.5-48-48-48zM96 304H48v48c26.5 0 48-21.5 48-48zM464 416c-26.5 0-48 21.5-48 48h48V416zM416 304c0 26.5 21.5 48 48 48V304H416zm-96 80a64 64 0 1 0 -128 0 64 64 0 1 0 128 0z\"\/><\/svg>\n        \n        \n        \n            <\/div>\n    \n\n        <h3 class='bde-stats-grid_number' >\n     \u20ac530,000+\n    <\/h3>\n    <p class='bde-stats-grid_text' >\n      Prihodki, ustvarjeni v letu 2025 za na\u0161e partnerje lastnike\n    <\/p>\n  <\/div>\n  <div class='bde-stats-grid_item'>\n          \n    \n            <div class=\"bde-stats-grid_icon breakdance-icon-atom\" >\n    \n                    <svg xmlns=\"http:\/\/www.w3.org\/2000\/svg\" viewbox=\"0 0 640 512\"><!--! Font Awesome Free 6.5.1 by @fontawesome - https:\/\/fontawesome.com License - https:\/\/fontawesome.com\/license\/free (Icons: CC BY 4.0, Fonts: SIL OFL 1.1, Code: MIT License) Copyright 2023 Fonticons, Inc. --><path d=\"M72 88a56 56 0 1 1 112 0A56 56 0 1 1 72 88zM64 245.7C54 256.9 48 271.8 48 288s6 31.1 16 42.3V245.7zm144.4-49.3C178.7 222.7 160 261.2 160 304c0 34.3 12 65.8 32 90.5V416c0 17.7-14.3 32-32 32H96c-17.7 0-32-14.3-32-32V389.2C26.2 371.2 0 332.7 0 288c0-61.9 50.1-112 112-112h32c24 0 46.2 7.5 64.4 20.3zM448 416V394.5c20-24.7 32-56.2 32-90.5c0-42.8-18.7-81.3-48.4-107.7C449.8 183.5 472 176 496 176h32c61.9 0 112 50.1 112 112c0 44.7-26.2 83.2-64 101.2V416c0 17.7-14.3 32-32 32H480c-17.7 0-32-14.3-32-32zm8-328a56 56 0 1 1 112 0A56 56 0 1 1 456 88zM576 245.7v84.7c10-11.3 16-26.1 16-42.3s-6-31.1-16-42.3zM320 32a64 64 0 1 1 0 128 64 64 0 1 1 0-128zM240 304c0 16.2 6 31 16 42.3V261.7c-10 11.3-16 26.1-16 42.3zm144-42.3v84.7c10-11.3 16-26.1 16-42.3s-6-31.1-16-42.3zM448 304c0 44.7-26.2 83.2-64 101.2V448c0 17.7-14.3 32-32 32H288c-17.7 0-32-14.3-32-32V405.2c-37.8-18-64-56.5-64-101.2c0-61.9 50.1-112 112-112h32c61.9 0 112 50.1 112 112z\"\/><\/svg>\n        \n        \n        \n            <\/div>\n    \n\n        <h3 class='bde-stats-grid_number' >\n     2,000+\n    <\/h3>\n    <p class='bde-stats-grid_text' >\n      Gostje, gostovani v letu 2025, z odli\u010dnim zadovoljstvom\n    <\/p>\n  <\/div>\n\n<\/div><div class=\"bde-button-149-161 bde-button\">\n    \n                        \n                        \n    \n    \n    \n    \n            \n                    \n            \n                           \n                       \n                 \n\n    \n    \n    \n                    \n    \n    <a class=\"breakdance-link button-atom button-atom--custom bde-button__button\" href=\"#\" target=\"_self\" data-type=\"action\"  data-action='{\"type\":\"popup\",\"popupOptions\":{\"popupId\":\"151\",\"popupAction\":\"open\"}}' >\n\n    \n        <span class=\"button-atom__text\">Zahtevajte brezpla\u010dno svetovanje<\/span>\n\n        \n        \n                <\/a>\n\n    \n\n\n<\/div><\/div>\n<\/section><section class=\"bde-section-149-213 bde-section\">\n  \n  \n\t\n\n\n\n<div class=\"section-container\"><h2 class=\"bde-heading-149-214 bde-heading\">\nPo \u010dem se razlikujemo\n<\/h2><div class=\"bde-text-149-300 bde-text\">\nZakaj lastniki, ki niso lokalni, izberejo dru\u017ebo Molly Property Management\n<\/div><div class=\"bde-columns-149-216 bde-columns\"><div class=\"bde-column-149-217 bde-column\">\n  \n  \n\t\n\n\n\n<h4 class=\"bde-heading-149-219 bde-heading\">\n1. Celovito upravljanje od za\u010detka do konca\n<\/h4><div class=\"bde-text-149-220 bde-text\">\nNe upravljate \u010distilcev, hi\u0161nih pomo\u010dnikov, koledarjev, prijav ali vpra\u0161anj gostov - za vse poskrbimo sami.\n<\/div><h4 class=\"bde-heading-149-222 bde-heading\">\n2. Osebni dotik, ki gradi zvestobo gostov\n<\/h4><div class=\"bde-text-149-223 bde-text\">\nZadovoljni gostje pomenijo vi\u0161je ocene, bolj\u0161o zasedenost in ve\u010d ponovnih bivanj, kar neposredno pove\u010duje va\u0161 prihodek.\n<\/div><h4 class=\"bde-heading-149-225 bde-heading\">\n3. Lokalno strokovno znanje, na katerega se lahko zanesete\n<\/h4><div class=\"bde-text-149-226 bde-text\">\nTu \u017eivimo, delamo in trg poznamo do potankosti.<br>Ni vam treba potovati - vse pokrivamo osebno.\n<\/div><h4 class=\"bde-heading-149-229 bde-heading\">\n4. Sezonska strategija, ki je uspe\u0161nej\u0161a od trga\n<\/h4><div class=\"bde-text-149-230 bde-text\">\nKoledarje ohranjamo odprte, optimiziramo cene in se prilagajamo tr\u017enim trendom, da bi zagotovili najve\u010djo zasedenost - rezultat je do 3\u00d7 ve\u010dja uspe\u0161nost od povpre\u010dne lokalne statistike.\n<\/div>\n<\/div><div class=\"bde-column-149-227 bde-column\">\n  \n  \n\t\n\n\n\n<h4 class=\"bde-heading-149-235 bde-heading\">\n5. Resni\u010dna preglednost in odgovornost\n<\/h4><div class=\"bde-text-149-236 bde-text\">\nMese\u010dna poro\u010dila lastnika, jasne raz\u010dlenitve prihodkov in pregledna izpla\u010dila.<br>Od koder koli na svetu natan\u010dno veste, kako je z va\u0161o nepremi\u010dnino.\n<\/div><h4 class=\"bde-heading-149-302 bde-heading\">\n6. Ni nam vseeno - resni\u010dno\n<\/h4><div class=\"bde-text-149-301 bde-text\">\nNismo brezobli\u010dna korporacija. Smo predana ekipa, ki si s ponosom prizadeva za odli\u010dnost.<br>Z va\u0161o lastnino ravnamo, kot da bi bila na\u0161a last - ker bi tako \u017eeleli, da se z njo ravna.\n<\/div>\n<\/div><\/div><\/div>\n<\/section><section class=\"bde-section-149-243 bde-section\">\n  \n  \n\t\n\n\n\n<div class=\"section-container\"><div class=\"bde-div-149-244 bde-div\">\n              \n  \n  \n\t\n\n  <div class=\"section-background-overlay\"><\/div>\n\n\n<h2 class=\"bde-heading-149-246 bde-heading\">\nSte pripravljeni videti, kaj lahko dose\u017ee va\u0161a nepremi\u010dnina?\n<\/h2><div class=\"bde-text-149-245 bde-text\">\nPogovorimo se o tem, kako lahko dru\u017eba Molly Property Management pove\u010da va\u0161 prihodek in zmanj\u0161a va\u0161 stres.\n<\/div><div class=\"bde-button-149-250 bde-button\">\n    \n                        \n                        \n    \n    \n    \n    \n            \n                    \n            \n                           \n                       \n                 \n\n    \n    \n    \n                    \n    \n    <a class=\"breakdance-link button-atom button-atom--custom bde-button__button\" href=\"#\" target=\"_self\" data-type=\"action\"  data-action='{\"type\":\"popup\",\"popupOptions\":{\"popupId\":\"151\"}}' >\n\n    \n        <span class=\"button-atom__text\">Pove\u010dajte svoj dohodek od nepremi\u010dnin zdaj!<\/span>\n\n        \n        \n                <\/a>\n\n    \n\n\n<\/div>\n<\/div><\/div>\n<\/section>","protected":false},"excerpt":{"rendered":"<p>Your Local Team in Zadar County \u2014 Managing Your Property Like You Were Here Perfect for owners who live abroad or outside Zadar.We protect your property, maximise your rental income, and handle every detail \u2014 while you enjoy peace of mind. We Take Care of Your Property Like It\u2019s Our Own Owning a holiday home [&hellip;]<\/p>","protected":false},"author":1,"featured_media":0,"parent":0,"menu_order":0,"comment_status":"closed","ping_status":"closed","template":"","meta":{"_acf_changed":false,"_breakdance_hide_in_design_set":false,"_breakdance_tags":"","footnotes":""},"class_list":["post-149","page","type-page","status-publish","hentry"],"acf":[],"_links":{"self":[{"href":"https:\/\/mollyproperty.com\/sl\/wp-json\/wp\/v2\/pages\/149","targetHints":{"allow":["GET"]}}],"collection":[{"href":"https:\/\/mollyproperty.com\/sl\/wp-json\/wp\/v2\/pages"}],"about":[{"href":"https:\/\/mollyproperty.com\/sl\/wp-json\/wp\/v2\/types\/page"}],"author":[{"embeddable":true,"href":"https:\/\/mollyproperty.com\/sl\/wp-json\/wp\/v2\/users\/1"}],"replies":[{"embeddable":true,"href":"https:\/\/mollyproperty.com\/sl\/wp-json\/wp\/v2\/comments?post=149"}],"version-history":[{"count":45,"href":"https:\/\/mollyproperty.com\/sl\/wp-json\/wp\/v2\/pages\/149\/revisions"}],"predecessor-version":[{"id":562,"href":"https:\/\/mollyproperty.com\/sl\/wp-json\/wp\/v2\/pages\/149\/revisions\/562"}],"wp:attachment":[{"href":"https:\/\/mollyproperty.com\/sl\/wp-json\/wp\/v2\/media?parent=149"}],"curies":[{"name":"wp","href":"https:\/\/api.w.org\/{rel}","templated":true}]}}