{"id":308,"date":"2024-12-10T04:21:32","date_gmt":"2024-12-10T04:21:32","guid":{"rendered":"https:\/\/mollyproperty.com\/?page_id=308"},"modified":"2025-11-16T15:01:47","modified_gmt":"2025-11-16T15:01:47","slug":"services","status":"publish","type":"page","link":"https:\/\/mollyproperty.com\/sk\/services\/","title":{"rendered":"Slu\u017eby"},"content":{"rendered":"<section class=\"bde-section-308-100 bde-section\">\n              \n  \n  \n\t\n\n  <div class=\"section-background-overlay\"><\/div>\n\n\n<div class=\"section-container\"><h1 class=\"bde-heading-308-101 bde-heading\">\nSpr\u00e1va nehnute\u013enost\u00ed s kompletn\u00fdmi slu\u017ebami pre majite\u013eov, ktor\u00ed tu ne\u017eij\u00fa.\n<\/h1><\/div>\n<\/section><section class=\"bde-section-308-102 bde-section\">\n  \n  \n\t\n\n\n\n<div class=\"section-container\"><div class=\"bde-text-308-294 bde-text\">\nVlastn\u00edte rekrea\u010dn\u00fd dom alebo apartm\u00e1n v Zadarskej \u017eupe - mo\u017eno \u017eijete v zahrani\u010d\u00ed alebo \u010faleko od pobre\u017eia, ale chcete ma\u0165 siln\u00fd pr\u00edjem z pren\u00e1jmu a nulov\u00e9 prev\u00e1dzkov\u00e9 starosti. V spolo\u010dnosti Molly Property Management sa staneme va\u0161\u00edm miestnym t\u00edmom: rezerv\u00e1cie \u2705 hostia \u2705 upratovanie \u2705 \u00fadr\u017eba \u2705 administrat\u00edva \u2705 To v\u0161etko, zatia\u013e \u010do vy zost\u00e1vate pre\u010d a len inkasujete v\u00fdplatu.\n<\/div><div class=\"bde-button-308-200 bde-button\">\n    \n                        \n                        \n    \n    \n    \n    \n            \n                    \n            \n                           \n                       \n                 \n\n    \n    \n    \n                    \n    \n    <a class=\"breakdance-link button-atom button-atom--custom bde-button__button\" href=\"#\" target=\"_self\" data-type=\"action\"  data-action='{\"type\":\"popup\",\"popupOptions\":{\"popupId\":\"151\"}}' >\n\n    \n        <span class=\"button-atom__text\">Rezervujte si bezplatn\u00fa konzult\u00e1ciu s majite\u013eom<\/span>\n\n        \n        \n                <\/a>\n\n    \n\n\n<\/div><\/div>\n<\/section><section class=\"bde-section-308-116 bde-section\">\n  \n  \n\t\n\n\n\n<div class=\"section-container\"><h2 class=\"bde-heading-308-117 bde-heading\">\n\u010co rob\u00edme - jeden partner, \u00fapln\u00fd pokoj<br>\n<\/h2><div class=\"bde-div-308-155 bde-div\">\n  \n  \n\t\n\n\n\n<div class=\"bde-text-308-156 bde-text\">\nOptimaliz\u00e1cia pr\u00edjmov a viackan\u00e1lov\u00e9 zoznamy\n<\/div><div class=\"bde-div-308-157 bde-div\">\n  \n  \n\t\n\n\n\n<div class=\"bde-icon-308-217 bde-icon\">\n\n    \n            <div class=\"bde-icon-icon breakdance-icon-atom\" >\n    \n                    <svg xmlns=\"http:\/\/www.w3.org\/2000\/svg\" viewbox=\"0 0 448 512\"><!--! Font Awesome Free 6.5.1 by @fontawesome - https:\/\/fontawesome.com License - https:\/\/fontawesome.com\/license\/free (Icons: CC BY 4.0, Fonts: SIL OFL 1.1, Code: MIT License) Copyright 2023 Fonticons, Inc. --><path d=\"M438.6 105.4c12.5 12.5 12.5 32.8 0 45.3l-256 256c-12.5 12.5-32.8 12.5-45.3 0l-128-128c-12.5-12.5-12.5-32.8 0-45.3s32.8-12.5 45.3 0L160 338.7 393.4 105.4c12.5-12.5 32.8-12.5 45.3 0z\"\/><\/svg>\n        \n        \n        \n            <\/div>\n    \n\n\n<\/div><div class=\"bde-div-308-218 bde-div\">\n  \n  \n\t\n\n\n\n<div class=\"bde-text-308-159 bde-text\">\nMaximalizujeme va\u0161e pr\u00edjmy v\u010faka dynamick\u00fdm cen\u00e1m, \u0161irok\u00e9mu pokrytiu platformy a preh\u013eadu o miestnom trhu - tak\u017ee va\u0161a nehnute\u013enos\u0165 zar\u00e1ba viac, aj ke\u010f nie ste nabl\u00edzku.\n<\/div>\n<\/div>\n<\/div>\n<\/div><div class=\"bde-div-308-295 bde-div\">\n  \n  \n\t\n\n\n\n<div class=\"bde-text-308-296 bde-text\">\nPodpora host\u00ed a spr\u00e1va prihlasovania\/odhlasovania\n<\/div><div class=\"bde-div-308-297 bde-div\">\n  \n  \n\t\n\n\n\n<div class=\"bde-icon-308-298 bde-icon\">\n\n    \n            <div class=\"bde-icon-icon breakdance-icon-atom\" >\n    \n                    <svg xmlns=\"http:\/\/www.w3.org\/2000\/svg\" viewbox=\"0 0 448 512\"><!--! Font Awesome Free 6.5.1 by @fontawesome - https:\/\/fontawesome.com License - https:\/\/fontawesome.com\/license\/free (Icons: CC BY 4.0, Fonts: SIL OFL 1.1, Code: MIT License) Copyright 2023 Fonticons, Inc. --><path d=\"M438.6 105.4c12.5 12.5 12.5 32.8 0 45.3l-256 256c-12.5 12.5-32.8 12.5-45.3 0l-128-128c-12.5-12.5-12.5-32.8 0-45.3s32.8-12.5 45.3 0L160 338.7 393.4 105.4c12.5-12.5 32.8-12.5 45.3 0z\"\/><\/svg>\n        \n        \n        \n            <\/div>\n    \n\n\n<\/div><div class=\"bde-div-308-299 bde-div\">\n  \n  \n\t\n\n\n\n<div class=\"bde-text-308-300 bde-text\">\nKomunik\u00e1cia s hos\u0165ami 24 hod\u00edn denne, 7 dn\u00ed v t\u00fd\u017edni, miestny t\u00edm v\u00edta alebo registruje host\u00ed, rie\u0161i probl\u00e9my - vy nemus\u00edte pohn\u00fa\u0165 ani prstom.\n<\/div>\n<\/div>\n<\/div>\n<\/div><div class=\"bde-div-308-301 bde-div\">\n  \n  \n\t\n\n\n\n<div class=\"bde-text-308-302 bde-text\">\nProfesion\u00e1lne upratovanie a \u010distenie bielizne\n<\/div><div class=\"bde-div-308-303 bde-div\">\n  \n  \n\t\n\n\n\n<div class=\"bde-icon-308-304 bde-icon\">\n\n    \n            <div class=\"bde-icon-icon breakdance-icon-atom\" >\n    \n                    <svg xmlns=\"http:\/\/www.w3.org\/2000\/svg\" viewbox=\"0 0 448 512\"><!--! Font Awesome Free 6.5.1 by @fontawesome - https:\/\/fontawesome.com License - https:\/\/fontawesome.com\/license\/free (Icons: CC BY 4.0, Fonts: SIL OFL 1.1, Code: MIT License) Copyright 2023 Fonticons, Inc. --><path d=\"M438.6 105.4c12.5 12.5 12.5 32.8 0 45.3l-256 256c-12.5 12.5-32.8 12.5-45.3 0l-128-128c-12.5-12.5-12.5-32.8 0-45.3s32.8-12.5 45.3 0L160 338.7 393.4 105.4c12.5-12.5 32.8-12.5 45.3 0z\"\/><\/svg>\n        \n        \n        \n            <\/div>\n    \n\n\n<\/div><div class=\"bde-div-308-305 bde-div\">\n  \n  \n\t\n\n\n\n<div class=\"bde-text-308-306 bde-text\">\nO ka\u017ed\u00fd pobyt sa postar\u00e1me od za\u010diatku a\u017e do konca: \u010distota, \u010dist\u00e1 bielize\u0148, pripravenos\u0165 pre host\u00ed - bez v\u00e1\u0161ho doh\u013eadu.\n<\/div>\n<\/div>\n<\/div>\n<\/div><div class=\"bde-div-308-307 bde-div\">\n  \n  \n\t\n\n\n\n<div class=\"bde-text-308-308 bde-text\">\n\u00dadr\u017eba a starostlivos\u0165 o majetok\n<\/div><div class=\"bde-div-308-309 bde-div\">\n  \n  \n\t\n\n\n\n<div class=\"bde-icon-308-310 bde-icon\">\n\n    \n            <div class=\"bde-icon-icon breakdance-icon-atom\" >\n    \n                    <svg xmlns=\"http:\/\/www.w3.org\/2000\/svg\" viewbox=\"0 0 448 512\"><!--! Font Awesome Free 6.5.1 by @fontawesome - https:\/\/fontawesome.com License - https:\/\/fontawesome.com\/license\/free (Icons: CC BY 4.0, Fonts: SIL OFL 1.1, Code: MIT License) Copyright 2023 Fonticons, Inc. --><path d=\"M438.6 105.4c12.5 12.5 12.5 32.8 0 45.3l-256 256c-12.5 12.5-32.8 12.5-45.3 0l-128-128c-12.5-12.5-12.5-32.8 0-45.3s32.8-12.5 45.3 0L160 338.7 393.4 105.4c12.5-12.5 32.8-12.5 45.3 0z\"\/><\/svg>\n        \n        \n        \n            <\/div>\n    \n\n\n<\/div><div class=\"bde-div-308-311 bde-div\">\n  \n  \n\t\n\n\n\n<div class=\"bde-text-308-312 bde-text\">\nBe\u017en\u00e9 kontroly, neodkladn\u00e9 opravy, starostlivos\u0165 o baz\u00e9n alebo v\u00edrivku - v\u00e1\u0161 majetok zostane v najlep\u0161om stave, aj ke\u010f \u017eijete v zahrani\u010d\u00ed.\n<\/div>\n<\/div>\n<\/div>\n<\/div><div class=\"bde-div-308-313 bde-div\">\n  \n  \n\t\n\n\n\n<div class=\"bde-text-308-314 bde-text\">\n\u00dapln\u00e1 zhoda a spr\u00e1va\n<\/div><div class=\"bde-div-308-315 bde-div\">\n  \n  \n\t\n\n\n\n<div class=\"bde-icon-308-316 bde-icon\">\n\n    \n            <div class=\"bde-icon-icon breakdance-icon-atom\" >\n    \n                    <svg xmlns=\"http:\/\/www.w3.org\/2000\/svg\" viewbox=\"0 0 448 512\"><!--! Font Awesome Free 6.5.1 by @fontawesome - https:\/\/fontawesome.com License - https:\/\/fontawesome.com\/license\/free (Icons: CC BY 4.0, Fonts: SIL OFL 1.1, Code: MIT License) Copyright 2023 Fonticons, Inc. --><path d=\"M438.6 105.4c12.5 12.5 12.5 32.8 0 45.3l-256 256c-12.5 12.5-32.8 12.5-45.3 0l-128-128c-12.5-12.5-12.5-32.8 0-45.3s32.8-12.5 45.3 0L160 338.7 393.4 105.4c12.5-12.5 32.8-12.5 45.3 0z\"\/><\/svg>\n        \n        \n        \n            <\/div>\n    \n\n\n<\/div><div class=\"bde-div-308-317 bde-div\">\n  \n  \n\t\n\n\n\n<div class=\"bde-text-308-318 bde-text\">\nPod\u00e1vame registr\u00e1cie host\u00ed, spravujeme miestne dane, zabezpe\u010dujeme s\u00falad s chorv\u00e1tskymi predpismi - vy len dost\u00e1vate pr\u00edjmy.\n<\/div>\n<\/div>\n<\/div>\n<\/div><div class=\"bde-div-308-319 bde-div\">\n  \n  \n\t\n\n\n\n<div class=\"bde-text-308-320 bde-text\">\nHl\u00e1senie vlastn\u00edkov a mesa\u010dn\u00e9 v\u00fdplaty\n<\/div><div class=\"bde-div-308-321 bde-div\">\n  \n  \n\t\n\n\n\n<div class=\"bde-icon-308-322 bde-icon\">\n\n    \n            <div class=\"bde-icon-icon breakdance-icon-atom\" >\n    \n                    <svg xmlns=\"http:\/\/www.w3.org\/2000\/svg\" viewbox=\"0 0 448 512\"><!--! Font Awesome Free 6.5.1 by @fontawesome - https:\/\/fontawesome.com License - https:\/\/fontawesome.com\/license\/free (Icons: CC BY 4.0, Fonts: SIL OFL 1.1, Code: MIT License) Copyright 2023 Fonticons, Inc. --><path d=\"M438.6 105.4c12.5 12.5 12.5 32.8 0 45.3l-256 256c-12.5 12.5-32.8 12.5-45.3 0l-128-128c-12.5-12.5-12.5-32.8 0-45.3s32.8-12.5 45.3 0L160 338.7 393.4 105.4c12.5-12.5 32.8-12.5 45.3 0z\"\/><\/svg>\n        \n        \n        \n            <\/div>\n    \n\n\n<\/div><div class=\"bde-div-308-323 bde-div\">\n  \n  \n\t\n\n\n\n<div class=\"bde-text-308-324 bde-text\">\nDost\u00e1vate preh\u013eadn\u00e9 mesa\u010dn\u00e9 v\u00fdpisy a vklady na svoj \u00fa\u010det - transparentn\u00e9, jednoduch\u00e9 a predv\u00eddate\u013en\u00e9.<br>\n<\/div>\n<\/div>\n<\/div>\n<\/div><div class=\"bde-div-308-325 bde-div\">\n  \n  \n\t\n\n\n\n<div class=\"bde-text-308-326 bde-text\">\nPr\u00e9miov\u00e9 vybavenie a luxusn\u00e1 podpora (apartm\u00e1ny alebo vily)\n<\/div><div class=\"bde-div-308-327 bde-div\">\n  \n  \n\t\n\n\n\n<div class=\"bde-icon-308-328 bde-icon\">\n\n    \n            <div class=\"bde-icon-icon breakdance-icon-atom\" >\n    \n                    <svg xmlns=\"http:\/\/www.w3.org\/2000\/svg\" viewbox=\"0 0 448 512\"><!--! Font Awesome Free 6.5.1 by @fontawesome - https:\/\/fontawesome.com License - https:\/\/fontawesome.com\/license\/free (Icons: CC BY 4.0, Fonts: SIL OFL 1.1, Code: MIT License) Copyright 2023 Fonticons, Inc. --><path d=\"M438.6 105.4c12.5 12.5 12.5 32.8 0 45.3l-256 256c-12.5 12.5-32.8 12.5-45.3 0l-128-128c-12.5-12.5-12.5-32.8 0-45.3s32.8-12.5 45.3 0L160 338.7 393.4 105.4c12.5-12.5 32.8-12.5 45.3 0z\"\/><\/svg>\n        \n        \n        \n            <\/div>\n    \n\n\n<\/div><div class=\"bde-div-308-329 bde-div\">\n  \n  \n\t\n\n\n\n<div class=\"bde-text-308-330 bde-text\">\nBez oh\u013eadu na to, \u010di je v\u00e1\u0161 objekt vybaven\u00fd baz\u00e9nom, v\u00edrivkou, stre\u0161nou terasou alebo \u0161t\u00fdlov\u00fdm penthousom, poskytujeme prvotriedny z\u00e1\u017eitok pre host\u00ed a postar\u00e1me sa o \u010fal\u0161ie prev\u00e1dzkov\u00e9 potreby.<br>\n<\/div>\n<\/div>\n<\/div>\n<\/div><\/div>\n<\/section><section class=\"bde-section-308-195 bde-section\">\n  \n  \n\t\n\n\n\n<div class=\"section-container\"><div class=\"bde-div-308-196 bde-div\">\n              \n  \n  \n\t\n\n  <div class=\"section-background-overlay\"><\/div>\n\n\n<h2 class=\"bde-heading-308-197 bde-heading\">\nSte pripraven\u00ed necha\u0165 svoju nehnute\u013enos\u0165 pracova\u0165 za v\u00e1s?\n<\/h2><div class=\"bde-text-308-198 bde-text\">\nPo\u010fme sa porozpr\u00e1va\u0165 o tom, ako m\u00f4\u017ee va\u0161a nehnute\u013enos\u0165 v Zadarskej \u017eupe prin\u00e1\u0161a\u0165 pr\u00edjem, zatia\u013e \u010do vy relaxujete v zahrani\u010d\u00ed. Bezplatn\u00e1 konzult\u00e1cia - \u017eiadne z\u00e1v\u00e4zky.<br>\n<\/div><div class=\"bde-button-308-199 bde-button\">\n    \n                        \n                        \n    \n    \n    \n    \n            \n                    \n            \n                           \n                       \n                 \n\n    \n    \n    \n                    \n    \n    <a class=\"breakdance-link button-atom button-atom--custom bde-button__button\" href=\"#\" target=\"_self\" data-type=\"action\"  data-action='{\"type\":\"popup\",\"popupOptions\":{\"popupId\":\"151\"}}' >\n\n    \n        <span class=\"button-atom__text\">Rezervujte si bezplatn\u00fa konzult\u00e1ciu s majite\u013eom<\/span>\n\n        \n        \n                <\/a>\n\n    \n\n\n<\/div>\n<\/div><\/div>\n<\/section>","protected":false},"excerpt":{"rendered":"<p>Full-Service Property Management for Owners Who Don\u2019t Live Here. You own a holiday home or apartment in Zadar County \u2014 maybe you live abroad, or far from the coast, yet you want strong rental income and zero operational headache. At Molly Property Management, we become your local team: bookings \u2705 guests \u2705 cleaning \u2705 maintenance [&hellip;]<\/p>","protected":false},"author":1,"featured_media":0,"parent":0,"menu_order":0,"comment_status":"closed","ping_status":"closed","template":"","meta":{"_acf_changed":false,"_breakdance_hide_in_design_set":false,"_breakdance_tags":"","footnotes":""},"class_list":["post-308","page","type-page","status-publish","hentry"],"acf":[],"_links":{"self":[{"href":"https:\/\/mollyproperty.com\/sk\/wp-json\/wp\/v2\/pages\/308","targetHints":{"allow":["GET"]}}],"collection":[{"href":"https:\/\/mollyproperty.com\/sk\/wp-json\/wp\/v2\/pages"}],"about":[{"href":"https:\/\/mollyproperty.com\/sk\/wp-json\/wp\/v2\/types\/page"}],"author":[{"embeddable":true,"href":"https:\/\/mollyproperty.com\/sk\/wp-json\/wp\/v2\/users\/1"}],"replies":[{"embeddable":true,"href":"https:\/\/mollyproperty.com\/sk\/wp-json\/wp\/v2\/comments?post=308"}],"version-history":[{"count":33,"href":"https:\/\/mollyproperty.com\/sk\/wp-json\/wp\/v2\/pages\/308\/revisions"}],"predecessor-version":[{"id":468,"href":"https:\/\/mollyproperty.com\/sk\/wp-json\/wp\/v2\/pages\/308\/revisions\/468"}],"wp:attachment":[{"href":"https:\/\/mollyproperty.com\/sk\/wp-json\/wp\/v2\/media?parent=308"}],"curies":[{"name":"wp","href":"https:\/\/api.w.org\/{rel}","templated":true}]}}