{"id":149,"date":"2024-12-04T17:51:07","date_gmt":"2024-12-04T17:51:07","guid":{"rendered":"https:\/\/mollyproperty.com\/?page_id=149"},"modified":"2026-03-26T11:02:24","modified_gmt":"2026-03-26T11:02:24","slug":"about-us","status":"publish","type":"page","link":"https:\/\/mollyproperty.com\/sk\/about-us\/","title":{"rendered":"O n\u00e1s"},"content":{"rendered":"<section class=\"bde-section-149-100 bde-section\">\n              \n  \n  \n\t\n\n  <div class=\"section-background-overlay\"><\/div>\n\n\n<div class=\"section-container\"><h1 class=\"bde-heading-149-104 bde-heading\">\nV\u00e1\u0161 miestny t\u00edm v Zadarskej \u017eupe - spr\u00e1va v\u00e1\u0161ho majetku, akoby ste tu boli vy\n<\/h1><div class=\"bde-text-149-252 bde-text\">\nIde\u00e1lne pre majite\u013eov, ktor\u00ed \u017eij\u00fa v zahrani\u010d\u00ed alebo mimo Zadaru.<br>Chr\u00e1nime v\u00e1\u0161 majetok, maximalizujeme va\u0161e pr\u00edjmy z pren\u00e1jmu a postar\u00e1me sa o ka\u017ed\u00fd detail - zatia\u013e \u010do vy si m\u00f4\u017eete u\u017e\u00edva\u0165 pokoj v du\u0161i.\n<\/div><\/div>\n<\/section><section class=\"bde-section-149-130 bde-section\">\n  \n  \n\t\n\n\n\n<div class=\"section-container\"><h3 class=\"bde-heading-149-160 bde-heading\">\nStar\u00e1me sa o v\u00e1\u0161 majetok ako o vlastn\u00fd<br>\n<\/h3><div class=\"bde-rich-text-149-253 bde-rich-text breakdance-rich-text-styles\">\n<p>Vlastni\u0165 rekrea\u010dn\u00fd dom alebo investi\u010dn\u00fd byt v Zadarskej \u017eupe by malo by\u0165 vzru\u0161uj\u00face - nie stresuj\u00face. Ale ke\u010f \u017eijete v zahrani\u010d\u00ed alebo nieko\u013eko hod\u00edn od pobre\u017eia, zvl\u00e1danie v\u0161etk\u00e9ho sa st\u00e1va ohromuj\u00facim. Spr\u00e1vy od host\u00ed, registr\u00e1cie, upratovanie, opravy, pranie, \u00fadr\u017eba, miestne predpisy... a to tu ani nie ste.<\/p><p>Zalo\u017eili sme <b>Spr\u00e1va nehnute\u013enost\u00ed Molly<\/b> vyrie\u0161i\u0165 presne tento probl\u00e9m.<\/p><p>Na\u0161e poslanie je jednoduch\u00e9:<\/p><p>Poskytn\u00fa\u0165 majite\u013eom nehnute\u013enost\u00ed, ktor\u00ed nie s\u00fa miestni, d\u00f4veryhodn\u00e9ho, komplexn\u00e9ho a vysoko v\u00fdkonn\u00e9ho partnera pre spr\u00e1vu, ktor\u00fd sa postar\u00e1 o v\u0161etko - od A po Z - aby va\u0161a nehnute\u013enos\u0165 zar\u00e1bala viac a vy ste zostali bez starost\u00ed.<\/p>\n<\/div><\/div>\n<\/section><section class=\"bde-section-149-254 bde-section\">\n  \n  \n\t\n\n\n\n        <div class=\"section-shape-divider-wrapper section-shape-divider-wrapper--1\">\n          <span class=\"section-shape-divider\">\n                      <svg\n                xmlns=\"http:\/\/www.w3.org\/2000\/svg\"\n                viewbox=\"0 0 1440 320\"\n                preserveaspectratio=\"none\"\n            >\n              <path d=\"M0 302.063s114.697-6.897 146.399-33.752c31.703-26.855 9.593-107.025 43.815-127.38 34.222-20.357 119.635 22.715 161.512 5.247 41.876-17.47 49.52-99.36 89.75-110.062 40.228-10.7 105.204 51.872 151.625 45.852C639.523 75.95 677.7 0 720 0s80.477 75.95 126.899 81.968c46.42 6.02 111.397-56.552 151.626-45.852 40.23 10.702 47.873 92.592 89.75 110.062 41.876 17.468 127.29-25.604 161.511-5.248 34.222 20.356 12.112 100.526 43.815 127.381C1325.303 295.166 1440 302.063 1440 302.063V320H0v-17.937Z\" fill=\"currentColor\"\/>\n            <\/svg>\n                    <\/span>\n      <\/div>\n  <div class=\"section-container\"><h3 class=\"bde-heading-149-289 bde-heading\">\nVytvoren\u00e9 pre nemiestnych vlastn\u00edkov nehnute\u013enost\u00ed, ktor\u00ed potrebuj\u00fa t\u00edm, ktor\u00e9mu m\u00f4\u017eu d\u00f4verova\u0165\n<\/h3><div class=\"bde-div-149-293 bde-div\">\n  \n  \n\t\n\n\n\n<h5 class=\"bde-heading-149-290 bde-heading\">\nZ\u00e1kladn\u00e9 \u00falohy nezad\u00e1vame extern\u00fdm dod\u00e1vate\u013eom.\n<\/h5><h5 class=\"bde-heading-149-295 bde-heading\">\nNevyh\u00fdbame sa \u017eiadnym z\u00e1kutiam.<br>\n<\/h5><h5 class=\"bde-heading-149-296 bde-heading\">\nPo\u010das sez\u00f3ny sa nestrat\u00edme.\n<\/h5>\n<\/div><div class=\"bde-text-149-297 bde-text\">\nPoskytujeme v\u00e1m presne to, \u010do sme si priali ma\u0165 pri spr\u00e1ve vlastn\u00fdch nehnute\u013enost\u00ed:<br>Profesion\u00e1lny, miestny a zodpovedn\u00fd t\u00edm, ktor\u00e9mu m\u00f4\u017eete d\u00f4verova\u0165 odkia\u013eko\u013evek na svete.<br>\n<\/div><\/div>\n<\/section><section class=\"bde-section-149-251 bde-section\">\n  \n  \n\t\n\n\n\n        <div class=\"section-shape-divider-wrapper section-shape-divider-wrapper--1\">\n          <span class=\"section-shape-divider\">\n                      <svg\n                xmlns=\"http:\/\/www.w3.org\/2000\/svg\"\n                viewbox=\"0 0 1440 320\"\n                preserveaspectratio=\"none\"\n            >\n              <path d=\"M0 302.063s114.697-6.897 146.399-33.752c31.703-26.855 9.593-107.025 43.815-127.38 34.222-20.357 119.635 22.715 161.512 5.247 41.876-17.47 49.52-99.36 89.75-110.062 40.228-10.7 105.204 51.872 151.625 45.852C639.523 75.95 677.7 0 720 0s80.477 75.95 126.899 81.968c46.42 6.02 111.397-56.552 151.626-45.852 40.23 10.702 47.873 92.592 89.75 110.062 41.876 17.468 127.29-25.604 161.511-5.248 34.222 20.356 12.112 100.526 43.815 127.381C1325.303 295.166 1440 302.063 1440 302.063V320H0v-17.937Z\" fill=\"currentColor\"\/>\n            <\/svg>\n                    <\/span>\n      <\/div>\n  <div class=\"section-container\"><h3 class=\"bde-heading-149-299 bde-heading\">\n\u010co sme dosiahli pre majite\u013eov, ako ste vy\n<\/h3><div class=\"bde-stats-grid-149-133 bde-stats-grid\">\n  <div class='bde-stats-grid_item'>\n          \n    \n            <div class=\"bde-stats-grid_icon breakdance-icon-atom\" >\n    \n                    <svg xmlns=\"http:\/\/www.w3.org\/2000\/svg\" viewbox=\"0 0 576 512\"><!--! Font Awesome Free 6.5.1 by @fontawesome - https:\/\/fontawesome.com License - https:\/\/fontawesome.com\/license\/free (Icons: CC BY 4.0, Fonts: SIL OFL 1.1, Code: MIT License) Copyright 2023 Fonticons, Inc. --><path d=\"M575.8 255.5c0 18-15 32.1-32 32.1h-32l.7 160.2c.2 35.5-28.5 64.3-64 64.3H128.1c-35.3 0-64-28.7-64-64V287.6H32c-18 0-32-14-32-32.1c0-9 3-17 10-24L266.4 8c7-7 15-8 22-8s15 2 21 7L416 100.7V64c0-17.7 14.3-32 32-32h32c17.7 0 32 14.3 32 32V185l52.8 46.4c8 7 12 15 11 24zM248 192c-13.3 0-24 10.7-24 24v80c0 13.3 10.7 24 24 24h80c13.3 0 24-10.7 24-24V216c0-13.3-10.7-24-24-24H248z\"\/><\/svg>\n        \n        \n        \n            <\/div>\n    \n\n        <h3 class='bde-stats-grid_number' >\n     40+\n    <\/h3>\n    <p class='bde-stats-grid_text' >\n      Spravovan\u00e9 nehnute\u013enosti v Zadarskej \u017eupe (apartm\u00e1ny, vily a pr\u00e9miov\u00e9 jednotky)\n    <\/p>\n  <\/div>\n  <div class='bde-stats-grid_item'>\n          \n    \n            <div class=\"bde-stats-grid_icon breakdance-icon-atom\" >\n    \n                    <svg xmlns=\"http:\/\/www.w3.org\/2000\/svg\" viewbox=\"0 0 512 512\"><!--! Font Awesome Free 6.5.1 by @fontawesome - https:\/\/fontawesome.com License - https:\/\/fontawesome.com\/license\/free (Icons: CC BY 4.0, Fonts: SIL OFL 1.1, Code: MIT License) Copyright 2023 Fonticons, Inc. --><path d=\"M470.7 9.4c3 3.1 5.3 6.6 6.9 10.3s2.4 7.8 2.4 12.2l0 .1v0 96c0 17.7-14.3 32-32 32s-32-14.3-32-32V109.3L310.6 214.6c-11.8 11.8-30.8 12.6-43.5 1.7L176 138.1 84.8 216.3c-13.4 11.5-33.6 9.9-45.1-3.5s-9.9-33.6 3.5-45.1l112-96c12-10.3 29.7-10.3 41.7 0l89.5 76.7L370.7 64H352c-17.7 0-32-14.3-32-32s14.3-32 32-32h96 0c8.8 0 16.8 3.6 22.6 9.3l.1 .1zM0 304c0-26.5 21.5-48 48-48H464c26.5 0 48 21.5 48 48V464c0 26.5-21.5 48-48 48H48c-26.5 0-48-21.5-48-48V304zM48 416v48H96c0-26.5-21.5-48-48-48zM96 304H48v48c26.5 0 48-21.5 48-48zM464 416c-26.5 0-48 21.5-48 48h48V416zM416 304c0 26.5 21.5 48 48 48V304H416zm-96 80a64 64 0 1 0 -128 0 64 64 0 1 0 128 0z\"\/><\/svg>\n        \n        \n        \n            <\/div>\n    \n\n        <h3 class='bde-stats-grid_number' >\n     \u20ac530,000+\n    <\/h3>\n    <p class='bde-stats-grid_text' >\n      Pr\u00edjmy na\u0161ich partnerov - vlastn\u00edkov v roku 2025\n    <\/p>\n  <\/div>\n  <div class='bde-stats-grid_item'>\n          \n    \n            <div class=\"bde-stats-grid_icon breakdance-icon-atom\" >\n    \n                    <svg xmlns=\"http:\/\/www.w3.org\/2000\/svg\" viewbox=\"0 0 640 512\"><!--! Font Awesome Free 6.5.1 by @fontawesome - https:\/\/fontawesome.com License - https:\/\/fontawesome.com\/license\/free (Icons: CC BY 4.0, Fonts: SIL OFL 1.1, Code: MIT License) Copyright 2023 Fonticons, Inc. --><path d=\"M72 88a56 56 0 1 1 112 0A56 56 0 1 1 72 88zM64 245.7C54 256.9 48 271.8 48 288s6 31.1 16 42.3V245.7zm144.4-49.3C178.7 222.7 160 261.2 160 304c0 34.3 12 65.8 32 90.5V416c0 17.7-14.3 32-32 32H96c-17.7 0-32-14.3-32-32V389.2C26.2 371.2 0 332.7 0 288c0-61.9 50.1-112 112-112h32c24 0 46.2 7.5 64.4 20.3zM448 416V394.5c20-24.7 32-56.2 32-90.5c0-42.8-18.7-81.3-48.4-107.7C449.8 183.5 472 176 496 176h32c61.9 0 112 50.1 112 112c0 44.7-26.2 83.2-64 101.2V416c0 17.7-14.3 32-32 32H480c-17.7 0-32-14.3-32-32zm8-328a56 56 0 1 1 112 0A56 56 0 1 1 456 88zM576 245.7v84.7c10-11.3 16-26.1 16-42.3s-6-31.1-16-42.3zM320 32a64 64 0 1 1 0 128 64 64 0 1 1 0-128zM240 304c0 16.2 6 31 16 42.3V261.7c-10 11.3-16 26.1-16 42.3zm144-42.3v84.7c10-11.3 16-26.1 16-42.3s-6-31.1-16-42.3zM448 304c0 44.7-26.2 83.2-64 101.2V448c0 17.7-14.3 32-32 32H288c-17.7 0-32-14.3-32-32V405.2c-37.8-18-64-56.5-64-101.2c0-61.9 50.1-112 112-112h32c61.9 0 112 50.1 112 112z\"\/><\/svg>\n        \n        \n        \n            <\/div>\n    \n\n        <h3 class='bde-stats-grid_number' >\n     2,000+\n    <\/h3>\n    <p class='bde-stats-grid_text' >\n      Hostia ubytovan\u00ed v roku 2025 s vynikaj\u00facou spokojnos\u0165ou\n    <\/p>\n  <\/div>\n\n<\/div><div class=\"bde-button-149-161 bde-button\">\n    \n                        \n                        \n    \n    \n    \n    \n            \n                    \n            \n                           \n                       \n                 \n\n    \n    \n    \n                    \n    \n    <a class=\"breakdance-link button-atom button-atom--custom bde-button__button\" href=\"#\" target=\"_self\" data-type=\"action\"  data-action='{\"type\":\"popup\",\"popupOptions\":{\"popupId\":\"151\",\"popupAction\":\"open\"}}' >\n\n    \n        <span class=\"button-atom__text\">Vy\u017eiadajte si bezplatn\u00fa konzult\u00e1ciu<\/span>\n\n        \n        \n                <\/a>\n\n    \n\n\n<\/div><\/div>\n<\/section><section class=\"bde-section-149-213 bde-section\">\n  \n  \n\t\n\n\n\n<div class=\"section-container\"><h2 class=\"bde-heading-149-214 bde-heading\">\n\u010c\u00edm sa l\u00ed\u0161ime\n<\/h2><div class=\"bde-text-149-300 bde-text\">\nPre\u010do si majitelia, ktor\u00ed nie s\u00fa miestni, vyberaj\u00fa spolo\u010dnos\u0165 Molly Property Management\n<\/div><div class=\"bde-columns-149-216 bde-columns\"><div class=\"bde-column-149-217 bde-column\">\n  \n  \n\t\n\n\n\n<h4 class=\"bde-heading-149-219 bde-heading\">\n1. \u00dapln\u00e1 spr\u00e1va od za\u010diatku do konca\n<\/h4><div class=\"bde-text-149-220 bde-text\">\nNemus\u00edte sa stara\u0165 o upratova\u010dky, \u00fadr\u017eb\u00e1rov, kalend\u00e1re, check-iny ani probl\u00e9my host\u00ed - v\u0161etko zvl\u00e1dneme my, priamo u v\u00e1s.\n<\/div><h4 class=\"bde-heading-149-222 bde-heading\">\n2. Osobn\u00fd pr\u00edstup, ktor\u00fd buduje lojalitu host\u00ed\n<\/h4><div class=\"bde-text-149-223 bde-text\">\nSpokojn\u00ed hostia znamenaj\u00fa vy\u0161\u0161ie hodnotenie, lep\u0161iu obsadenos\u0165 a viac opakovan\u00fdch pobytov, \u010do priamo zvy\u0161uje v\u00e1\u0161 pr\u00edjem.\n<\/div><h4 class=\"bde-heading-149-225 bde-heading\">\n3. Miestna odbornos\u0165, na ktor\u00fa sa m\u00f4\u017eete spo\u013eahn\u00fa\u0165\n<\/h4><div class=\"bde-text-149-226 bde-text\">\n\u017dijeme tu, pracujeme tu a pozn\u00e1me trh do h\u013abky.<br>Nemus\u00edte cestova\u0165 - v\u0161etko zabezpe\u010d\u00edme osobne.\n<\/div><h4 class=\"bde-heading-149-229 bde-heading\">\n4. Sez\u00f3nna strat\u00e9gia, ktor\u00e1 prekon\u00e1va trh\n<\/h4><div class=\"bde-text-149-230 bde-text\">\nUdr\u017eiavame otvoren\u00e9 kalend\u00e1re, optimalizujeme ceny a prisp\u00f4sobujeme sa trhov\u00fdm trendom, aby sme zabezpe\u010dili maxim\u00e1lnu obsadenos\u0165 - v\u00fdsledkom je a\u017e 3\u00d7 vy\u0161\u0161\u00ed v\u00fdkon ako priemern\u00e9 miestne \u0161tatistiky.\n<\/div>\n<\/div><div class=\"bde-column-149-227 bde-column\">\n  \n  \n\t\n\n\n\n<h4 class=\"bde-heading-149-235 bde-heading\">\n5. Skuto\u010dn\u00e1 transparentnos\u0165 a zodpovednos\u0165\n<\/h4><div class=\"bde-text-149-236 bde-text\">\nMesa\u010dn\u00e9 spr\u00e1vy vlastn\u00edka, preh\u013eadn\u00e9 rozdelenie pr\u00edjmov a transparentn\u00e9 v\u00fdplaty.<br>Odkia\u013eko\u013evek na svete presne viete, ako si va\u0161a nehnute\u013enos\u0165 vedie.\n<\/div><h4 class=\"bde-heading-149-302 bde-heading\">\n6. Star\u00e1me sa - skuto\u010dne\n<\/h4><div class=\"bde-text-149-301 bde-text\">\nNie sme korpor\u00e1cia bez tv\u00e1re. Sme oddan\u00fd t\u00edm, ktor\u00fd je hrd\u00fd na to, \u017ee sa usiluje o dokonalos\u0165.<br>S va\u0161\u00edm majetkom zaobch\u00e1dzame, akoby bol n\u00e1\u0161 vlastn\u00fd - preto\u017ee tak by sme chceli, aby sa s n\u00edm zaobch\u00e1dzalo.\n<\/div>\n<\/div><\/div><\/div>\n<\/section><section class=\"bde-section-149-243 bde-section\">\n  \n  \n\t\n\n\n\n<div class=\"section-container\"><div class=\"bde-div-149-244 bde-div\">\n              \n  \n  \n\t\n\n  <div class=\"section-background-overlay\"><\/div>\n\n\n<h2 class=\"bde-heading-149-246 bde-heading\">\nSte pripraven\u00ed zisti\u0165, \u010do m\u00f4\u017ee va\u0161a nehnute\u013enos\u0165 dosiahnu\u0165?\n<\/h2><div class=\"bde-text-149-245 bde-text\">\nPo\u010fme si pohovori\u0165 o tom, ako m\u00f4\u017ee spolo\u010dnos\u0165 Molly Property Management maximalizova\u0165 v\u00e1\u0161 pr\u00edjem a minimalizova\u0165 v\u00e1\u0161 stres\n<\/div><div class=\"bde-button-149-250 bde-button\">\n    \n                        \n                        \n    \n    \n    \n    \n            \n                    \n            \n                           \n                       \n                 \n\n    \n    \n    \n                    \n    \n    <a class=\"breakdance-link button-atom button-atom--custom bde-button__button\" href=\"#\" target=\"_self\" data-type=\"action\"  data-action='{\"type\":\"popup\",\"popupOptions\":{\"popupId\":\"151\"}}' >\n\n    \n        <span class=\"button-atom__text\">Maximalizujte svoj pr\u00edjem z nehnute\u013enosti teraz!<\/span>\n\n        \n        \n                <\/a>\n\n    \n\n\n<\/div>\n<\/div><\/div>\n<\/section>","protected":false},"excerpt":{"rendered":"<p>Your Local Team in Zadar County \u2014 Managing Your Property Like You Were Here Perfect for owners who live abroad or outside Zadar.We protect your property, maximise your rental income, and handle every detail \u2014 while you enjoy peace of mind. We Take Care of Your Property Like It\u2019s Our Own Owning a holiday home [&hellip;]<\/p>","protected":false},"author":1,"featured_media":0,"parent":0,"menu_order":0,"comment_status":"closed","ping_status":"closed","template":"","meta":{"_acf_changed":false,"_breakdance_hide_in_design_set":false,"_breakdance_tags":"","footnotes":""},"class_list":["post-149","page","type-page","status-publish","hentry"],"acf":[],"_links":{"self":[{"href":"https:\/\/mollyproperty.com\/sk\/wp-json\/wp\/v2\/pages\/149","targetHints":{"allow":["GET"]}}],"collection":[{"href":"https:\/\/mollyproperty.com\/sk\/wp-json\/wp\/v2\/pages"}],"about":[{"href":"https:\/\/mollyproperty.com\/sk\/wp-json\/wp\/v2\/types\/page"}],"author":[{"embeddable":true,"href":"https:\/\/mollyproperty.com\/sk\/wp-json\/wp\/v2\/users\/1"}],"replies":[{"embeddable":true,"href":"https:\/\/mollyproperty.com\/sk\/wp-json\/wp\/v2\/comments?post=149"}],"version-history":[{"count":45,"href":"https:\/\/mollyproperty.com\/sk\/wp-json\/wp\/v2\/pages\/149\/revisions"}],"predecessor-version":[{"id":562,"href":"https:\/\/mollyproperty.com\/sk\/wp-json\/wp\/v2\/pages\/149\/revisions\/562"}],"wp:attachment":[{"href":"https:\/\/mollyproperty.com\/sk\/wp-json\/wp\/v2\/media?parent=149"}],"curies":[{"name":"wp","href":"https:\/\/api.w.org\/{rel}","templated":true}]}}