{"id":533,"date":"2026-02-08T04:43:06","date_gmt":"2026-02-08T04:43:06","guid":{"rendered":"https:\/\/mollyproperty.com\/?page_id=533"},"modified":"2026-02-15T13:23:01","modified_gmt":"2026-02-15T13:23:01","slug":"partners","status":"publish","type":"page","link":"https:\/\/mollyproperty.com\/hu\/partners\/","title":{"rendered":"Partners"},"content":{"rendered":"<section class=\"bde-section-533-100 bde-section\">\n              \n  \n  \n\t\n\n  <div class=\"section-background-overlay\"><\/div>\n\n\n<div class=\"section-container\"><h1 class=\"bde-heading-533-101 bde-heading\">\nPartnerek \u00e9s aj\u00e1nl\u00f3program\n<\/h1><div class=\"bde-text-533-102 bde-text\">\nIngatlan\u00fcgyn\u00f6ks\u00e9gek, fejleszt\u0151k \u00e9s szakmai tan\u00e1csad\u00f3k sz\u00e1m\u00e1ra\n<\/div><\/div>\n<\/section><section class=\"bde-section-533-103 bde-section\">\n  \n  \n\t\n\n\n\n<div class=\"section-container\"><h3 class=\"bde-heading-533-104 bde-heading\">\nB\u00e9rbead\u00e1si \u00fczlet\u00e1gakat \u00fczemeltet\u00fcnk - az egyedi egys\u00e9gekt\u0151l a portf\u00f3li\u00f3kig\n<\/h3><div class=\"bde-rich-text-533-105 bde-rich-text breakdance-rich-text-styles\">\n<p>A Molly Property Management r\u00f6vid t\u00e1v\u00fa b\u00e9rbead\u00e1ssal foglalkoz\u00f3 v\u00e1llalkoz\u00e1sokat m\u0171k\u00f6dtet Zadar megye eg\u00e9sz ter\u00fclet\u00e9n - az egyes apartmanokt\u00f3l \u00e9s vill\u00e1kt\u00f3l a t\u00f6bb egys\u00e9gb\u0151l \u00e1ll\u00f3 portf\u00f3li\u00f3kig.<\/p><p>Teljes m\u00e9rt\u00e9kben mi ir\u00e1ny\u00edtjuk az \u00fczemeltet\u00e9st: \u00e1rk\u00e9pz\u00e9s, foglal\u00e1sok, vend\u00e9gek, takar\u00edt\u00e1s, karbantart\u00e1s \u00e9s megfelel\u00e9s - \u00edgy a tulajdonosok kisz\u00e1m\u00edthat\u00f3 havi kifizet\u00e9seket kapnak, nulla k\u00f6zrem\u0171k\u00f6d\u00e9s mellett.<\/p><p>Akt\u00edvan egy\u00fcttm\u0171k\u00f6d\u00fcnk ingatlan\u00fcgyn\u00f6ks\u00e9gekkel, fejleszt\u0151kkel, valamint ingatlantulajdonosokkal \u00e9s befektet\u0151kkel dolgoz\u00f3 szakmai tan\u00e1csad\u00f3kkal.<\/p>\n<\/div><\/div>\n<\/section><section class=\"bde-section-533-106 bde-section\">\n  \n  \n\t\n\n\n\n<div class=\"section-container\"><div class=\"bde-columns-533-184 bde-columns\"><div class=\"bde-column-533-185 bde-column\">\n  \n  \n\t\n\n\n\n<h3 class=\"bde-heading-533-107 bde-heading\">\nKinek sz\u00f3l ez a partners\u00e9g\n<\/h3><div class=\"bde-div-533-108 bde-div\">\n  \n  \n\t\n\n\n\n<div class=\"bde-checkmark-list-533-113 bde-checkmark-list\">\n<ul>\n  \n              \n              \n    <li>\n      <span class='bde-checkmark-list__icon bde-checkmark-list__icon_yes'>\n                  <svg xmlns=\"http:\/\/www.w3.org\/2000\/svg\" viewbox=\"0 0 24 24\"><path d=\"M18.71,7.21a1,1,0,0,0-1.42,0L9.84,14.67,6.71,11.53A1,1,0,1,0,5.29,13l3.84,3.84a1,1,0,0,0,1.42,0l8.16-8.16A1,1,0,0,0,18.71,7.21Z\"\/><\/svg>\n              <\/span>\n      <div >\n        Lak\u00f3\u00e9p\u00fcleteket vagy vegyes felhaszn\u00e1l\u00e1s\u00fa projekteket \u00e9rt\u00e9kes\u00edt\u0151 fejleszt\u0151k vagy \u00fcgyn\u00f6ks\u00e9gek\n      <\/div>\n\n    <\/li>\n\n  \n              \n              \n    <li>\n      <span class='bde-checkmark-list__icon bde-checkmark-list__icon_yes'>\n                  <svg xmlns=\"http:\/\/www.w3.org\/2000\/svg\" viewbox=\"0 0 24 24\"><path d=\"M18.71,7.21a1,1,0,0,0-1.42,0L9.84,14.67,6.71,11.53A1,1,0,1,0,5.29,13l3.84,3.84a1,1,0,0,0,1.42,0l8.16-8.16A1,1,0,0,0,18.71,7.21Z\"\/><\/svg>\n              <\/span>\n      <div >\n        K\u00f6nyvel\u0151k \u00e9s jogi tan\u00e1csad\u00f3k b\u00e9rbead\u00f3 \u00fcgyfelekkel<br>\n      <\/div>\n\n    <\/li>\n\n  \n              \n              \n    <li>\n      <span class='bde-checkmark-list__icon bde-checkmark-list__icon_yes'>\n                  <svg xmlns=\"http:\/\/www.w3.org\/2000\/svg\" viewbox=\"0 0 24 24\"><path d=\"M18.71,7.21a1,1,0,0,0-1.42,0L9.84,14.67,6.71,11.53A1,1,0,1,0,5.29,13l3.84,3.84a1,1,0,0,0,1.42,0l8.16-8.16A1,1,0,0,0,18.71,7.21Z\"\/><\/svg>\n              <\/span>\n      <div >\n        Lak\u00e1sok, vill\u00e1k vagy t\u00f6bblak\u00e1sos ingatlanok tulajdonosai<br>\n      <\/div>\n\n    <\/li>\n\n  \n              \n              \n    <li>\n      <span class='bde-checkmark-list__icon bde-checkmark-list__icon_yes'>\n                  <svg xmlns=\"http:\/\/www.w3.org\/2000\/svg\" viewbox=\"0 0 24 24\"><path d=\"M18.71,7.21a1,1,0,0,0-1.42,0L9.84,14.67,6.71,11.53A1,1,0,1,0,5.29,13l3.84,3.84a1,1,0,0,0,1.42,0l8.16-8.16A1,1,0,0,0,18.71,7.21Z\"\/><\/svg>\n              <\/span>\n      <div >\n         K\u00fclf\u00f6ldi vagy nem rezidens tulajdonosok, akik nem k\u00edv\u00e1nnak k\u00e9zben tartani a m\u0171veletet\n      <\/div>\n\n    <\/li>\n\n  <\/ul>\n\n<\/div>\n<\/div>\n<\/div><div class=\"bde-column-533-186 bde-column\">\n  \n  \n\t\n\n\n\n<h3 class=\"bde-heading-533-118 bde-heading\">\nKinek NEM sz\u00f3l ez a partners\u00e9g\n<\/h3><div class=\"bde-checkmark-list-533-119 bde-checkmark-list\">\n<ul>\n  \n              \n              \n    <li>\n      <span class='bde-checkmark-list__icon bde-checkmark-list__icon_no'>\n                  <svg xmlns=\"http:\/\/www.w3.org\/2000\/svg\" viewbox=\"0 0 24 24\"><path d=\"M13.41,12l4.3-4.29a1,1,0,1,0-1.42-1.42L12,10.59,7.71,6.29A1,1,0,0,0,6.29,7.71L10.59,12l-4.3,4.29a1,1,0,0,0,0,1.42,1,1,0,0,0,1.42,0L12,13.41l4.29,4.3a1,1,0,0,0,1.42,0,1,1,0,0,0,0-1.42Z\"\/><\/svg>\n              <\/span>\n      <div >\n        A tulajdonosok napi szint\u0171 bevon\u00e1st vagy mikromenedzsmentet keresnek\n      <\/div>\n\n    <\/li>\n\n  \n              \n              \n    <li>\n      <span class='bde-checkmark-list__icon bde-checkmark-list__icon_no'>\n                  <svg xmlns=\"http:\/\/www.w3.org\/2000\/svg\" viewbox=\"0 0 24 24\"><path d=\"M13.41,12l4.3-4.29a1,1,0,1,0-1.42-1.42L12,10.59,7.71,6.29A1,1,0,0,0,6.29,7.71L10.59,12l-4.3,4.29a1,1,0,0,0,0,1.42,1,1,0,0,0,1.42,0L12,13.41l4.29,4.3a1,1,0,0,0,1.42,0,1,1,0,0,0,0-1.42Z\"\/><\/svg>\n              <\/span>\n      <div >\n        R\u00f6vid t\u00e1v\u00fa vagy pr\u00f3baid\u0151re sz\u00f3l\u00f3 meg\u00e1llapod\u00e1sok<br>\n      <\/div>\n\n    <\/li>\n\n  \n              \n              \n    <li>\n      <span class='bde-checkmark-list__icon bde-checkmark-list__icon_no'>\n                  <svg xmlns=\"http:\/\/www.w3.org\/2000\/svg\" viewbox=\"0 0 24 24\"><path d=\"M13.41,12l4.3-4.29a1,1,0,1,0-1.42-1.42L12,10.59,7.71,6.29A1,1,0,0,0,6.29,7.71L10.59,12l-4.3,4.29a1,1,0,0,0,0,1.42,1,1,0,0,0,1.42,0L12,13.41l4.29,4.3a1,1,0,0,0,1.42,0,1,1,0,0,0,0-1.42Z\"\/><\/svg>\n              <\/span>\n      <div >\n        \u00c1rv\u00e1s\u00e1rl\u00f3 vagy m\u0171k\u00f6d\u00e9si szempontb\u00f3l ig\u00e9nyes \u00fcgyfelek\n      <\/div>\n\n    <\/li>\n\n  <\/ul>\n\n<\/div>\n<\/div><\/div><div class=\"bde-text-533-121 bde-text\">\nA hossz\u00fa t\u00e1v\u00fa, professzion\u00e1lis egy\u00fcttm\u0171k\u00f6d\u00e9sre \u00f6sszpontos\u00edtunk.\n<\/div><\/div>\n<\/section><section class=\"bde-section-533-122 bde-section\">\n  \n  \n\t\n\n\n\n<div class=\"section-container\"><h2 class=\"bde-heading-533-123 bde-heading\">\nHogyan m\u0171k\u00f6dik a partners\u00e9g\n<\/h2><div class=\"bde-div-533-144 bde-div\">\n  \n  \n\t\n\n\n\n<div class=\"bde-div-533-145 bde-div\">\n  \n  \n\t\n\n\n\n<h4 class=\"bde-heading-533-146 bde-heading\">\n1. l\u00e9p\u00e9s - Bevezet\u00e9s\n<\/h4><div class=\"bde-text-533-148 bde-text\">\n\u00d6n bemutat egy ingatlantulajdonost vagy befektet\u0151t a Molly Property Managementnek.\n<\/div>\n<\/div><div class=\"bde-div-533-149 bde-div\">\n  \n  \n\t\n\n\n\n<div class=\"bde-icon-533-150 bde-icon\">\n\n    \n            <div class=\"bde-icon-icon breakdance-icon-atom\" >\n    \n                    <svg xmlns=\"http:\/\/www.w3.org\/2000\/svg\" viewbox=\"0 0 640 512\"><!--! Font Awesome Free 6.5.1 by @fontawesome - https:\/\/fontawesome.com License - https:\/\/fontawesome.com\/license\/free (Icons: CC BY 4.0, Fonts: SIL OFL 1.1, Code: MIT License) Copyright 2023 Fonticons, Inc. --><path d=\"M272.2 64.6l-51.1 51.1c-15.3 4.2-29.5 11.9-41.5 22.5L153 161.9C142.8 171 129.5 176 115.8 176H96V304c20.4 .6 39.8 8.9 54.3 23.4l35.6 35.6 7 7 0 0L219.9 397c6.2 6.2 16.4 6.2 22.6 0c1.7-1.7 3-3.7 3.7-5.8c2.8-7.7 9.3-13.5 17.3-15.3s16.4 .6 22.2 6.5L296.5 393c11.6 11.6 30.4 11.6 41.9 0c5.4-5.4 8.3-12.3 8.6-19.4c.4-8.8 5.6-16.6 13.6-20.4s17.3-3 24.4 2.1c9.4 6.7 22.5 5.8 30.9-2.6c9.4-9.4 9.4-24.6 0-33.9L340.1 243l-35.8 33c-27.3 25.2-69.2 25.6-97 .9c-31.7-28.2-32.4-77.4-1.6-106.5l70.1-66.2C303.2 78.4 339.4 64 377.1 64c36.1 0 71 13.3 97.9 37.2L505.1 128H544h40 40c8.8 0 16 7.2 16 16V352c0 17.7-14.3 32-32 32H576c-11.8 0-22.2-6.4-27.7-16H463.4c-3.4 6.7-7.9 13.1-13.5 18.7c-17.1 17.1-40.8 23.8-63 20.1c-3.6 7.3-8.5 14.1-14.6 20.2c-27.3 27.3-70 30-100.4 8.1c-25.1 20.8-62.5 19.5-86-4.1L159 404l-7-7-35.6-35.6c-5.5-5.5-12.7-8.7-20.4-9.3C96 369.7 81.6 384 64 384H32c-17.7 0-32-14.3-32-32V144c0-8.8 7.2-16 16-16H56 96h19.8c2 0 3.9-.7 5.3-2l26.5-23.6C175.5 77.7 211.4 64 248.7 64H259c4.4 0 8.9 .2 13.2 .6zM544 320V176H496c-5.9 0-11.6-2.2-15.9-6.1l-36.9-32.8c-18.2-16.2-41.7-25.1-66.1-25.1c-25.4 0-49.8 9.7-68.3 27.1l-70.1 66.2c-10.3 9.8-10.1 26.3 .5 35.7c9.3 8.3 23.4 8.1 32.5-.3l71.9-66.4c9.7-9 24.9-8.4 33.9 1.4s8.4 24.9-1.4 33.9l-.8 .8 74.4 74.4c10 10 16.5 22.3 19.4 35.1H544zM64 336a16 16 0 1 0 -32 0 16 16 0 1 0 32 0zm528 16a16 16 0 1 0 0-32 16 16 0 1 0 0 32z\"\/><\/svg>\n        \n        \n        \n            <\/div>\n    \n\n\n<\/div><div class=\"bde-div-533-151 bde-div\">\n  \n  \n\t\n\n\n\n\n<\/div>\n<\/div>\n<\/div><div class=\"bde-div-533-152 bde-div\">\n  \n  \n\t\n\n\n\n<div class=\"bde-div-533-153 bde-div\">\n  \n  \n\t\n\n\n\n<div class=\"bde-icon-533-154 bde-icon\">\n\n    \n            <div class=\"bde-icon-icon breakdance-icon-atom\" >\n    \n                    <svg xmlns=\"http:\/\/www.w3.org\/2000\/svg\" width=\"24\" height=\"24\" viewbox=\"0 0 24 24\" fill-rule=\"evenodd\" clip-rule=\"evenodd\"><path d=\"M23.948 15.368c0-2.49-1.659-4.514-3.975-5.57l.027-.459c0-4.843-4.751-8.339-10-8.339-5.282 0-10 3.521-10 8.339 0 1.708.615 3.385 1.705 4.687.046 1.525-.851 3.713-1.66 5.308 2.168-.393 5.251-1.258 6.648-2.115.86.209 1.694.335 2.499.388 1.039 2.3 3.622 4.099 7.063 4.099.817 0 1.682-.103 2.583-.321 1.066.654 3.421 1.315 5.077 1.615-.618-1.218-1.303-2.888-1.268-4.053.833-.994 1.301-2.276 1.301-3.579zm-4.942 4.948c-.826.199-1.624.39-2.751.39-2.857 0-4.94-1.371-5.931-3.078 5.077-.099 8.712-3.187 9.508-6.798 1.866.952 3.116 2.626 3.116 4.538 0 .442.024 1.629-1.291 3.203-.022.732-.033 1.461.54 3.014-2.376-.642-2.981-1.14-3.191-1.269zm-12.481-4.167c-.599.368-1.569.986-4.737 1.782.865-2.133.938-3.232.906-4.281-.313-.373-1.694-1.853-1.694-4.311 0-4.047 4.038-7.339 9-7.339 4.963 0 9 3.292 9 7.339 0 3.511-3.412 7.3-8.924 7.3-1.603 0-2.821-.312-3.551-.49zm3.964-9.943c-.251-.764-1.577-.659-1.53.29-.143.313-.78 1.434-2.894 2.471-.667.326-1.065.928-1.065 1.607 0 1.11 1.023 1.804 2.085 1.643l1.043 1.153c.063.069.411.423.94.252l.608-.203c.506-.169.605-.749.377-1.085l-.538-.835c.566-.09 1.191-.018 1.454.039.199.236.552.34.846.237.41-.135.633-.579.49-1.019l-1.816-4.55zm-2.456 4.74l1.067 1.663-.292.098-1.411-1.559-.29.093c-.385.119-.919.068-1.103-.389-.147-.368 0-.797.478-1.031 2.193-1.077 3.017-2.284 3.297-2.835l1.45 3.64c-1.61-.392-2.974.241-3.196.32zm6.967-2.122c0 .155-.012.984-.36 1.68l-.868-.375c.372-.882.358-1.727.046-2.5-.32-.788-.909-1.4-1.771-1.759l.371-.87c.49.163 2.582 1.255 2.582 3.824zm-1.597-1.025c.299.736.248 1.545-.044 2.149l-.852-.355c.181-.466.252-.91.035-1.444-.202-.499-.553-.807-1.031-1.008l.362-.859c.764.319 1.261.854 1.53 1.517z\"\/><\/svg>\n        \n        \n        \n            <\/div>\n    \n\n\n<\/div><div class=\"bde-div-533-155 bde-div\">\n  \n  \n\t\n\n\n\n\n<\/div>\n<\/div><div class=\"bde-div-533-156 bde-div\">\n  \n  \n\t\n\n\n\n<h4 class=\"bde-heading-533-157 bde-heading\">\n2. l\u00e9p\u00e9s - Min\u0151s\u00edt\u00e9s \u00e9s beilleszked\u00e9s\n<\/h4><div class=\"bde-text-533-159 bde-text\">\nFelm\u00e9rj\u00fck az ingatlant, meger\u0151s\u00edtj\u00fck az \u00fczemeltet\u00e9si alkalmass\u00e1got, \u00e9s a szabv\u00e1nyos meg\u00e1llapod\u00e1sunk alapj\u00e1n felvessz\u00fck az \u00fcgyfelet.\n<\/div>\n<\/div>\n<\/div><div class=\"bde-div-533-160 bde-div\">\n  \n  \n\t\n\n\n\n<div class=\"bde-div-533-161 bde-div\">\n  \n  \n\t\n\n\n\n<h4 class=\"bde-heading-533-162 bde-heading\">\n3. l\u00e9p\u00e9s - M\u0171k\u00f6d\u00e9s \u00e9s bev\u00e9tel\n<\/h4><div class=\"bde-text-533-164 bde-text\">\nTeljes k\u00f6r\u0171en m\u0171k\u00f6dtetj\u00fck a b\u00e9rbead\u00e1si \u00fczlet\u00e1gat: \u00e1rk\u00e9pz\u00e9s, foglal\u00e1sok, vend\u00e9gek, takar\u00edt\u00e1s, karbantart\u00e1s \u00e9s megfelel\u00e9s.\n<\/div>\n<\/div><div class=\"bde-div-533-165 bde-div\">\n  \n  \n\t\n\n\n\n<div class=\"bde-icon-533-166 bde-icon\">\n\n    \n            <div class=\"bde-icon-icon breakdance-icon-atom\" >\n    \n                    <svg xmlns=\"http:\/\/www.w3.org\/2000\/svg\" width=\"24\" height=\"24\" viewbox=\"0 0 24 24\" fill-rule=\"evenodd\" clip-rule=\"evenodd\"><path d=\"M22 21c.53 0 1.039.211 1.414.586.376.375.586.884.586 1.414v1h-6v-1c0-1.104.896-2 2-2h2zm-7 0c.53 0 1.039.211 1.414.586.376.375.586.884.586 1.414v1h-6v-1c0-1.104.896-2 2-2h2zm7 1h-2c-.551 0-1 .448-1 1h4c0-.564-.461-1-1-1zm-7 0h-2c-.551 0-1 .448-1 1h4c0-.564-.461-1-1-1zm-6.758-1.216c-.025.679-.576 1.21-1.256 1.21-.64 0-1.179-.497-1.254-1.156l-.406-4.034-.317 4.019c-.051.656-.604 1.171-1.257 1.171-.681 0-1.235-.531-1.262-1.21l-.262-6.456-.308.555c-.241.437-.8.638-1.265.459-.404-.156-.655-.538-.655-.951 0-.093.012-.188.039-.283l1.134-4.098c.17-.601.725-1.021 1.351-1.021h4.096c.511 0 1.012-.178 1.285-.33.723-.403 2.439-1.369 3.136-1.793.394-.243.949-.147 1.24.217.32.396.286.95-.074 1.297l-3.048 2.906c-.375.359-.595.849-.617 1.381-.061 1.397-.3 8.117-.3 8.117zm-5.718-10.795c-.18 0-.34.121-.389.294-.295 1.04-1.011 3.666-1.134 4.098l1.511-2.593c.172-.295.623-.18.636.158l.341 8.797c.01.278.5.287.523.002 0 0 .269-3.35.308-3.944.041-.599.449-1.017.992-1.017.547.002.968.415 1.029 1.004.036.349.327 3.419.385 3.938.043.378.505.326.517.022 0 0 .239-6.725.3-8.124.033-.791.362-1.523.925-2.061l3.045-2.904c-.661.492-2.393 1.468-3.121 1.873-.396.221-1.07.457-1.772.457h-4.096zm18.476 6.011c-1.305 0-2.364 1.06-2.364 2.364 0 1.305 1.059 2.365 2.364 2.365s2.364-1.06 2.364-2.365c0-1.304-1.059-2.364-2.364-2.364zm-7 0c-1.305 0-2.364 1.06-2.364 2.364 0 1.305 1.059 2.365 2.364 2.365s2.364-1.06 2.364-2.365c0-1.304-1.059-2.364-2.364-2.364zm7 1c.752 0 1.364.612 1.364 1.364 0 .753-.612 1.365-1.364 1.365-.752 0-1.364-.612-1.364-1.365 0-.752.612-1.364 1.364-1.364zm-7 0c.752 0 1.364.612 1.364 1.364 0 .753-.612 1.365-1.364 1.365-.752 0-1.364-.612-1.364-1.365 0-.752.612-1.364 1.364-1.364zm10-2h-14.658v-1h7.658v-1h3v1h3v-13h-22v7l-1 3v-11h24v15zm-6-6h-4v-1h4v1zm-12.727-5c-1.278 0-2.315 1.038-2.315 2.316 0 1.278 1.037 2.316 2.315 2.316s2.316-1.038 2.316-2.316c0-1.278-1.038-2.316-2.316-2.316zm0 1c.726 0 1.316.59 1.316 1.316 0 .726-.59 1.316-1.316 1.316-.725 0-1.315-.59-1.315-1.316 0-.726.59-1.316 1.315-1.316zm15.727 2h-7v-1h7v1zm0-2h-7v-1h7v1z\"\/><\/svg>\n        \n        \n        \n            <\/div>\n    \n\n\n<\/div><div class=\"bde-div-533-167 bde-div\">\n  \n  \n\t\n\n\n\n\n<\/div>\n<\/div>\n<\/div><div class=\"bde-div-533-168 bde-div\">\n  \n  \n\t\n\n\n\n<div class=\"bde-div-533-169 bde-div\">\n  \n  \n\t\n\n\n\n<div class=\"bde-icon-533-183 bde-icon\">\n\n    \n            <div class=\"bde-icon-icon breakdance-icon-atom\" >\n    \n                    <svg xmlns=\"http:\/\/www.w3.org\/2000\/svg\" width=\"24\" height=\"24\" viewbox=\"0 0 24 24\" fill-rule=\"evenodd\" clip-rule=\"evenodd\"><path d=\"M7.285 1.942h.005-.005zm-4.133-1.942l-.765 2.412-2.359.917 2.057 1.474.144 2.527 2.038-1.501 2.447.643-.798-2.401 1.369-2.129-2.531.017-1.602-1.959zm.395 2.062l.736.901 1.162-.009-.629.978.366 1.104-1.123-.296-.937.69-.066-1.161-.945-.677 1.084-.422.352-1.108zm3.027 5.938l-3.619.469c.418 4.888-1.546 10.626-2.955 14.531 2.036-2.653 6.729-7.553 6.574-15m-1.016 1.14c-.164 3.308-1.348 6.078-2.705 8.308.69-2.563 1.225-5.419 1.152-8.107l1.553-.201zm15.269 2.436l-1.572 1.983-2.532.02 1.4 2.109-.763 2.413 2.439-.68 2.058 1.471.108-2.528 2.035-1.504-2.371-.883-.802-2.401zm-.363 2.068l.368 1.103 1.09.406-.936.691-.05 1.161-.945-.676-1.121.313.351-1.109-.643-.968 1.163-.009.723-.912zm-4.942.693c-6.271 1.285-12.065 6.879-13.919 9.663 5.435-3.695 10.819-5.736 14.592-6.001l-.673-3.662zm-.792 1.221l.287 1.563c-2.335.334-5.027 1.209-7.81 2.517 2.125-1.697 4.738-3.298 7.523-4.08m-5.805-.305c.276-.01.492-.241.483-.517-.101-2.966.579-3.95 2.91-4.211 2.769-.312 2.914-2.021 3.02-3.268.101-1.2.163-1.924 1.813-2.046 1.542-.113 2.398-.423 2.953-1.07.606-.706.791-1.771.641-3.678-.022-.275-.284-.475-.537-.459-.276.022-.482.263-.459.538.125 1.591.004 2.472-.403 2.947-.359.418-1.038.635-2.268.725-2.501.184-2.637 1.788-2.737 2.959-.105 1.241-.181 2.138-2.134 2.357-3.288.37-3.896 2.362-3.798 5.24.008.27.23.483.499.483h.017zm2.075-13.253c-1.104 0-2 .896-2 2s.896 2 2 2c1.103 0 2-.896 2-2s-.897-2-2-2m0 1c.551 0 1 .448 1 1 0 .551-.449 1-1 1-.551 0-1-.449-1-1 0-.552.449-1 1-1m10.011 2.978c-1.11 0-2.011.901-2.011 2.011s.901 2.011 2.011 2.011 2.011-.901 2.011-2.011-.901-2.011-2.011-2.011m0 1c.557 0 1.011.453 1.011 1.011 0 .557-.454 1.011-1.011 1.011-.558 0-1.011-.454-1.011-1.011 0-.558.453-1.011 1.011-1.011\"\/><\/svg>\n        \n        \n        \n            <\/div>\n    \n\n\n<\/div>\n<\/div><div class=\"bde-div-533-172 bde-div\">\n  \n  \n\t\n\n\n\n<h4 class=\"bde-heading-533-173 bde-heading\">\n4. l\u00e9p\u00e9s - Aj\u00e1nl\u00f3i kompenz\u00e1ci\u00f3\n<\/h4><div class=\"bde-text-533-175 bde-text\">\nA k\u00f6zvet\u00edt\u00e9si d\u00edjakat a k\u00f6zvet\u00edtett \u00fcgyf\u00e9llel k\u00f6t\u00f6tt szolg\u00e1ltat\u00e1si szerz\u0151d\u00e9s al\u00e1\u00edr\u00e1sa \u00e9s a beilleszked\u00e9s befejez\u00e9se ut\u00e1n fizetik ki.\n<\/div>\n<\/div>\n<\/div><\/div>\n<\/section><section class=\"bde-section-533-187 bde-section\">\n  \n  \n\t\n\n\n\n        <div class=\"section-shape-divider-wrapper section-shape-divider-wrapper--1\">\n          <span class=\"section-shape-divider\">\n                      <svg\n                xmlns=\"http:\/\/www.w3.org\/2000\/svg\"\n                viewbox=\"0 0 1440 320\"\n                preserveaspectratio=\"none\"\n            >\n              <path d=\"M0 302.063s114.697-6.897 146.399-33.752c31.703-26.855 9.593-107.025 43.815-127.38 34.222-20.357 119.635 22.715 161.512 5.247 41.876-17.47 49.52-99.36 89.75-110.062 40.228-10.7 105.204 51.872 151.625 45.852C639.523 75.95 677.7 0 720 0s80.477 75.95 126.899 81.968c46.42 6.02 111.397-56.552 151.626-45.852 40.23 10.702 47.873 92.592 89.75 110.062 41.876 17.468 127.29-25.604 161.511-5.248 34.222 20.356 12.112 100.526 43.815 127.381C1325.303 295.166 1440 302.063 1440 302.063V320H0v-17.937Z\" fill=\"currentColor\"\/>\n            <\/svg>\n                    <\/span>\n      <\/div>\n  <div class=\"section-container\"><h3 class=\"bde-heading-533-188 bde-heading\">\nAj\u00e1nl\u00f3i kompenz\u00e1ci\u00f3\n<\/h3><div class=\"bde-text-533-193 bde-text\">\nA b\u00e9rbe vett b\u00e9rleti egys\u00e9gek\u00e9rt k\u00f6zvet\u00edt\u00e9si d\u00edjat fizet\u00fcnk.\n<\/div><div class=\"bde-div-533-189 bde-div\">\n  \n  \n\t\n\n\n\n<h5 class=\"bde-heading-533-190 bde-heading\">\nFed\u00e9lzeti egys\u00e9genk\u00e9nt fizetett \u00f6sszeg\n<\/h5><h5 class=\"bde-heading-533-191 bde-heading\">\nAz \u00fcgyf\u00e9llel t\u00f6rt\u00e9n\u0151 szerz\u0151d\u00e9sk\u00f6t\u00e9skor fizetend\u0151\n<\/h5><h5 class=\"bde-heading-533-192 bde-heading\">\nNincs f\u00fcgg\u0151s\u00e9g a szezon\u00e1lis b\u00e9rleti d\u00edj indul\u00e1s\u00e1hoz\n<\/h5><h5 class=\"bde-heading-533-195 bde-heading\">\nHossz\u00fa t\u00e1v\u00fa partneri egy\u00fcttm\u0171k\u00f6d\u00e9s \u00f6szt\u00f6nz\u00e9se\n<\/h5>\n<\/div><div class=\"bde-text-533-196 bde-text\">\nA r\u00e9szleteket a partnerekkel egy\u00e9nileg er\u0151s\u00edtik meg.\n<\/div><\/div>\n<\/section><section class=\"bde-section-533-197 bde-section\">\n  \n  \n\t\n\n\n\n        <div class=\"section-shape-divider-wrapper section-shape-divider-wrapper--1\">\n          <span class=\"section-shape-divider\">\n                      <svg\n                xmlns=\"http:\/\/www.w3.org\/2000\/svg\"\n                viewbox=\"0 0 1440 320\"\n                preserveaspectratio=\"none\"\n            >\n              <path d=\"M0 302.063s114.697-6.897 146.399-33.752c31.703-26.855 9.593-107.025 43.815-127.38 34.222-20.357 119.635 22.715 161.512 5.247 41.876-17.47 49.52-99.36 89.75-110.062 40.228-10.7 105.204 51.872 151.625 45.852C639.523 75.95 677.7 0 720 0s80.477 75.95 126.899 81.968c46.42 6.02 111.397-56.552 151.626-45.852 40.23 10.702 47.873 92.592 89.75 110.062 41.876 17.468 127.29-25.604 161.511-5.248 34.222 20.356 12.112 100.526 43.815 127.381C1325.303 295.166 1440 302.063 1440 302.063V320H0v-17.937Z\" fill=\"currentColor\"\/>\n            <\/svg>\n                    <\/span>\n      <\/div>\n  <div class=\"section-container\"><h3 class=\"bde-heading-533-198 bde-heading\">\nMi\u00e9rt v\u00e1lasztj\u00e1k a partnerek a Molly Property Managementet\n<\/h3><ul class=\"bde-basic-list-533-201 bde-basic-list\">\n  <li  >    \n          Egy\u00e9rtelm\u0171 m\u0171k\u00f6d\u00e9si modell\n      <\/li>\n  <li  >    \n          Szakmai szerz\u0151d\u00e9sek\n      <\/li>\n  <li  >    \n          Kisz\u00e1m\u00edthat\u00f3 tulajdonosi kifizet\u00e9sek\n      <\/li>\n  <li  >    \n          Nincs tulajdonosi mikromenedzsment\n      <\/li>\n  <li  >    \n          Egys\u00e9gekre \u00e9s ingatlant\u00edpusokra sk\u00e1l\u00e1zhat\u00f3\n      <\/li>\n  <li  >    \n          Megb\u00edzhat\u00f3 hossz\u00fa t\u00e1v\u00fa egy\u00fcttm\u0171k\u00f6d\u00e9s\n      <\/li>\n<\/ul><div class=\"bde-text-533-203 bde-text\">\nSzakszer\u0171 m\u0171k\u00f6d\u00e9s\u00fcnkkel megv\u00e9dj\u00fck az \u00d6n h\u00edrnev\u00e9t.\n<\/div><\/div>\n<\/section><section class=\"bde-section-533-205 bde-section\">\n  \n  \n\t\n\n\n\n<div class=\"section-container\"><h2 class=\"bde-heading-533-206 bde-heading\">\nM\u0171k\u00f6d\u00e9si l\u00e1bnyom\n<\/h2><div class=\"bde-columns-533-253 bde-columns\"><div class=\"bde-column-533-254 bde-column\">\n  \n  \n\t\n\n\n\n<div class=\"bde-text-533-257 bde-text\">\nT\u00f6bb mint 40 b\u00e9rlak\u00e1s kezel\u00e9se Zadar megy\u00e9ben\n<\/div><div class=\"bde-text-533-266 bde-text\">\nM\u0171k\u00f6d\u00e9s hazai \u00e9s k\u00fclf\u00f6ldi tulajdonosok sz\u00e1m\u00e1ra\n<\/div><div class=\"bde-text-533-267 bde-text\">\nBizony\u00edtott r\u00f6vid \u00e9s hossz\u00fa t\u00e1v\u00fa b\u00e9rleti strat\u00e9gi\u00e1k\n<\/div><div class=\"bde-text-533-268 bde-text\">\nPortf\u00f3li\u00f3szint\u0171 \u00e1raz\u00e1s \u00e9s jelent\u00e9st\u00e9tel\n<\/div>\n<\/div><\/div><\/div>\n<\/section><section class=\"bde-section-533-269 bde-section\">\n  \n  \n\t\n\n\n\n<div class=\"section-container\"><div class=\"bde-div-533-270 bde-div\">\n              \n  \n  \n\t\n\n  <div class=\"section-background-overlay\"><\/div>\n\n\n<h2 class=\"bde-heading-533-271 bde-heading\">\nLegyen aj\u00e1nl\u00f3 partner\n<\/h2><div class=\"bde-button-533-273 bde-button\">\n    \n                        \n                        \n    \n    \n    \n    \n            \n                    \n            \n                           \n                       \n                 \n\n    \n    \n    \n                    \n    \n    <a class=\"breakdance-link button-atom button-atom--custom bde-button__button\" href=\"#\" target=\"_self\" data-type=\"action\"  data-action='{\"type\":\"popup\",\"popupOptions\":{\"popupId\":\"541\"}}' >\n\n    \n        <span class=\"button-atom__text\">Jelentkezzen partners\u00e9gre<\/span>\n\n        \n        \n                <\/a>\n\n    \n\n\n<\/div><div class=\"bde-text-533-272 bde-text\">\nMinden partners\u00e9gi k\u00e9relmet megvizsg\u00e1lunk, \u00e9s 24 \u00f3r\u00e1n bel\u00fcl v\u00e1laszolunk.\n<\/div>\n<\/div><\/div>\n<\/section>","protected":false},"excerpt":{"rendered":"<p>Partners &#038; Referral Program For real estate agencies, developers, and professional advisors We Operate Rental Businesses \u2014 From Individual Units to Portfolios Molly Property Management operates short-term rental businesses across Zadar County \u2014 from individual apartments and villas to multi-unit portfolios.We take full operational control: pricing, bookings, guests, cleaning, maintenance, and compliance \u2014 so owners [&hellip;]<\/p>","protected":false},"author":1,"featured_media":0,"parent":0,"menu_order":0,"comment_status":"closed","ping_status":"closed","template":"","meta":{"_acf_changed":false,"_breakdance_hide_in_design_set":false,"_breakdance_tags":"","footnotes":""},"class_list":["post-533","page","type-page","status-publish","hentry"],"acf":[],"_links":{"self":[{"href":"https:\/\/mollyproperty.com\/hu\/wp-json\/wp\/v2\/pages\/533","targetHints":{"allow":["GET"]}}],"collection":[{"href":"https:\/\/mollyproperty.com\/hu\/wp-json\/wp\/v2\/pages"}],"about":[{"href":"https:\/\/mollyproperty.com\/hu\/wp-json\/wp\/v2\/types\/page"}],"author":[{"embeddable":true,"href":"https:\/\/mollyproperty.com\/hu\/wp-json\/wp\/v2\/users\/1"}],"replies":[{"embeddable":true,"href":"https:\/\/mollyproperty.com\/hu\/wp-json\/wp\/v2\/comments?post=533"}],"version-history":[{"count":12,"href":"https:\/\/mollyproperty.com\/hu\/wp-json\/wp\/v2\/pages\/533\/revisions"}],"predecessor-version":[{"id":557,"href":"https:\/\/mollyproperty.com\/hu\/wp-json\/wp\/v2\/pages\/533\/revisions\/557"}],"wp:attachment":[{"href":"https:\/\/mollyproperty.com\/hu\/wp-json\/wp\/v2\/media?parent=533"}],"curies":[{"name":"wp","href":"https:\/\/api.w.org\/{rel}","templated":true}]}}