{"id":308,"date":"2024-12-10T04:21:32","date_gmt":"2024-12-10T04:21:32","guid":{"rendered":"https:\/\/mollyproperty.com\/?page_id=308"},"modified":"2025-11-16T15:01:47","modified_gmt":"2025-11-16T15:01:47","slug":"services","status":"publish","type":"page","link":"https:\/\/mollyproperty.com\/hu\/services\/","title":{"rendered":"Szolg\u00e1ltat\u00e1sok"},"content":{"rendered":"<section class=\"bde-section-308-100 bde-section\">\n              \n  \n  \n\t\n\n  <div class=\"section-background-overlay\"><\/div>\n\n\n<div class=\"section-container\"><h1 class=\"bde-heading-308-101 bde-heading\">\nTeljes k\u00f6r\u0171 ingatlankezel\u00e9s olyan tulajdonosok sz\u00e1m\u00e1ra, akik nem itt \u00e9lnek.\n<\/h1><\/div>\n<\/section><section class=\"bde-section-308-102 bde-section\">\n  \n  \n\t\n\n\n\n<div class=\"section-container\"><div class=\"bde-text-308-294 bde-text\">\n\u00d6nnek nyaral\u00f3ja vagy apartmanja van Zadar megy\u00e9ben - tal\u00e1n k\u00fclf\u00f6ld\u00f6n \u00e9l, vagy messze a tengerpartt\u00f3l, m\u00e9gis er\u0151s b\u00e9rleti bev\u00e9telre \u00e9s nulla m\u0171k\u00f6d\u00e9si fejf\u00e1j\u00e1sra v\u00e1gyik. A Molly Property Managementn\u00e9l mi lesz\u00fcnk az \u00d6n helyi csapata: foglal\u00e1sok \u2705 vend\u00e9gek \u2705 takar\u00edt\u00e1s \u2705 karbantart\u00e1s \u2705 adminisztr\u00e1ci\u00f3 \u2705 Mindezt \u00fagy, hogy \u00d6n t\u00e1vol marad, \u00e9s csak a kifizet\u00e9seket veszi fel.\n<\/div><div class=\"bde-button-308-200 bde-button\">\n    \n                        \n                        \n    \n    \n    \n    \n            \n                    \n            \n                           \n                       \n                 \n\n    \n    \n    \n                    \n    \n    <a class=\"breakdance-link button-atom button-atom--custom bde-button__button\" href=\"#\" target=\"_self\" data-type=\"action\"  data-action='{\"type\":\"popup\",\"popupOptions\":{\"popupId\":\"151\"}}' >\n\n    \n        <span class=\"button-atom__text\">Foglalja le az ingyenes tulajdonosi konzult\u00e1ci\u00f3t<\/span>\n\n        \n        \n                <\/a>\n\n    \n\n\n<\/div><\/div>\n<\/section><section class=\"bde-section-308-116 bde-section\">\n  \n  \n\t\n\n\n\n<div class=\"section-container\"><h2 class=\"bde-heading-308-117 bde-heading\">\nAmit tesz\u00fcnk - Egy partner, teljes nyugalom<br>\n<\/h2><div class=\"bde-div-308-155 bde-div\">\n  \n  \n\t\n\n\n\n<div class=\"bde-text-308-156 bde-text\">\nBev\u00e9tel-optimaliz\u00e1l\u00e1s \u00e9s t\u00f6bbcsatorn\u00e1s list\u00e1z\u00e1s\n<\/div><div class=\"bde-div-308-157 bde-div\">\n  \n  \n\t\n\n\n\n<div class=\"bde-icon-308-217 bde-icon\">\n\n    \n            <div class=\"bde-icon-icon breakdance-icon-atom\" >\n    \n                    <svg xmlns=\"http:\/\/www.w3.org\/2000\/svg\" viewbox=\"0 0 448 512\"><!--! Font Awesome Free 6.5.1 by @fontawesome - https:\/\/fontawesome.com License - https:\/\/fontawesome.com\/license\/free (Icons: CC BY 4.0, Fonts: SIL OFL 1.1, Code: MIT License) Copyright 2023 Fonticons, Inc. --><path d=\"M438.6 105.4c12.5 12.5 12.5 32.8 0 45.3l-256 256c-12.5 12.5-32.8 12.5-45.3 0l-128-128c-12.5-12.5-12.5-32.8 0-45.3s32.8-12.5 45.3 0L160 338.7 393.4 105.4c12.5-12.5 32.8-12.5 45.3 0z\"\/><\/svg>\n        \n        \n        \n            <\/div>\n    \n\n\n<\/div><div class=\"bde-div-308-218 bde-div\">\n  \n  \n\t\n\n\n\n<div class=\"bde-text-308-159 bde-text\">\nDinamikus \u00e1rk\u00e9pz\u00e9ssel, sz\u00e9lesk\u00f6r\u0171 platformlefedetts\u00e9ggel \u00e9s helyi piaci ismeretekkel maximaliz\u00e1ljuk bev\u00e9teleit - \u00edgy ingatlana akkor is t\u00f6bbet keres, amikor \u00d6n nincs a k\u00f6zelben.\n<\/div>\n<\/div>\n<\/div>\n<\/div><div class=\"bde-div-308-295 bde-div\">\n  \n  \n\t\n\n\n\n<div class=\"bde-text-308-296 bde-text\">\nVend\u00e9gt\u00e1mogat\u00e1s \u00e9s bejelentkez\u00e9s\/kijelentkez\u00e9s kezel\u00e9se\n<\/div><div class=\"bde-div-308-297 bde-div\">\n  \n  \n\t\n\n\n\n<div class=\"bde-icon-308-298 bde-icon\">\n\n    \n            <div class=\"bde-icon-icon breakdance-icon-atom\" >\n    \n                    <svg xmlns=\"http:\/\/www.w3.org\/2000\/svg\" viewbox=\"0 0 448 512\"><!--! Font Awesome Free 6.5.1 by @fontawesome - https:\/\/fontawesome.com License - https:\/\/fontawesome.com\/license\/free (Icons: CC BY 4.0, Fonts: SIL OFL 1.1, Code: MIT License) Copyright 2023 Fonticons, Inc. --><path d=\"M438.6 105.4c12.5 12.5 12.5 32.8 0 45.3l-256 256c-12.5 12.5-32.8 12.5-45.3 0l-128-128c-12.5-12.5-12.5-32.8 0-45.3s32.8-12.5 45.3 0L160 338.7 393.4 105.4c12.5-12.5 32.8-12.5 45.3 0z\"\/><\/svg>\n        \n        \n        \n            <\/div>\n    \n\n\n<\/div><div class=\"bde-div-308-299 bde-div\">\n  \n  \n\t\n\n\n\n<div class=\"bde-text-308-300 bde-text\">\n24\/7 vend\u00e9gkommunik\u00e1ci\u00f3, a helyi csapat fogadja vagy ellen\u0151rzi a vend\u00e9geket, kezeli a probl\u00e9m\u00e1kat - \u00d6n a kisujj\u00e1t sem mozd\u00edtja.\n<\/div>\n<\/div>\n<\/div>\n<\/div><div class=\"bde-div-308-301 bde-div\">\n  \n  \n\t\n\n\n\n<div class=\"bde-text-308-302 bde-text\">\nProfesszion\u00e1lis takar\u00edt\u00e1s \u00e9s \u00e1gynem\u0171 szolg\u00e1ltat\u00e1s\n<\/div><div class=\"bde-div-308-303 bde-div\">\n  \n  \n\t\n\n\n\n<div class=\"bde-icon-308-304 bde-icon\">\n\n    \n            <div class=\"bde-icon-icon breakdance-icon-atom\" >\n    \n                    <svg xmlns=\"http:\/\/www.w3.org\/2000\/svg\" viewbox=\"0 0 448 512\"><!--! Font Awesome Free 6.5.1 by @fontawesome - https:\/\/fontawesome.com License - https:\/\/fontawesome.com\/license\/free (Icons: CC BY 4.0, Fonts: SIL OFL 1.1, Code: MIT License) Copyright 2023 Fonticons, Inc. --><path d=\"M438.6 105.4c12.5 12.5 12.5 32.8 0 45.3l-256 256c-12.5 12.5-32.8 12.5-45.3 0l-128-128c-12.5-12.5-12.5-32.8 0-45.3s32.8-12.5 45.3 0L160 338.7 393.4 105.4c12.5-12.5 32.8-12.5 45.3 0z\"\/><\/svg>\n        \n        \n        \n            <\/div>\n    \n\n\n<\/div><div class=\"bde-div-308-305 bde-div\">\n  \n  \n\t\n\n\n\n<div class=\"bde-text-308-306 bde-text\">\nMinden egyes tart\u00f3zkod\u00e1st az elej\u00e9t\u0151l a v\u00e9g\u00e9ig kezel\u00fcnk: makul\u00e1tlan tiszt\u00edt\u00e1s, friss \u00e1gynem\u0171, k\u00e9szen \u00e1ll a vend\u00e9gek sz\u00e1m\u00e1ra - \u00d6nt\u0151l nem kell fel\u00fcgyeletet k\u00e9rni.\n<\/div>\n<\/div>\n<\/div>\n<\/div><div class=\"bde-div-308-307 bde-div\">\n  \n  \n\t\n\n\n\n<div class=\"bde-text-308-308 bde-text\">\nKarbantart\u00e1s \u00e9s ingatlan\u00e1pol\u00e1s\n<\/div><div class=\"bde-div-308-309 bde-div\">\n  \n  \n\t\n\n\n\n<div class=\"bde-icon-308-310 bde-icon\">\n\n    \n            <div class=\"bde-icon-icon breakdance-icon-atom\" >\n    \n                    <svg xmlns=\"http:\/\/www.w3.org\/2000\/svg\" viewbox=\"0 0 448 512\"><!--! Font Awesome Free 6.5.1 by @fontawesome - https:\/\/fontawesome.com License - https:\/\/fontawesome.com\/license\/free (Icons: CC BY 4.0, Fonts: SIL OFL 1.1, Code: MIT License) Copyright 2023 Fonticons, Inc. --><path d=\"M438.6 105.4c12.5 12.5 12.5 32.8 0 45.3l-256 256c-12.5 12.5-32.8 12.5-45.3 0l-128-128c-12.5-12.5-12.5-32.8 0-45.3s32.8-12.5 45.3 0L160 338.7 393.4 105.4c12.5-12.5 32.8-12.5 45.3 0z\"\/><\/svg>\n        \n        \n        \n            <\/div>\n    \n\n\n<\/div><div class=\"bde-div-308-311 bde-div\">\n  \n  \n\t\n\n\n\n<div class=\"bde-text-308-312 bde-text\">\nRutinellen\u0151rz\u00e9sek, s\u00fcrg\u0151s jav\u00edt\u00e1sok, medence- vagy jacuzzi-\u00e1pol\u00e1s - az \u00d6n vagyont\u00e1rgyai akkor is kiv\u00e1l\u00f3 \u00e1llapotban maradnak, ha k\u00fclf\u00f6ld\u00f6n \u00e9l.\n<\/div>\n<\/div>\n<\/div>\n<\/div><div class=\"bde-div-308-313 bde-div\">\n  \n  \n\t\n\n\n\n<div class=\"bde-text-308-314 bde-text\">\nTeljes megfelel\u00e9s \u00e9s adminisztr\u00e1ci\u00f3\n<\/div><div class=\"bde-div-308-315 bde-div\">\n  \n  \n\t\n\n\n\n<div class=\"bde-icon-308-316 bde-icon\">\n\n    \n            <div class=\"bde-icon-icon breakdance-icon-atom\" >\n    \n                    <svg xmlns=\"http:\/\/www.w3.org\/2000\/svg\" viewbox=\"0 0 448 512\"><!--! Font Awesome Free 6.5.1 by @fontawesome - https:\/\/fontawesome.com License - https:\/\/fontawesome.com\/license\/free (Icons: CC BY 4.0, Fonts: SIL OFL 1.1, Code: MIT License) Copyright 2023 Fonticons, Inc. --><path d=\"M438.6 105.4c12.5 12.5 12.5 32.8 0 45.3l-256 256c-12.5 12.5-32.8 12.5-45.3 0l-128-128c-12.5-12.5-12.5-32.8 0-45.3s32.8-12.5 45.3 0L160 338.7 393.4 105.4c12.5-12.5 32.8-12.5 45.3 0z\"\/><\/svg>\n        \n        \n        \n            <\/div>\n    \n\n\n<\/div><div class=\"bde-div-308-317 bde-div\">\n  \n  \n\t\n\n\n\n<div class=\"bde-text-308-318 bde-text\">\nMi int\u00e9zz\u00fck a vend\u00e9gregisztr\u00e1ci\u00f3kat, kezelj\u00fck a helyi ad\u00f3kat, betartjuk a horv\u00e1t jogszab\u00e1lyokat - \u00d6n csak a bev\u00e9telt kapja.\n<\/div>\n<\/div>\n<\/div>\n<\/div><div class=\"bde-div-308-319 bde-div\">\n  \n  \n\t\n\n\n\n<div class=\"bde-text-308-320 bde-text\">\nTulajdonos jelent\u00e9s \u00e9s havi kifizet\u00e9sek\n<\/div><div class=\"bde-div-308-321 bde-div\">\n  \n  \n\t\n\n\n\n<div class=\"bde-icon-308-322 bde-icon\">\n\n    \n            <div class=\"bde-icon-icon breakdance-icon-atom\" >\n    \n                    <svg xmlns=\"http:\/\/www.w3.org\/2000\/svg\" viewbox=\"0 0 448 512\"><!--! Font Awesome Free 6.5.1 by @fontawesome - https:\/\/fontawesome.com License - https:\/\/fontawesome.com\/license\/free (Icons: CC BY 4.0, Fonts: SIL OFL 1.1, Code: MIT License) Copyright 2023 Fonticons, Inc. --><path d=\"M438.6 105.4c12.5 12.5 12.5 32.8 0 45.3l-256 256c-12.5 12.5-32.8 12.5-45.3 0l-128-128c-12.5-12.5-12.5-32.8 0-45.3s32.8-12.5 45.3 0L160 338.7 393.4 105.4c12.5-12.5 32.8-12.5 45.3 0z\"\/><\/svg>\n        \n        \n        \n            <\/div>\n    \n\n\n<\/div><div class=\"bde-div-308-323 bde-div\">\n  \n  \n\t\n\n\n\n<div class=\"bde-text-308-324 bde-text\">\n\u00d6n havonta egy\u00e9rtelm\u0171 kimutat\u00e1sokat \u00e9s befizet\u00e9seket kap a sz\u00e1ml\u00e1j\u00e1ra - \u00e1tl\u00e1that\u00f3, egyszer\u0171 \u00e9s kisz\u00e1m\u00edthat\u00f3.<br>\n<\/div>\n<\/div>\n<\/div>\n<\/div><div class=\"bde-div-308-325 bde-div\">\n  \n  \n\t\n\n\n\n<div class=\"bde-text-308-326 bde-text\">\nPr\u00e9mium felszerelts\u00e9g \u00e9s luxust\u00e1mogat\u00e1s (apartmanok vagy vill\u00e1k)\n<\/div><div class=\"bde-div-308-327 bde-div\">\n  \n  \n\t\n\n\n\n<div class=\"bde-icon-308-328 bde-icon\">\n\n    \n            <div class=\"bde-icon-icon breakdance-icon-atom\" >\n    \n                    <svg xmlns=\"http:\/\/www.w3.org\/2000\/svg\" viewbox=\"0 0 448 512\"><!--! Font Awesome Free 6.5.1 by @fontawesome - https:\/\/fontawesome.com License - https:\/\/fontawesome.com\/license\/free (Icons: CC BY 4.0, Fonts: SIL OFL 1.1, Code: MIT License) Copyright 2023 Fonticons, Inc. --><path d=\"M438.6 105.4c12.5 12.5 12.5 32.8 0 45.3l-256 256c-12.5 12.5-32.8 12.5-45.3 0l-128-128c-12.5-12.5-12.5-32.8 0-45.3s32.8-12.5 45.3 0L160 338.7 393.4 105.4c12.5-12.5 32.8-12.5 45.3 0z\"\/><\/svg>\n        \n        \n        \n            <\/div>\n    \n\n\n<\/div><div class=\"bde-div-308-329 bde-div\">\n  \n  \n\t\n\n\n\n<div class=\"bde-text-308-330 bde-text\">\nAk\u00e1r medenc\u00e9vel, jacuzzival, tet\u0151terasszal vagy st\u00edlusos penthouse kialak\u00edt\u00e1ssal rendelkezik az \u00d6n ingatlana, mi pr\u00e9mium vend\u00e9g\u00e9lm\u00e9nyt ny\u00fajtunk, \u00e9s kezelj\u00fck az extra \u00fczemeltet\u00e9si ig\u00e9nyeket.<br>\n<\/div>\n<\/div>\n<\/div>\n<\/div><\/div>\n<\/section><section class=\"bde-section-308-195 bde-section\">\n  \n  \n\t\n\n\n\n<div class=\"section-container\"><div class=\"bde-div-308-196 bde-div\">\n              \n  \n  \n\t\n\n  <div class=\"section-background-overlay\"><\/div>\n\n\n<h2 class=\"bde-heading-308-197 bde-heading\">\nK\u00e9szen \u00e1ll arra, hogy az ingatlana \u00d6n\u00e9rt dolgozzon?\n<\/h2><div class=\"bde-text-308-198 bde-text\">\nBesz\u00e9lj\u00fcnk arr\u00f3l, hogy Zadar megyei ingatlanja hogyan biztos\u00edthat j\u00f6vedelmet, mik\u00f6zben \u00d6n k\u00fclf\u00f6ld\u00f6n pihen. Ingyenes konzult\u00e1ci\u00f3 - nulla k\u00f6telezetts\u00e9g.<br>\n<\/div><div class=\"bde-button-308-199 bde-button\">\n    \n                        \n                        \n    \n    \n    \n    \n            \n                    \n            \n                           \n                       \n                 \n\n    \n    \n    \n                    \n    \n    <a class=\"breakdance-link button-atom button-atom--custom bde-button__button\" href=\"#\" target=\"_self\" data-type=\"action\"  data-action='{\"type\":\"popup\",\"popupOptions\":{\"popupId\":\"151\"}}' >\n\n    \n        <span class=\"button-atom__text\">Foglalja le az ingyenes tulajdonosi konzult\u00e1ci\u00f3t<\/span>\n\n        \n        \n                <\/a>\n\n    \n\n\n<\/div>\n<\/div><\/div>\n<\/section>","protected":false},"excerpt":{"rendered":"<p>Full-Service Property Management for Owners Who Don\u2019t Live Here. You own a holiday home or apartment in Zadar County \u2014 maybe you live abroad, or far from the coast, yet you want strong rental income and zero operational headache. At Molly Property Management, we become your local team: bookings \u2705 guests \u2705 cleaning \u2705 maintenance [&hellip;]<\/p>","protected":false},"author":1,"featured_media":0,"parent":0,"menu_order":0,"comment_status":"closed","ping_status":"closed","template":"","meta":{"_acf_changed":false,"_breakdance_hide_in_design_set":false,"_breakdance_tags":"","footnotes":""},"class_list":["post-308","page","type-page","status-publish","hentry"],"acf":[],"_links":{"self":[{"href":"https:\/\/mollyproperty.com\/hu\/wp-json\/wp\/v2\/pages\/308","targetHints":{"allow":["GET"]}}],"collection":[{"href":"https:\/\/mollyproperty.com\/hu\/wp-json\/wp\/v2\/pages"}],"about":[{"href":"https:\/\/mollyproperty.com\/hu\/wp-json\/wp\/v2\/types\/page"}],"author":[{"embeddable":true,"href":"https:\/\/mollyproperty.com\/hu\/wp-json\/wp\/v2\/users\/1"}],"replies":[{"embeddable":true,"href":"https:\/\/mollyproperty.com\/hu\/wp-json\/wp\/v2\/comments?post=308"}],"version-history":[{"count":33,"href":"https:\/\/mollyproperty.com\/hu\/wp-json\/wp\/v2\/pages\/308\/revisions"}],"predecessor-version":[{"id":468,"href":"https:\/\/mollyproperty.com\/hu\/wp-json\/wp\/v2\/pages\/308\/revisions\/468"}],"wp:attachment":[{"href":"https:\/\/mollyproperty.com\/hu\/wp-json\/wp\/v2\/media?parent=308"}],"curies":[{"name":"wp","href":"https:\/\/api.w.org\/{rel}","templated":true}]}}