{"id":149,"date":"2024-12-04T17:51:07","date_gmt":"2024-12-04T17:51:07","guid":{"rendered":"https:\/\/mollyproperty.com\/?page_id=149"},"modified":"2026-03-26T11:02:24","modified_gmt":"2026-03-26T11:02:24","slug":"about-us","status":"publish","type":"page","link":"https:\/\/mollyproperty.com\/hu\/about-us\/","title":{"rendered":"R\u00f3lunk"},"content":{"rendered":"<section class=\"bde-section-149-100 bde-section\">\n              \n  \n  \n\t\n\n  <div class=\"section-background-overlay\"><\/div>\n\n\n<div class=\"section-container\"><h1 class=\"bde-heading-149-104 bde-heading\">\nAz \u00d6n helyi csapata Zadar megy\u00e9ben - \u00fagy kezelj\u00fck ingatlan\u00e1t, mintha itt lenne\n<\/h1><div class=\"bde-text-149-252 bde-text\">\nT\u00f6k\u00e9letes a k\u00fclf\u00f6ld\u00f6n vagy Zadaron k\u00edv\u00fcl \u00e9l\u0151 tulajdonosok sz\u00e1m\u00e1ra.<br>Megv\u00e9dj\u00fck ingatlan\u00e1t, maximaliz\u00e1ljuk b\u00e9rleti bev\u00e9tel\u00e9t, \u00e9s minden r\u00e9szletet kezel\u00fcnk - mik\u00f6zben \u00d6n nyugodt lehet.\n<\/div><\/div>\n<\/section><section class=\"bde-section-149-130 bde-section\">\n  \n  \n\t\n\n\n\n<div class=\"section-container\"><h3 class=\"bde-heading-149-160 bde-heading\">\n\u00dagy vigy\u00e1zunk az \u00d6n ingatlan\u00e1ra, mintha a saj\u00e1tunk lenne<br>\n<\/h3><div class=\"bde-rich-text-149-253 bde-rich-text breakdance-rich-text-styles\">\n<p>Zadar megy\u00e9ben nyaral\u00f3t vagy befektet\u00e9si c\u00e9l\u00fa lak\u00e1st birtokolni izgalmasnak kell lennie - nem pedig stresszesnek. De ha k\u00fclf\u00f6ld\u00f6n vagy a tengerpartt\u00f3l \u00f3r\u00e1kra lakik, akkor minden menedzsel\u00e9se megterhel\u0151v\u00e9 v\u00e1lik. Vend\u00e9g\u00fczenetek, bejelentkez\u00e9sek, takar\u00edt\u00e1s, jav\u00edt\u00e1sok, mos\u00e1s, karbantart\u00e1s, helyi el\u0151\u00edr\u00e1sok... \u00e9s \u00d6n m\u00e9g csak nem is itt van.<\/p><p>Megalap\u00edtottuk <b>Molly Property Management<\/b> hogy pontosan ezt a probl\u00e9m\u00e1t oldja meg.<\/p><p>K\u00fcldet\u00e9s\u00fcnk egyszer\u0171:<\/p><p>Hogy a nem helyi ingatlantulajdonosok sz\u00e1m\u00e1ra egy megb\u00edzhat\u00f3, mindenre kiterjed\u0151, nagy teljes\u00edtm\u00e9ny\u0171 menedzsmentpartnert biztos\u00edtsunk, aki mindent elint\u00e9z - A-t\u00f3l Z-ig -, hogy ingatlana t\u00f6bbet keressen, mik\u00f6zben \u00d6n gondtalan marad.<\/p>\n<\/div><\/div>\n<\/section><section class=\"bde-section-149-254 bde-section\">\n  \n  \n\t\n\n\n\n        <div class=\"section-shape-divider-wrapper section-shape-divider-wrapper--1\">\n          <span class=\"section-shape-divider\">\n                      <svg\n                xmlns=\"http:\/\/www.w3.org\/2000\/svg\"\n                viewbox=\"0 0 1440 320\"\n                preserveaspectratio=\"none\"\n            >\n              <path d=\"M0 302.063s114.697-6.897 146.399-33.752c31.703-26.855 9.593-107.025 43.815-127.38 34.222-20.357 119.635 22.715 161.512 5.247 41.876-17.47 49.52-99.36 89.75-110.062 40.228-10.7 105.204 51.872 151.625 45.852C639.523 75.95 677.7 0 720 0s80.477 75.95 126.899 81.968c46.42 6.02 111.397-56.552 151.626-45.852 40.23 10.702 47.873 92.592 89.75 110.062 41.876 17.468 127.29-25.604 161.511-5.248 34.222 20.356 12.112 100.526 43.815 127.381C1325.303 295.166 1440 302.063 1440 302.063V320H0v-17.937Z\" fill=\"currentColor\"\/>\n            <\/svg>\n                    <\/span>\n      <\/div>\n  <div class=\"section-container\"><h3 class=\"bde-heading-149-289 bde-heading\">\nA nem helyi ingatlantulajdonosok sz\u00e1m\u00e1ra k\u00e9sz\u00fclt, akiknek olyan csapatra van sz\u00fcks\u00e9g\u00fck, amelyben megb\u00edzhatnak\n<\/h3><div class=\"bde-div-149-293 bde-div\">\n  \n  \n\t\n\n\n\n<h5 class=\"bde-heading-149-290 bde-heading\">\nNem szervezz\u00fck ki az alapvet\u0151 feladatokat.\n<\/h5><h5 class=\"bde-heading-149-295 bde-heading\">\nNem sp\u00f3rolunk.<br>\n<\/h5><h5 class=\"bde-heading-149-296 bde-heading\">\nNem t\u0171n\u00fcnk el a forgalmas szezonban.\n<\/h5>\n<\/div><div class=\"bde-text-149-297 bde-text\">\nPontosan azt adjuk \u00d6nnek, amire mi is v\u00e1gytunk, amikor a saj\u00e1t ingatlanjainkat kezelt\u00fck:<br>Egy profi, helyi, felel\u0151ss\u00e9gteljes csapat, amelyben megb\u00edzhat a vil\u00e1g b\u00e1rmely pontj\u00e1r\u00f3l.<br>\n<\/div><\/div>\n<\/section><section class=\"bde-section-149-251 bde-section\">\n  \n  \n\t\n\n\n\n        <div class=\"section-shape-divider-wrapper section-shape-divider-wrapper--1\">\n          <span class=\"section-shape-divider\">\n                      <svg\n                xmlns=\"http:\/\/www.w3.org\/2000\/svg\"\n                viewbox=\"0 0 1440 320\"\n                preserveaspectratio=\"none\"\n            >\n              <path d=\"M0 302.063s114.697-6.897 146.399-33.752c31.703-26.855 9.593-107.025 43.815-127.38 34.222-20.357 119.635 22.715 161.512 5.247 41.876-17.47 49.52-99.36 89.75-110.062 40.228-10.7 105.204 51.872 151.625 45.852C639.523 75.95 677.7 0 720 0s80.477 75.95 126.899 81.968c46.42 6.02 111.397-56.552 151.626-45.852 40.23 10.702 47.873 92.592 89.75 110.062 41.876 17.468 127.29-25.604 161.511-5.248 34.222 20.356 12.112 100.526 43.815 127.381C1325.303 295.166 1440 302.063 1440 302.063V320H0v-17.937Z\" fill=\"currentColor\"\/>\n            <\/svg>\n                    <\/span>\n      <\/div>\n  <div class=\"section-container\"><h3 class=\"bde-heading-149-299 bde-heading\">\nMit \u00e9rt\u00fcnk el az \u00d6nh\u00f6z hasonl\u00f3 tulajdonosok sz\u00e1m\u00e1ra\n<\/h3><div class=\"bde-stats-grid-149-133 bde-stats-grid\">\n  <div class='bde-stats-grid_item'>\n          \n    \n            <div class=\"bde-stats-grid_icon breakdance-icon-atom\" >\n    \n                    <svg xmlns=\"http:\/\/www.w3.org\/2000\/svg\" viewbox=\"0 0 576 512\"><!--! Font Awesome Free 6.5.1 by @fontawesome - https:\/\/fontawesome.com License - https:\/\/fontawesome.com\/license\/free (Icons: CC BY 4.0, Fonts: SIL OFL 1.1, Code: MIT License) Copyright 2023 Fonticons, Inc. --><path d=\"M575.8 255.5c0 18-15 32.1-32 32.1h-32l.7 160.2c.2 35.5-28.5 64.3-64 64.3H128.1c-35.3 0-64-28.7-64-64V287.6H32c-18 0-32-14-32-32.1c0-9 3-17 10-24L266.4 8c7-7 15-8 22-8s15 2 21 7L416 100.7V64c0-17.7 14.3-32 32-32h32c17.7 0 32 14.3 32 32V185l52.8 46.4c8 7 12 15 11 24zM248 192c-13.3 0-24 10.7-24 24v80c0 13.3 10.7 24 24 24h80c13.3 0 24-10.7 24-24V216c0-13.3-10.7-24-24-24H248z\"\/><\/svg>\n        \n        \n        \n            <\/div>\n    \n\n        <h3 class='bde-stats-grid_number' >\n     40+\n    <\/h3>\n    <p class='bde-stats-grid_text' >\n      Zadar megy\u00e9ben kezelt ingatlanok (apartmanok, vill\u00e1k \u00e9s pr\u00e9mium egys\u00e9gek)\n    <\/p>\n  <\/div>\n  <div class='bde-stats-grid_item'>\n          \n    \n            <div class=\"bde-stats-grid_icon breakdance-icon-atom\" >\n    \n                    <svg xmlns=\"http:\/\/www.w3.org\/2000\/svg\" viewbox=\"0 0 512 512\"><!--! Font Awesome Free 6.5.1 by @fontawesome - https:\/\/fontawesome.com License - https:\/\/fontawesome.com\/license\/free (Icons: CC BY 4.0, Fonts: SIL OFL 1.1, Code: MIT License) Copyright 2023 Fonticons, Inc. --><path d=\"M470.7 9.4c3 3.1 5.3 6.6 6.9 10.3s2.4 7.8 2.4 12.2l0 .1v0 96c0 17.7-14.3 32-32 32s-32-14.3-32-32V109.3L310.6 214.6c-11.8 11.8-30.8 12.6-43.5 1.7L176 138.1 84.8 216.3c-13.4 11.5-33.6 9.9-45.1-3.5s-9.9-33.6 3.5-45.1l112-96c12-10.3 29.7-10.3 41.7 0l89.5 76.7L370.7 64H352c-17.7 0-32-14.3-32-32s14.3-32 32-32h96 0c8.8 0 16.8 3.6 22.6 9.3l.1 .1zM0 304c0-26.5 21.5-48 48-48H464c26.5 0 48 21.5 48 48V464c0 26.5-21.5 48-48 48H48c-26.5 0-48-21.5-48-48V304zM48 416v48H96c0-26.5-21.5-48-48-48zM96 304H48v48c26.5 0 48-21.5 48-48zM464 416c-26.5 0-48 21.5-48 48h48V416zM416 304c0 26.5 21.5 48 48 48V304H416zm-96 80a64 64 0 1 0 -128 0 64 64 0 1 0 128 0z\"\/><\/svg>\n        \n        \n        \n            <\/div>\n    \n\n        <h3 class='bde-stats-grid_number' >\n     \u20ac530,000+\n    <\/h3>\n    <p class='bde-stats-grid_text' >\n      Tulajdonos partnereink 2025-ben gener\u00e1lt bev\u00e9telei\n    <\/p>\n  <\/div>\n  <div class='bde-stats-grid_item'>\n          \n    \n            <div class=\"bde-stats-grid_icon breakdance-icon-atom\" >\n    \n                    <svg xmlns=\"http:\/\/www.w3.org\/2000\/svg\" viewbox=\"0 0 640 512\"><!--! Font Awesome Free 6.5.1 by @fontawesome - https:\/\/fontawesome.com License - https:\/\/fontawesome.com\/license\/free (Icons: CC BY 4.0, Fonts: SIL OFL 1.1, Code: MIT License) Copyright 2023 Fonticons, Inc. --><path d=\"M72 88a56 56 0 1 1 112 0A56 56 0 1 1 72 88zM64 245.7C54 256.9 48 271.8 48 288s6 31.1 16 42.3V245.7zm144.4-49.3C178.7 222.7 160 261.2 160 304c0 34.3 12 65.8 32 90.5V416c0 17.7-14.3 32-32 32H96c-17.7 0-32-14.3-32-32V389.2C26.2 371.2 0 332.7 0 288c0-61.9 50.1-112 112-112h32c24 0 46.2 7.5 64.4 20.3zM448 416V394.5c20-24.7 32-56.2 32-90.5c0-42.8-18.7-81.3-48.4-107.7C449.8 183.5 472 176 496 176h32c61.9 0 112 50.1 112 112c0 44.7-26.2 83.2-64 101.2V416c0 17.7-14.3 32-32 32H480c-17.7 0-32-14.3-32-32zm8-328a56 56 0 1 1 112 0A56 56 0 1 1 456 88zM576 245.7v84.7c10-11.3 16-26.1 16-42.3s-6-31.1-16-42.3zM320 32a64 64 0 1 1 0 128 64 64 0 1 1 0-128zM240 304c0 16.2 6 31 16 42.3V261.7c-10 11.3-16 26.1-16 42.3zm144-42.3v84.7c10-11.3 16-26.1 16-42.3s-6-31.1-16-42.3zM448 304c0 44.7-26.2 83.2-64 101.2V448c0 17.7-14.3 32-32 32H288c-17.7 0-32-14.3-32-32V405.2c-37.8-18-64-56.5-64-101.2c0-61.9 50.1-112 112-112h32c61.9 0 112 50.1 112 112z\"\/><\/svg>\n        \n        \n        \n            <\/div>\n    \n\n        <h3 class='bde-stats-grid_number' >\n     2,000+\n    <\/h3>\n    <p class='bde-stats-grid_text' >\n      Vend\u00e9gek vend\u00e9g\u00fcl l\u00e1t\u00e1sa 2025-ben, kiv\u00e1l\u00f3 el\u00e9gedetts\u00e9ggel\n    <\/p>\n  <\/div>\n\n<\/div><div class=\"bde-button-149-161 bde-button\">\n    \n                        \n                        \n    \n    \n    \n    \n            \n                    \n            \n                           \n                       \n                 \n\n    \n    \n    \n                    \n    \n    <a class=\"breakdance-link button-atom button-atom--custom bde-button__button\" href=\"#\" target=\"_self\" data-type=\"action\"  data-action='{\"type\":\"popup\",\"popupOptions\":{\"popupId\":\"151\",\"popupAction\":\"open\"}}' >\n\n    \n        <span class=\"button-atom__text\">K\u00e9rjen ingyenes konzult\u00e1ci\u00f3t<\/span>\n\n        \n        \n                <\/a>\n\n    \n\n\n<\/div><\/div>\n<\/section><section class=\"bde-section-149-213 bde-section\">\n  \n  \n\t\n\n\n\n<div class=\"section-container\"><h2 class=\"bde-heading-149-214 bde-heading\">\nMi tesz minket k\u00fcl\u00f6nlegess\u00e9\n<\/h2><div class=\"bde-text-149-300 bde-text\">\nMi\u00e9rt v\u00e1lasztj\u00e1k a nem helyi tulajdonosok a Molly Property Managementet?\n<\/div><div class=\"bde-columns-149-216 bde-columns\"><div class=\"bde-column-149-217 bde-column\">\n  \n  \n\t\n\n\n\n<h4 class=\"bde-heading-149-219 bde-heading\">\n1. Teljes k\u00f6r\u0171 v\u00e9gpontt\u00f3l-v\u00e9gpontig tart\u00f3 menedzsment\n<\/h4><div class=\"bde-text-149-220 bde-text\">\nNem kell takar\u00edt\u00f3kat, ezermestereket, napt\u00e1rakat, bejelentkez\u00e9seket vagy vend\u00e9gprobl\u00e9m\u00e1kat kezelnie - mindent mi int\u00e9z\u00fcnk, h\u00e1zon bel\u00fcl.\n<\/div><h4 class=\"bde-heading-149-222 bde-heading\">\n2. Szem\u00e9lyes \u00e9rint\u00e9s, amely n\u00f6veli a vend\u00e9gh\u0171s\u00e9get\n<\/h4><div class=\"bde-text-149-223 bde-text\">\nA boldog vend\u00e9gek magasabb min\u0151s\u00edt\u00e9st, jobb kihaszn\u00e1lts\u00e1got \u00e9s t\u00f6bb ism\u00e9tl\u0151d\u0151 tart\u00f3zkod\u00e1st jelentenek - ami k\u00f6zvetlen\u00fcl n\u00f6veli a bev\u00e9telt.\n<\/div><h4 class=\"bde-heading-149-225 bde-heading\">\n3. Helyi szak\u00e9rtelem, amire sz\u00e1m\u00edthat\n<\/h4><div class=\"bde-text-149-226 bde-text\">\nItt \u00e9l\u00fcnk, itt dolgozunk, \u00e9s bel\u00fclr\u0151l ismerj\u00fck a piacot.<br>Nem kell utaznia - mindent szem\u00e9lyesen int\u00e9z\u00fcnk.\n<\/div><h4 class=\"bde-heading-149-229 bde-heading\">\n4. Szezon\u00e1lis strat\u00e9gia, amely fel\u00fclm\u00falja a piacot\n<\/h4><div class=\"bde-text-149-230 bde-text\">\nNyitva tartjuk a napt\u00e1rakat, optimaliz\u00e1ljuk az \u00e1raz\u00e1st, \u00e9s a piaci trendekhez igazodva biztos\u00edtjuk a maxim\u00e1lis kihaszn\u00e1lts\u00e1got - ami az \u00e1tlagos helyi statisztik\u00e1kn\u00e1l ak\u00e1r 3\u00d7 nagyobb teljes\u00edtm\u00e9nyt eredm\u00e9nyez.\n<\/div>\n<\/div><div class=\"bde-column-149-227 bde-column\">\n  \n  \n\t\n\n\n\n<h4 class=\"bde-heading-149-235 bde-heading\">\n5. Val\u00f3di \u00e1tl\u00e1that\u00f3s\u00e1g \u00e9s elsz\u00e1moltathat\u00f3s\u00e1g\n<\/h4><div class=\"bde-text-149-236 bde-text\">\nHavi tulajdonosi jelent\u00e9sek, vil\u00e1gos bev\u00e9teli bont\u00e1s \u00e9s \u00e1tl\u00e1that\u00f3 kifizet\u00e9sek.<br>A vil\u00e1g b\u00e1rmely pontj\u00e1r\u00f3l pontosan tudhatja, hogy ingatlana hogyan teljes\u00edt.\n<\/div><h4 class=\"bde-heading-149-302 bde-heading\">\n6. T\u00f6r\u0151d\u00fcnk - igaz\u00e1n\n<\/h4><div class=\"bde-text-149-301 bde-text\">\nMi nem egy arctalan v\u00e1llalat vagyunk. Mi egy elk\u00f6telezett csapat vagyunk, akik b\u00fcszk\u00e9k arra, hogy kiv\u00e1l\u00f3s\u00e1gra t\u00f6reksz\u00fcnk.<br>Az \u00d6n tulajdon\u00e1t \u00fagy kezelj\u00fck, mintha a saj\u00e1tunk lenne - mert mi is \u00edgy szeretn\u00e9nk kezelni.\n<\/div>\n<\/div><\/div><\/div>\n<\/section><section class=\"bde-section-149-243 bde-section\">\n  \n  \n\t\n\n\n\n<div class=\"section-container\"><div class=\"bde-div-149-244 bde-div\">\n              \n  \n  \n\t\n\n  <div class=\"section-background-overlay\"><\/div>\n\n\n<h2 class=\"bde-heading-149-246 bde-heading\">\nK\u00e9szen \u00e1ll arra, hogy megn\u00e9zze, mit \u00e9rhet el az ingatlana?\n<\/h2><div class=\"bde-text-149-245 bde-text\">\nBesz\u00e9lj\u00fcnk arr\u00f3l, hogy a Molly Property Management hogyan tudja maximaliz\u00e1lni a bev\u00e9tel\u00e9t \u00e9s minimaliz\u00e1lni a stresszt.\n<\/div><div class=\"bde-button-149-250 bde-button\">\n    \n                        \n                        \n    \n    \n    \n    \n            \n                    \n            \n                           \n                       \n                 \n\n    \n    \n    \n                    \n    \n    <a class=\"breakdance-link button-atom button-atom--custom bde-button__button\" href=\"#\" target=\"_self\" data-type=\"action\"  data-action='{\"type\":\"popup\",\"popupOptions\":{\"popupId\":\"151\"}}' >\n\n    \n        <span class=\"button-atom__text\">Maximaliz\u00e1lja az ingatlanj\u00f6vedelmemet most!<\/span>\n\n        \n        \n                <\/a>\n\n    \n\n\n<\/div>\n<\/div><\/div>\n<\/section>","protected":false},"excerpt":{"rendered":"<p>Your Local Team in Zadar County \u2014 Managing Your Property Like You Were Here Perfect for owners who live abroad or outside Zadar.We protect your property, maximise your rental income, and handle every detail \u2014 while you enjoy peace of mind. We Take Care of Your Property Like It\u2019s Our Own Owning a holiday home [&hellip;]<\/p>","protected":false},"author":1,"featured_media":0,"parent":0,"menu_order":0,"comment_status":"closed","ping_status":"closed","template":"","meta":{"_acf_changed":false,"_breakdance_hide_in_design_set":false,"_breakdance_tags":"","footnotes":""},"class_list":["post-149","page","type-page","status-publish","hentry"],"acf":[],"_links":{"self":[{"href":"https:\/\/mollyproperty.com\/hu\/wp-json\/wp\/v2\/pages\/149","targetHints":{"allow":["GET"]}}],"collection":[{"href":"https:\/\/mollyproperty.com\/hu\/wp-json\/wp\/v2\/pages"}],"about":[{"href":"https:\/\/mollyproperty.com\/hu\/wp-json\/wp\/v2\/types\/page"}],"author":[{"embeddable":true,"href":"https:\/\/mollyproperty.com\/hu\/wp-json\/wp\/v2\/users\/1"}],"replies":[{"embeddable":true,"href":"https:\/\/mollyproperty.com\/hu\/wp-json\/wp\/v2\/comments?post=149"}],"version-history":[{"count":45,"href":"https:\/\/mollyproperty.com\/hu\/wp-json\/wp\/v2\/pages\/149\/revisions"}],"predecessor-version":[{"id":562,"href":"https:\/\/mollyproperty.com\/hu\/wp-json\/wp\/v2\/pages\/149\/revisions\/562"}],"wp:attachment":[{"href":"https:\/\/mollyproperty.com\/hu\/wp-json\/wp\/v2\/media?parent=149"}],"curies":[{"name":"wp","href":"https:\/\/api.w.org\/{rel}","templated":true}]}}