{"id":149,"date":"2024-12-04T17:51:07","date_gmt":"2024-12-04T17:51:07","guid":{"rendered":"https:\/\/mollyproperty.com\/?page_id=149"},"modified":"2026-03-26T11:02:24","modified_gmt":"2026-03-26T11:02:24","slug":"about-us","status":"publish","type":"page","link":"https:\/\/mollyproperty.com\/hr\/about-us\/","title":{"rendered":"O nama"},"content":{"rendered":"<section class=\"bde-section-149-100 bde-section\">\n              \n  \n  \n\t\n\n  <div class=\"section-background-overlay\"><\/div>\n\n\n<div class=\"section-container\"><h1 class=\"bde-heading-149-104 bde-heading\">\nVa\u0161 lokalni tim u Zadarskoj \u017eupaniji \u2014 Upravljanje Va\u0161om nekretninom kao da ste ovdje\n<\/h1><div class=\"bde-text-149-252 bde-text\">\nIdealno za vlasnike koji \u017eive u inozemstvu ili izvan Zadra.<br>\u0160titimo va\u0161u imovinu, maksimiziramo va\u0161e prihode od najma i brinemo se o svakom detalju - dok vi ostajete bezbri\u017eni.\n<\/div><\/div>\n<\/section><section class=\"bde-section-149-130 bde-section\">\n  \n  \n\t\n\n\n\n<div class=\"section-container\"><h3 class=\"bde-heading-149-160 bde-heading\">\nBrinemo o Va\u0161oj nekretnini kao da je na\u0161a<br>\n<\/h3><div class=\"bde-rich-text-149-253 bde-rich-text breakdance-rich-text-styles\">\n<p>Posjedovanje ku\u0107e za odmor ili apartmana u Zadarskoj \u017eupaniji trebalo bi biti uzbudljivo, a ne stresno. Ali kada \u017eivite u inozemstvu ili satima udaljeni od obale, upravljanje svime postaje zastra\u0161uju\u0107e. Poruke gostiju, prijave, \u010di\u0161\u0107enje, popravci, pranje posteljine, odr\u017eavanje, lokalni propisi\u2026 a Vi \u010dak i niste ovdje.<\/p><p>Osnovali smo <b>Molly Property Management<\/b> kako bi rije\u0161ili upravo taj problem.<\/p><p>Na\u0161a misija je jednostavna:<\/p><p>Pru\u017eiti vlasnicima nekretnina izvan lokalnog podru\u010dja sna\u017enog i pouzdanog partnera za upravljanje koji se brine o svemu - od A do \u017d - kako bi Va\u0161a nekretnina zara\u0111ivala vi\u0161e, a Vi ostali bezbri\u017eni.<\/p>\n<\/div><\/div>\n<\/section><section class=\"bde-section-149-254 bde-section\">\n  \n  \n\t\n\n\n\n        <div class=\"section-shape-divider-wrapper section-shape-divider-wrapper--1\">\n          <span class=\"section-shape-divider\">\n                      <svg\n                xmlns=\"http:\/\/www.w3.org\/2000\/svg\"\n                viewbox=\"0 0 1440 320\"\n                preserveaspectratio=\"none\"\n            >\n              <path d=\"M0 302.063s114.697-6.897 146.399-33.752c31.703-26.855 9.593-107.025 43.815-127.38 34.222-20.357 119.635 22.715 161.512 5.247 41.876-17.47 49.52-99.36 89.75-110.062 40.228-10.7 105.204 51.872 151.625 45.852C639.523 75.95 677.7 0 720 0s80.477 75.95 126.899 81.968c46.42 6.02 111.397-56.552 151.626-45.852 40.23 10.702 47.873 92.592 89.75 110.062 41.876 17.468 127.29-25.604 161.511-5.248 34.222 20.356 12.112 100.526 43.815 127.381C1325.303 295.166 1440 302.063 1440 302.063V320H0v-17.937Z\" fill=\"currentColor\"\/>\n            <\/svg>\n                    <\/span>\n      <\/div>\n  <div class=\"section-container\"><h3 class=\"bde-heading-149-289 bde-heading\">\nSavr\u0161eno za vlasnike nekretnina izvan lokalnog podru\u010dja kojima je potreban tim kojem mogu vjerovati\n<\/h3><div class=\"bde-div-149-293 bde-div\">\n  \n  \n\t\n\n\n\n<h5 class=\"bde-heading-149-290 bde-heading\">\nNe prepu\u0161tamo klju\u010dne obaveze vanjskim suradnicima.\n<\/h5><h5 class=\"bde-heading-149-295 bde-heading\">\nNe \u0161tedimo na kvaliteti.<br>\n<\/h5><h5 class=\"bde-heading-149-296 bde-heading\">\nNe nestajemo tijekom gu\u017eve i sezone.\n<\/h5>\n<\/div><div class=\"bde-text-149-297 bde-text\">\nPru\u017eamo vam upravo ono \u0161to nam je i samima trebalo imati kada smo vodili vlastite nekretnine:<br>Profesionalan i odgovoran lokalni tim kojem mo\u017eete povjeriti Va\u0161u nekretninu bilo gdje da se nalazite.<br>\n<\/div><\/div>\n<\/section><section class=\"bde-section-149-251 bde-section\">\n  \n  \n\t\n\n\n\n        <div class=\"section-shape-divider-wrapper section-shape-divider-wrapper--1\">\n          <span class=\"section-shape-divider\">\n                      <svg\n                xmlns=\"http:\/\/www.w3.org\/2000\/svg\"\n                viewbox=\"0 0 1440 320\"\n                preserveaspectratio=\"none\"\n            >\n              <path d=\"M0 302.063s114.697-6.897 146.399-33.752c31.703-26.855 9.593-107.025 43.815-127.38 34.222-20.357 119.635 22.715 161.512 5.247 41.876-17.47 49.52-99.36 89.75-110.062 40.228-10.7 105.204 51.872 151.625 45.852C639.523 75.95 677.7 0 720 0s80.477 75.95 126.899 81.968c46.42 6.02 111.397-56.552 151.626-45.852 40.23 10.702 47.873 92.592 89.75 110.062 41.876 17.468 127.29-25.604 161.511-5.248 34.222 20.356 12.112 100.526 43.815 127.381C1325.303 295.166 1440 302.063 1440 302.063V320H0v-17.937Z\" fill=\"currentColor\"\/>\n            <\/svg>\n                    <\/span>\n      <\/div>\n  <div class=\"section-container\"><h3 class=\"bde-heading-149-299 bde-heading\">\n\u0160to smo postigli za vlasnike poput vas\n<\/h3><div class=\"bde-stats-grid-149-133 bde-stats-grid\">\n  <div class='bde-stats-grid_item'>\n          \n    \n            <div class=\"bde-stats-grid_icon breakdance-icon-atom\" >\n    \n                    <svg xmlns=\"http:\/\/www.w3.org\/2000\/svg\" viewbox=\"0 0 576 512\"><!--! Font Awesome Free 6.5.1 by @fontawesome - https:\/\/fontawesome.com License - https:\/\/fontawesome.com\/license\/free (Icons: CC BY 4.0, Fonts: SIL OFL 1.1, Code: MIT License) Copyright 2023 Fonticons, Inc. --><path d=\"M575.8 255.5c0 18-15 32.1-32 32.1h-32l.7 160.2c.2 35.5-28.5 64.3-64 64.3H128.1c-35.3 0-64-28.7-64-64V287.6H32c-18 0-32-14-32-32.1c0-9 3-17 10-24L266.4 8c7-7 15-8 22-8s15 2 21 7L416 100.7V64c0-17.7 14.3-32 32-32h32c17.7 0 32 14.3 32 32V185l52.8 46.4c8 7 12 15 11 24zM248 192c-13.3 0-24 10.7-24 24v80c0 13.3 10.7 24 24 24h80c13.3 0 24-10.7 24-24V216c0-13.3-10.7-24-24-24H248z\"\/><\/svg>\n        \n        \n        \n            <\/div>\n    \n\n        <h3 class='bde-stats-grid_number' >\n     40+\n    <\/h3>\n    <p class='bde-stats-grid_text' >\n      Nekretnine pod upravljanjem diljem Zadarske \u017eupanije (apartmani, apartmanske zgrade, ku\u0107e i vile)\n    <\/p>\n  <\/div>\n  <div class='bde-stats-grid_item'>\n          \n    \n            <div class=\"bde-stats-grid_icon breakdance-icon-atom\" >\n    \n                    <svg xmlns=\"http:\/\/www.w3.org\/2000\/svg\" viewbox=\"0 0 512 512\"><!--! Font Awesome Free 6.5.1 by @fontawesome - https:\/\/fontawesome.com License - https:\/\/fontawesome.com\/license\/free (Icons: CC BY 4.0, Fonts: SIL OFL 1.1, Code: MIT License) Copyright 2023 Fonticons, Inc. --><path d=\"M470.7 9.4c3 3.1 5.3 6.6 6.9 10.3s2.4 7.8 2.4 12.2l0 .1v0 96c0 17.7-14.3 32-32 32s-32-14.3-32-32V109.3L310.6 214.6c-11.8 11.8-30.8 12.6-43.5 1.7L176 138.1 84.8 216.3c-13.4 11.5-33.6 9.9-45.1-3.5s-9.9-33.6 3.5-45.1l112-96c12-10.3 29.7-10.3 41.7 0l89.5 76.7L370.7 64H352c-17.7 0-32-14.3-32-32s14.3-32 32-32h96 0c8.8 0 16.8 3.6 22.6 9.3l.1 .1zM0 304c0-26.5 21.5-48 48-48H464c26.5 0 48 21.5 48 48V464c0 26.5-21.5 48-48 48H48c-26.5 0-48-21.5-48-48V304zM48 416v48H96c0-26.5-21.5-48-48-48zM96 304H48v48c26.5 0 48-21.5 48-48zM464 416c-26.5 0-48 21.5-48 48h48V416zM416 304c0 26.5 21.5 48 48 48V304H416zm-96 80a64 64 0 1 0 -128 0 64 64 0 1 0 128 0z\"\/><\/svg>\n        \n        \n        \n            <\/div>\n    \n\n        <h3 class='bde-stats-grid_number' >\n     \u20ac530,000+\n    <\/h3>\n    <p class='bde-stats-grid_text' >\n      Prihod ostvaren u 2025. za na\u0161e partnere\n    <\/p>\n  <\/div>\n  <div class='bde-stats-grid_item'>\n          \n    \n            <div class=\"bde-stats-grid_icon breakdance-icon-atom\" >\n    \n                    <svg xmlns=\"http:\/\/www.w3.org\/2000\/svg\" viewbox=\"0 0 640 512\"><!--! Font Awesome Free 6.5.1 by @fontawesome - https:\/\/fontawesome.com License - https:\/\/fontawesome.com\/license\/free (Icons: CC BY 4.0, Fonts: SIL OFL 1.1, Code: MIT License) Copyright 2023 Fonticons, Inc. --><path d=\"M72 88a56 56 0 1 1 112 0A56 56 0 1 1 72 88zM64 245.7C54 256.9 48 271.8 48 288s6 31.1 16 42.3V245.7zm144.4-49.3C178.7 222.7 160 261.2 160 304c0 34.3 12 65.8 32 90.5V416c0 17.7-14.3 32-32 32H96c-17.7 0-32-14.3-32-32V389.2C26.2 371.2 0 332.7 0 288c0-61.9 50.1-112 112-112h32c24 0 46.2 7.5 64.4 20.3zM448 416V394.5c20-24.7 32-56.2 32-90.5c0-42.8-18.7-81.3-48.4-107.7C449.8 183.5 472 176 496 176h32c61.9 0 112 50.1 112 112c0 44.7-26.2 83.2-64 101.2V416c0 17.7-14.3 32-32 32H480c-17.7 0-32-14.3-32-32zm8-328a56 56 0 1 1 112 0A56 56 0 1 1 456 88zM576 245.7v84.7c10-11.3 16-26.1 16-42.3s-6-31.1-16-42.3zM320 32a64 64 0 1 1 0 128 64 64 0 1 1 0-128zM240 304c0 16.2 6 31 16 42.3V261.7c-10 11.3-16 26.1-16 42.3zm144-42.3v84.7c10-11.3 16-26.1 16-42.3s-6-31.1-16-42.3zM448 304c0 44.7-26.2 83.2-64 101.2V448c0 17.7-14.3 32-32 32H288c-17.7 0-32-14.3-32-32V405.2c-37.8-18-64-56.5-64-101.2c0-61.9 50.1-112 112-112h32c61.9 0 112 50.1 112 112z\"\/><\/svg>\n        \n        \n        \n            <\/div>\n    \n\n        <h3 class='bde-stats-grid_number' >\n     2,000+\n    <\/h3>\n    <p class='bde-stats-grid_text' >\n      Gosti primljeni u 2025. g., s izvrsnim zadovoljstvom\n    <\/p>\n  <\/div>\n\n<\/div><div class=\"bde-button-149-161 bde-button\">\n    \n                        \n                        \n    \n    \n    \n    \n            \n                    \n            \n                           \n                       \n                 \n\n    \n    \n    \n                    \n    \n    <a class=\"breakdance-link button-atom button-atom--custom bde-button__button\" href=\"#\" target=\"_self\" data-type=\"action\"  data-action='{\"type\":\"popup\",\"popupOptions\":{\"popupId\":\"151\",\"popupAction\":\"open\"}}' >\n\n    \n        <span class=\"button-atom__text\">Zatra\u017ei besplatne konzultacije kao vlasnik<\/span>\n\n        \n        \n                <\/a>\n\n    \n\n\n<\/div><\/div>\n<\/section><section class=\"bde-section-149-213 bde-section\">\n  \n  \n\t\n\n\n\n<div class=\"section-container\"><h2 class=\"bde-heading-149-214 bde-heading\">\n\u0160to nas \u010dini druga\u010dijima\n<\/h2><div class=\"bde-text-149-300 bde-text\">\nZa\u0161to vlasnici biraju Molly Property Management\n<\/div><div class=\"bde-columns-149-216 bde-columns\"><div class=\"bde-column-149-217 bde-column\">\n  \n  \n\t\n\n\n\n<h4 class=\"bde-heading-149-219 bde-heading\">\n1. Potpuno upravljanje od po\u010detka do kraja\n<\/h4><div class=\"bde-text-149-220 bde-text\">\nNe brinete o \u010dista\u010dicama, majstorima, kalendarima, prijavama ili problemima s gostima - mi se brinemo o svemu, interno.\n<\/div><h4 class=\"bde-heading-149-222 bde-heading\">\n2. Osobni pristup koji osigurava besprijekorno iskustvo gostiju\n<\/h4><div class=\"bde-text-149-223 bde-text\">\nZadovoljni gosti zna\u010de vi\u0161e ocjene, bolju popunjenost i vi\u0161e ponovljenih boravaka - \u0161to izravno pove\u0107ava Va\u0161e prihode.\n<\/div><h4 class=\"bde-heading-149-225 bde-heading\">\n3. Lokalno iskustvo na koje se mo\u017eete osloniti\n<\/h4><div class=\"bde-text-149-226 bde-text\">\nOvdje \u017eivimo, ovdje radimo i poznajemo tr\u017ei\u0161te \"inside out\".<br>Ne morate putovati - sve mi pokrivamo osobno.\n<\/div><h4 class=\"bde-heading-149-229 bde-heading\">\n4. Sezonska strategija koja nadma\u0161uje tr\u017ei\u0161te\n<\/h4><div class=\"bde-text-149-230 bde-text\">\nDr\u017eimo kalendare otvorenima, optimiziramo cijene i prilago\u0111avamo se tr\u017ei\u0161nim trendovima kako bismo osigurali maksimalnu popunjenost - \u0161to rezultira do 3X ja\u010dim rezultatima od prosje\u010dne lokalne statistike.\n<\/div>\n<\/div><div class=\"bde-column-149-227 bde-column\">\n  \n  \n\t\n\n\n\n<h4 class=\"bde-heading-149-235 bde-heading\">\n5. Prava transparentnost i odgovornost\n<\/h4><div class=\"bde-text-149-236 bde-text\">\nMjese\u010dna izvje\u0161\u0107a vlasnika, jasne analize prihoda i transparentne isplate.<br>S bilo kojeg mjesta u svijetu, to\u010dno znate kako Va\u0161a nekretnina funkcionira.\n<\/div><h4 class=\"bde-heading-149-302 bde-heading\">\n6. Zaista nam je stalo\n<\/h4><div class=\"bde-text-149-301 bde-text\">\nNismo velika korporacija. Mi smo predan tim koji se ponosi te\u017enjom za izvrsno\u0161\u0107u.<br>S Va\u0161om imovinom postupamo kao da je na\u0161a - jer bismo tako \u017eeljeli da se s njom postupa.\n<\/div>\n<\/div><\/div><\/div>\n<\/section><section class=\"bde-section-149-243 bde-section\">\n  \n  \n\t\n\n\n\n<div class=\"section-container\"><div class=\"bde-div-149-244 bde-div\">\n              \n  \n  \n\t\n\n  <div class=\"section-background-overlay\"><\/div>\n\n\n<h2 class=\"bde-heading-149-246 bde-heading\">\nJeste li spremni saznati \u0161to Va\u0161a nekretnina mo\u017ee posti\u0107i?\n<\/h2><div class=\"bde-text-149-245 bde-text\">\nRazgovarajmo o tome kako Molly Property Management mo\u017ee maksimizirati va\u0161e prihode i smanjiti stres\n<\/div><div class=\"bde-button-149-250 bde-button\">\n    \n                        \n                        \n    \n    \n    \n    \n            \n                    \n            \n                           \n                       \n                 \n\n    \n    \n    \n                    \n    \n    <a class=\"breakdance-link button-atom button-atom--custom bde-button__button\" href=\"#\" target=\"_self\" data-type=\"action\"  data-action='{\"type\":\"popup\",\"popupOptions\":{\"popupId\":\"151\"}}' >\n\n    \n        <span class=\"button-atom__text\">Maksimiziraj prihod od moje nekretnine odmah!<\/span>\n\n        \n        \n                <\/a>\n\n    \n\n\n<\/div>\n<\/div><\/div>\n<\/section>","protected":false},"excerpt":{"rendered":"<p>Your Local Team in Zadar County \u2014 Managing Your Property Like You Were Here Perfect for owners who live abroad or outside Zadar.We protect your property, maximise your rental income, and handle every detail \u2014 while you enjoy peace of mind. We Take Care of Your Property Like It\u2019s Our Own Owning a holiday home [&hellip;]<\/p>","protected":false},"author":1,"featured_media":0,"parent":0,"menu_order":0,"comment_status":"closed","ping_status":"closed","template":"","meta":{"_acf_changed":false,"_breakdance_hide_in_design_set":false,"_breakdance_tags":"","footnotes":""},"class_list":["post-149","page","type-page","status-publish","hentry"],"acf":[],"_links":{"self":[{"href":"https:\/\/mollyproperty.com\/hr\/wp-json\/wp\/v2\/pages\/149","targetHints":{"allow":["GET"]}}],"collection":[{"href":"https:\/\/mollyproperty.com\/hr\/wp-json\/wp\/v2\/pages"}],"about":[{"href":"https:\/\/mollyproperty.com\/hr\/wp-json\/wp\/v2\/types\/page"}],"author":[{"embeddable":true,"href":"https:\/\/mollyproperty.com\/hr\/wp-json\/wp\/v2\/users\/1"}],"replies":[{"embeddable":true,"href":"https:\/\/mollyproperty.com\/hr\/wp-json\/wp\/v2\/comments?post=149"}],"version-history":[{"count":45,"href":"https:\/\/mollyproperty.com\/hr\/wp-json\/wp\/v2\/pages\/149\/revisions"}],"predecessor-version":[{"id":562,"href":"https:\/\/mollyproperty.com\/hr\/wp-json\/wp\/v2\/pages\/149\/revisions\/562"}],"wp:attachment":[{"href":"https:\/\/mollyproperty.com\/hr\/wp-json\/wp\/v2\/media?parent=149"}],"curies":[{"name":"wp","href":"https:\/\/api.w.org\/{rel}","templated":true}]}}