{"id":308,"date":"2024-12-10T04:21:32","date_gmt":"2024-12-10T04:21:32","guid":{"rendered":"https:\/\/mollyproperty.com\/?page_id=308"},"modified":"2025-11-16T15:01:47","modified_gmt":"2025-11-16T15:01:47","slug":"services","status":"publish","type":"page","link":"https:\/\/mollyproperty.com\/de\/services\/","title":{"rendered":"Dienstleistungen"},"content":{"rendered":"<section class=\"bde-section-308-100 bde-section\">\n              \n  \n  \n\t\n\n  <div class=\"section-background-overlay\"><\/div>\n\n\n<div class=\"section-container\"><h1 class=\"bde-heading-308-101 bde-heading\">\nFull-Service Property Management f\u00fcr Eigent\u00fcmer, die nicht hier wohnen.\n<\/h1><\/div>\n<\/section><section class=\"bde-section-308-102 bde-section\">\n  \n  \n\t\n\n\n\n<div class=\"section-container\"><div class=\"bde-text-308-294 bde-text\">\nSie besitzen ein Ferienhaus oder eine Ferienwohnung in der Gespanschaft Zadar - vielleicht leben Sie im Ausland oder weit weg von der K\u00fcste, aber Sie wollen gute Mieteinnahmen und keine operativen Probleme. Bei Molly Property Management werden wir zu Ihrem Team vor Ort: Buchungen \u2705 G\u00e4ste \u2705 Reinigung \u2705 Instandhaltung \u2705 Verwaltung \u2705 Alles, w\u00e4hrend Sie wegbleiben und nur Ihre Auszahlung kassieren.\n<\/div><div class=\"bde-button-308-200 bde-button\">\n    \n                        \n                        \n    \n    \n    \n    \n            \n                    \n            \n                           \n                       \n                 \n\n    \n    \n    \n                    \n    \n    <a class=\"breakdance-link button-atom button-atom--custom bde-button__button\" href=\"#\" target=\"_self\" data-type=\"action\"  data-action='{\"type\":\"popup\",\"popupOptions\":{\"popupId\":\"151\"}}' >\n\n    \n        <span class=\"button-atom__text\">Buchen Sie mein kostenloses Beratungsgespr\u00e4ch f\u00fcr Eigent\u00fcmer<\/span>\n\n        \n        \n                <\/a>\n\n    \n\n\n<\/div><\/div>\n<\/section><section class=\"bde-section-308-116 bde-section\">\n  \n  \n\t\n\n\n\n<div class=\"section-container\"><h2 class=\"bde-heading-308-117 bde-heading\">\nWas wir tun - Ein Partner, v\u00f6lliger Seelenfrieden<br>\n<\/h2><div class=\"bde-div-308-155 bde-div\">\n  \n  \n\t\n\n\n\n<div class=\"bde-text-308-156 bde-text\">\nUmsatzoptimierung &amp; Multi-Channel-Listings\n<\/div><div class=\"bde-div-308-157 bde-div\">\n  \n  \n\t\n\n\n\n<div class=\"bde-icon-308-217 bde-icon\">\n\n    \n            <div class=\"bde-icon-icon breakdance-icon-atom\" >\n    \n                    <svg xmlns=\"http:\/\/www.w3.org\/2000\/svg\" viewbox=\"0 0 448 512\"><!--! Font Awesome Free 6.5.1 by @fontawesome - https:\/\/fontawesome.com License - https:\/\/fontawesome.com\/license\/free (Icons: CC BY 4.0, Fonts: SIL OFL 1.1, Code: MIT License) Copyright 2023 Fonticons, Inc. --><path d=\"M438.6 105.4c12.5 12.5 12.5 32.8 0 45.3l-256 256c-12.5 12.5-32.8 12.5-45.3 0l-128-128c-12.5-12.5-12.5-32.8 0-45.3s32.8-12.5 45.3 0L160 338.7 393.4 105.4c12.5-12.5 32.8-12.5 45.3 0z\"\/><\/svg>\n        \n        \n        \n            <\/div>\n    \n\n\n<\/div><div class=\"bde-div-308-218 bde-div\">\n  \n  \n\t\n\n\n\n<div class=\"bde-text-308-159 bde-text\">\nWir maximieren Ihr Einkommen mit dynamischer Preisgestaltung, breiter Plattformabdeckung und lokalen Marktkenntnissen - damit Ihre Immobilie mehr einbringt, auch wenn Sie nicht da sind.\n<\/div>\n<\/div>\n<\/div>\n<\/div><div class=\"bde-div-308-295 bde-div\">\n  \n  \n\t\n\n\n\n<div class=\"bde-text-308-296 bde-text\">\nG\u00e4stebetreuung &amp; Check-in\/Check-out-Management\n<\/div><div class=\"bde-div-308-297 bde-div\">\n  \n  \n\t\n\n\n\n<div class=\"bde-icon-308-298 bde-icon\">\n\n    \n            <div class=\"bde-icon-icon breakdance-icon-atom\" >\n    \n                    <svg xmlns=\"http:\/\/www.w3.org\/2000\/svg\" viewbox=\"0 0 448 512\"><!--! Font Awesome Free 6.5.1 by @fontawesome - https:\/\/fontawesome.com License - https:\/\/fontawesome.com\/license\/free (Icons: CC BY 4.0, Fonts: SIL OFL 1.1, Code: MIT License) Copyright 2023 Fonticons, Inc. --><path d=\"M438.6 105.4c12.5 12.5 12.5 32.8 0 45.3l-256 256c-12.5 12.5-32.8 12.5-45.3 0l-128-128c-12.5-12.5-12.5-32.8 0-45.3s32.8-12.5 45.3 0L160 338.7 393.4 105.4c12.5-12.5 32.8-12.5 45.3 0z\"\/><\/svg>\n        \n        \n        \n            <\/div>\n    \n\n\n<\/div><div class=\"bde-div-308-299 bde-div\">\n  \n  \n\t\n\n\n\n<div class=\"bde-text-308-300 bde-text\">\nKommunikation mit den G\u00e4sten rund um die Uhr, das Team vor Ort begr\u00fc\u00dft die G\u00e4ste oder checkt sie ein, k\u00fcmmert sich um Probleme - Sie m\u00fcssen keinen Finger r\u00fchren.\n<\/div>\n<\/div>\n<\/div>\n<\/div><div class=\"bde-div-308-301 bde-div\">\n  \n  \n\t\n\n\n\n<div class=\"bde-text-308-302 bde-text\">\nProfessionelle Reinigung und W\u00e4scheservice\n<\/div><div class=\"bde-div-308-303 bde-div\">\n  \n  \n\t\n\n\n\n<div class=\"bde-icon-308-304 bde-icon\">\n\n    \n            <div class=\"bde-icon-icon breakdance-icon-atom\" >\n    \n                    <svg xmlns=\"http:\/\/www.w3.org\/2000\/svg\" viewbox=\"0 0 448 512\"><!--! Font Awesome Free 6.5.1 by @fontawesome - https:\/\/fontawesome.com License - https:\/\/fontawesome.com\/license\/free (Icons: CC BY 4.0, Fonts: SIL OFL 1.1, Code: MIT License) Copyright 2023 Fonticons, Inc. --><path d=\"M438.6 105.4c12.5 12.5 12.5 32.8 0 45.3l-256 256c-12.5 12.5-32.8 12.5-45.3 0l-128-128c-12.5-12.5-12.5-32.8 0-45.3s32.8-12.5 45.3 0L160 338.7 393.4 105.4c12.5-12.5 32.8-12.5 45.3 0z\"\/><\/svg>\n        \n        \n        \n            <\/div>\n    \n\n\n<\/div><div class=\"bde-div-308-305 bde-div\">\n  \n  \n\t\n\n\n\n<div class=\"bde-text-308-306 bde-text\">\nWir k\u00fcmmern uns um jeden Aufenthalt von Anfang bis Ende: makellose Reinigung, frische W\u00e4sche, bereit f\u00fcr die G\u00e4ste - ohne dass Sie sich darum k\u00fcmmern m\u00fcssen.\n<\/div>\n<\/div>\n<\/div>\n<\/div><div class=\"bde-div-308-307 bde-div\">\n  \n  \n\t\n\n\n\n<div class=\"bde-text-308-308 bde-text\">\nInstandhaltung &amp; Immobilienpflege\n<\/div><div class=\"bde-div-308-309 bde-div\">\n  \n  \n\t\n\n\n\n<div class=\"bde-icon-308-310 bde-icon\">\n\n    \n            <div class=\"bde-icon-icon breakdance-icon-atom\" >\n    \n                    <svg xmlns=\"http:\/\/www.w3.org\/2000\/svg\" viewbox=\"0 0 448 512\"><!--! Font Awesome Free 6.5.1 by @fontawesome - https:\/\/fontawesome.com License - https:\/\/fontawesome.com\/license\/free (Icons: CC BY 4.0, Fonts: SIL OFL 1.1, Code: MIT License) Copyright 2023 Fonticons, Inc. --><path d=\"M438.6 105.4c12.5 12.5 12.5 32.8 0 45.3l-256 256c-12.5 12.5-32.8 12.5-45.3 0l-128-128c-12.5-12.5-12.5-32.8 0-45.3s32.8-12.5 45.3 0L160 338.7 393.4 105.4c12.5-12.5 32.8-12.5 45.3 0z\"\/><\/svg>\n        \n        \n        \n            <\/div>\n    \n\n\n<\/div><div class=\"bde-div-308-311 bde-div\">\n  \n  \n\t\n\n\n\n<div class=\"bde-text-308-312 bde-text\">\nRoutineinspektionen, dringende Reparaturen, Pool- oder Whirlpoolpflege - Ihr Eigentum bleibt in bestem Zustand, auch wenn Sie im Ausland leben.\n<\/div>\n<\/div>\n<\/div>\n<\/div><div class=\"bde-div-308-313 bde-div\">\n  \n  \n\t\n\n\n\n<div class=\"bde-text-308-314 bde-text\">\nVollst\u00e4ndige Einhaltung der Vorschriften und Verwaltung\n<\/div><div class=\"bde-div-308-315 bde-div\">\n  \n  \n\t\n\n\n\n<div class=\"bde-icon-308-316 bde-icon\">\n\n    \n            <div class=\"bde-icon-icon breakdance-icon-atom\" >\n    \n                    <svg xmlns=\"http:\/\/www.w3.org\/2000\/svg\" viewbox=\"0 0 448 512\"><!--! Font Awesome Free 6.5.1 by @fontawesome - https:\/\/fontawesome.com License - https:\/\/fontawesome.com\/license\/free (Icons: CC BY 4.0, Fonts: SIL OFL 1.1, Code: MIT License) Copyright 2023 Fonticons, Inc. --><path d=\"M438.6 105.4c12.5 12.5 12.5 32.8 0 45.3l-256 256c-12.5 12.5-32.8 12.5-45.3 0l-128-128c-12.5-12.5-12.5-32.8 0-45.3s32.8-12.5 45.3 0L160 338.7 393.4 105.4c12.5-12.5 32.8-12.5 45.3 0z\"\/><\/svg>\n        \n        \n        \n            <\/div>\n    \n\n\n<\/div><div class=\"bde-div-308-317 bde-div\">\n  \n  \n\t\n\n\n\n<div class=\"bde-text-308-318 bde-text\">\nWir reichen die G\u00e4steregistrierungen ein, verwalten die lokalen Steuern und sorgen daf\u00fcr, dass Sie die kroatischen Vorschriften einhalten - Sie erhalten lediglich die Einnahmen.\n<\/div>\n<\/div>\n<\/div>\n<\/div><div class=\"bde-div-308-319 bde-div\">\n  \n  \n\t\n\n\n\n<div class=\"bde-text-308-320 bde-text\">\nEigent\u00fcmerberichte &amp; monatliche Auszahlungen\n<\/div><div class=\"bde-div-308-321 bde-div\">\n  \n  \n\t\n\n\n\n<div class=\"bde-icon-308-322 bde-icon\">\n\n    \n            <div class=\"bde-icon-icon breakdance-icon-atom\" >\n    \n                    <svg xmlns=\"http:\/\/www.w3.org\/2000\/svg\" viewbox=\"0 0 448 512\"><!--! Font Awesome Free 6.5.1 by @fontawesome - https:\/\/fontawesome.com License - https:\/\/fontawesome.com\/license\/free (Icons: CC BY 4.0, Fonts: SIL OFL 1.1, Code: MIT License) Copyright 2023 Fonticons, Inc. --><path d=\"M438.6 105.4c12.5 12.5 12.5 32.8 0 45.3l-256 256c-12.5 12.5-32.8 12.5-45.3 0l-128-128c-12.5-12.5-12.5-32.8 0-45.3s32.8-12.5 45.3 0L160 338.7 393.4 105.4c12.5-12.5 32.8-12.5 45.3 0z\"\/><\/svg>\n        \n        \n        \n            <\/div>\n    \n\n\n<\/div><div class=\"bde-div-308-323 bde-div\">\n  \n  \n\t\n\n\n\n<div class=\"bde-text-308-324 bde-text\">\nSie erhalten \u00fcbersichtliche monatliche Ausz\u00fcge und Einzahlungen auf Ihr Konto - transparent, einfach und berechenbar.<br>\n<\/div>\n<\/div>\n<\/div>\n<\/div><div class=\"bde-div-308-325 bde-div\">\n  \n  \n\t\n\n\n\n<div class=\"bde-text-308-326 bde-text\">\nPremium-Annehmlichkeiten und Luxus-Unterst\u00fctzung (Apartments oder Villen)\n<\/div><div class=\"bde-div-308-327 bde-div\">\n  \n  \n\t\n\n\n\n<div class=\"bde-icon-308-328 bde-icon\">\n\n    \n            <div class=\"bde-icon-icon breakdance-icon-atom\" >\n    \n                    <svg xmlns=\"http:\/\/www.w3.org\/2000\/svg\" viewbox=\"0 0 448 512\"><!--! Font Awesome Free 6.5.1 by @fontawesome - https:\/\/fontawesome.com License - https:\/\/fontawesome.com\/license\/free (Icons: CC BY 4.0, Fonts: SIL OFL 1.1, Code: MIT License) Copyright 2023 Fonticons, Inc. --><path d=\"M438.6 105.4c12.5 12.5 12.5 32.8 0 45.3l-256 256c-12.5 12.5-32.8 12.5-45.3 0l-128-128c-12.5-12.5-12.5-32.8 0-45.3s32.8-12.5 45.3 0L160 338.7 393.4 105.4c12.5-12.5 32.8-12.5 45.3 0z\"\/><\/svg>\n        \n        \n        \n            <\/div>\n    \n\n\n<\/div><div class=\"bde-div-308-329 bde-div\">\n  \n  \n\t\n\n\n\n<div class=\"bde-text-308-330 bde-text\">\nGanz gleich, ob Ihre Immobilie \u00fcber einen Pool, einen Whirlpool, eine Dachterrasse oder ein stilvolles Penthouse verf\u00fcgt - wir sorgen f\u00fcr ein erstklassiges G\u00e4steerlebnis und k\u00fcmmern uns um die zus\u00e4tzlichen betrieblichen Anforderungen.<br>\n<\/div>\n<\/div>\n<\/div>\n<\/div><\/div>\n<\/section><section class=\"bde-section-308-195 bde-section\">\n  \n  \n\t\n\n\n\n<div class=\"section-container\"><div class=\"bde-div-308-196 bde-div\">\n              \n  \n  \n\t\n\n  <div class=\"section-background-overlay\"><\/div>\n\n\n<h2 class=\"bde-heading-308-197 bde-heading\">\nSind Sie bereit, Ihre Immobilie f\u00fcr sich arbeiten zu lassen?\n<\/h2><div class=\"bde-text-308-198 bde-text\">\nLassen Sie uns dar\u00fcber sprechen, wie Sie mit Ihrer Immobilie in der Gespanschaft Zadar ein Einkommen erzielen k\u00f6nnen, w\u00e4hrend Sie sich im Ausland erholen. Kostenlose Beratung - keine Verpflichtungen.<br>\n<\/div><div class=\"bde-button-308-199 bde-button\">\n    \n                        \n                        \n    \n    \n    \n    \n            \n                    \n            \n                           \n                       \n                 \n\n    \n    \n    \n                    \n    \n    <a class=\"breakdance-link button-atom button-atom--custom bde-button__button\" href=\"#\" target=\"_self\" data-type=\"action\"  data-action='{\"type\":\"popup\",\"popupOptions\":{\"popupId\":\"151\"}}' >\n\n    \n        <span class=\"button-atom__text\">Buchen Sie mein kostenloses Beratungsgespr\u00e4ch f\u00fcr Eigent\u00fcmer<\/span>\n\n        \n        \n                <\/a>\n\n    \n\n\n<\/div>\n<\/div><\/div>\n<\/section>","protected":false},"excerpt":{"rendered":"<p>Full-Service Property Management for Owners Who Don\u2019t Live Here. You own a holiday home or apartment in Zadar County \u2014 maybe you live abroad, or far from the coast, yet you want strong rental income and zero operational headache. At Molly Property Management, we become your local team: bookings \u2705 guests \u2705 cleaning \u2705 maintenance [&hellip;]<\/p>","protected":false},"author":1,"featured_media":0,"parent":0,"menu_order":0,"comment_status":"closed","ping_status":"closed","template":"","meta":{"_acf_changed":false,"_breakdance_hide_in_design_set":false,"_breakdance_tags":"","footnotes":""},"class_list":["post-308","page","type-page","status-publish","hentry"],"acf":[],"_links":{"self":[{"href":"https:\/\/mollyproperty.com\/de\/wp-json\/wp\/v2\/pages\/308","targetHints":{"allow":["GET"]}}],"collection":[{"href":"https:\/\/mollyproperty.com\/de\/wp-json\/wp\/v2\/pages"}],"about":[{"href":"https:\/\/mollyproperty.com\/de\/wp-json\/wp\/v2\/types\/page"}],"author":[{"embeddable":true,"href":"https:\/\/mollyproperty.com\/de\/wp-json\/wp\/v2\/users\/1"}],"replies":[{"embeddable":true,"href":"https:\/\/mollyproperty.com\/de\/wp-json\/wp\/v2\/comments?post=308"}],"version-history":[{"count":33,"href":"https:\/\/mollyproperty.com\/de\/wp-json\/wp\/v2\/pages\/308\/revisions"}],"predecessor-version":[{"id":468,"href":"https:\/\/mollyproperty.com\/de\/wp-json\/wp\/v2\/pages\/308\/revisions\/468"}],"wp:attachment":[{"href":"https:\/\/mollyproperty.com\/de\/wp-json\/wp\/v2\/media?parent=308"}],"curies":[{"name":"wp","href":"https:\/\/api.w.org\/{rel}","templated":true}]}}