{"id":308,"date":"2024-12-10T04:21:32","date_gmt":"2024-12-10T04:21:32","guid":{"rendered":"https:\/\/mollyproperty.com\/?page_id=308"},"modified":"2025-11-16T15:01:47","modified_gmt":"2025-11-16T15:01:47","slug":"services","status":"publish","type":"page","link":"https:\/\/mollyproperty.com\/cs\/services\/","title":{"rendered":"Slu\u017eby"},"content":{"rendered":"<section class=\"bde-section-308-100 bde-section\">\n              \n  \n  \n\t\n\n  <div class=\"section-background-overlay\"><\/div>\n\n\n<div class=\"section-container\"><h1 class=\"bde-heading-308-101 bde-heading\">\nKompletn\u00ed spr\u00e1va nemovitost\u00ed pro majitele, kte\u0159\u00ed zde nebydl\u00ed.\n<\/h1><\/div>\n<\/section><section class=\"bde-section-308-102 bde-section\">\n  \n  \n\t\n\n\n\n<div class=\"section-container\"><div class=\"bde-text-308-294 bde-text\">\nVlastn\u00edte rekrea\u010dn\u00ed d\u016fm nebo apartm\u00e1n v Zadarsk\u00e9 \u017eup\u011b - mo\u017en\u00e1 \u017eijete v zahrani\u010d\u00ed nebo daleko od pob\u0159e\u017e\u00ed, ale chcete m\u00edt siln\u00fd p\u0159\u00edjem z pron\u00e1jmu a \u017e\u00e1dn\u00e9 provozn\u00ed starosti. Ve spole\u010dnosti Molly Property Management se staneme va\u0161\u00edm m\u00edstn\u00edm t\u00fdmem: rezervace \u2705 host\u00e9 \u2705 \u00faklid \u2705 \u00fadr\u017eba \u2705 administrativa \u2705 To v\u0161e, zat\u00edmco vy z\u016fstanete pry\u010d a budete jen inkasovat v\u00fdplatu.\n<\/div><div class=\"bde-button-308-200 bde-button\">\n    \n                        \n                        \n    \n    \n    \n    \n            \n                    \n            \n                           \n                       \n                 \n\n    \n    \n    \n                    \n    \n    <a class=\"breakdance-link button-atom button-atom--custom bde-button__button\" href=\"#\" target=\"_self\" data-type=\"action\"  data-action='{\"type\":\"popup\",\"popupOptions\":{\"popupId\":\"151\"}}' >\n\n    \n        <span class=\"button-atom__text\">Zarezervujte si bezplatnou konzultaci s majitelem<\/span>\n\n        \n        \n                <\/a>\n\n    \n\n\n<\/div><\/div>\n<\/section><section class=\"bde-section-308-116 bde-section\">\n  \n  \n\t\n\n\n\n<div class=\"section-container\"><h2 class=\"bde-heading-308-117 bde-heading\">\nCo d\u011bl\u00e1me - jeden partner, naprost\u00fd klid na du\u0161i<br>\n<\/h2><div class=\"bde-div-308-155 bde-div\">\n  \n  \n\t\n\n\n\n<div class=\"bde-text-308-156 bde-text\">\nOptimalizace p\u0159\u00edjm\u016f a v\u00edcekan\u00e1lov\u00e9 nab\u00eddky\n<\/div><div class=\"bde-div-308-157 bde-div\">\n  \n  \n\t\n\n\n\n<div class=\"bde-icon-308-217 bde-icon\">\n\n    \n            <div class=\"bde-icon-icon breakdance-icon-atom\" >\n    \n                    <svg xmlns=\"http:\/\/www.w3.org\/2000\/svg\" viewbox=\"0 0 448 512\"><!--! Font Awesome Free 6.5.1 by @fontawesome - https:\/\/fontawesome.com License - https:\/\/fontawesome.com\/license\/free (Icons: CC BY 4.0, Fonts: SIL OFL 1.1, Code: MIT License) Copyright 2023 Fonticons, Inc. --><path d=\"M438.6 105.4c12.5 12.5 12.5 32.8 0 45.3l-256 256c-12.5 12.5-32.8 12.5-45.3 0l-128-128c-12.5-12.5-12.5-32.8 0-45.3s32.8-12.5 45.3 0L160 338.7 393.4 105.4c12.5-12.5 32.8-12.5 45.3 0z\"\/><\/svg>\n        \n        \n        \n            <\/div>\n    \n\n\n<\/div><div class=\"bde-div-308-218 bde-div\">\n  \n  \n\t\n\n\n\n<div class=\"bde-text-308-159 bde-text\">\nMaximalizujeme va\u0161e p\u0159\u00edjmy d\u00edky dynamick\u00e9mu stanovov\u00e1n\u00ed cen, \u0161irok\u00e9mu pokryt\u00ed platformy a p\u0159ehledu o m\u00edstn\u00edm trhu - tak\u017ee va\u0161e nemovitost vyd\u011bl\u00e1v\u00e1 v\u00edce, i kdy\u017e nejste nabl\u00edzku.\n<\/div>\n<\/div>\n<\/div>\n<\/div><div class=\"bde-div-308-295 bde-div\">\n  \n  \n\t\n\n\n\n<div class=\"bde-text-308-296 bde-text\">\nPodpora host\u016f a spr\u00e1va p\u0159ihl\u00e1\u0161en\u00ed a odhl\u00e1\u0161en\u00ed\n<\/div><div class=\"bde-div-308-297 bde-div\">\n  \n  \n\t\n\n\n\n<div class=\"bde-icon-308-298 bde-icon\">\n\n    \n            <div class=\"bde-icon-icon breakdance-icon-atom\" >\n    \n                    <svg xmlns=\"http:\/\/www.w3.org\/2000\/svg\" viewbox=\"0 0 448 512\"><!--! Font Awesome Free 6.5.1 by @fontawesome - https:\/\/fontawesome.com License - https:\/\/fontawesome.com\/license\/free (Icons: CC BY 4.0, Fonts: SIL OFL 1.1, Code: MIT License) Copyright 2023 Fonticons, Inc. --><path d=\"M438.6 105.4c12.5 12.5 12.5 32.8 0 45.3l-256 256c-12.5 12.5-32.8 12.5-45.3 0l-128-128c-12.5-12.5-12.5-32.8 0-45.3s32.8-12.5 45.3 0L160 338.7 393.4 105.4c12.5-12.5 32.8-12.5 45.3 0z\"\/><\/svg>\n        \n        \n        \n            <\/div>\n    \n\n\n<\/div><div class=\"bde-div-308-299 bde-div\">\n  \n  \n\t\n\n\n\n<div class=\"bde-text-308-300 bde-text\">\nKomunikace s hosty 24 hodin denn\u011b, 7 dn\u00ed v t\u00fddnu, m\u00edstn\u00ed t\u00fdm hosty p\u0159iv\u00edt\u00e1 nebo odbav\u00ed, vy\u0159e\u0161\u00ed probl\u00e9my - vy nehnete ani prstem.\n<\/div>\n<\/div>\n<\/div>\n<\/div><div class=\"bde-div-308-301 bde-div\">\n  \n  \n\t\n\n\n\n<div class=\"bde-text-308-302 bde-text\">\nProfesion\u00e1ln\u00ed \u00faklidov\u00e9 a pr\u00e1deln\u00ed slu\u017eby\n<\/div><div class=\"bde-div-308-303 bde-div\">\n  \n  \n\t\n\n\n\n<div class=\"bde-icon-308-304 bde-icon\">\n\n    \n            <div class=\"bde-icon-icon breakdance-icon-atom\" >\n    \n                    <svg xmlns=\"http:\/\/www.w3.org\/2000\/svg\" viewbox=\"0 0 448 512\"><!--! Font Awesome Free 6.5.1 by @fontawesome - https:\/\/fontawesome.com License - https:\/\/fontawesome.com\/license\/free (Icons: CC BY 4.0, Fonts: SIL OFL 1.1, Code: MIT License) Copyright 2023 Fonticons, Inc. --><path d=\"M438.6 105.4c12.5 12.5 12.5 32.8 0 45.3l-256 256c-12.5 12.5-32.8 12.5-45.3 0l-128-128c-12.5-12.5-12.5-32.8 0-45.3s32.8-12.5 45.3 0L160 338.7 393.4 105.4c12.5-12.5 32.8-12.5 45.3 0z\"\/><\/svg>\n        \n        \n        \n            <\/div>\n    \n\n\n<\/div><div class=\"bde-div-308-305 bde-div\">\n  \n  \n\t\n\n\n\n<div class=\"bde-text-308-306 bde-text\">\nO ka\u017ed\u00fd pobyt se star\u00e1me od za\u010d\u00e1tku do konce: \u010dist\u00fd \u00faklid, \u010dist\u00e9 pr\u00e1dlo, p\u0159ipravenost pro hosty - bez va\u0161eho dohledu.\n<\/div>\n<\/div>\n<\/div>\n<\/div><div class=\"bde-div-308-307 bde-div\">\n  \n  \n\t\n\n\n\n<div class=\"bde-text-308-308 bde-text\">\n\u00dadr\u017eba a p\u00e9\u010de o majetek\n<\/div><div class=\"bde-div-308-309 bde-div\">\n  \n  \n\t\n\n\n\n<div class=\"bde-icon-308-310 bde-icon\">\n\n    \n            <div class=\"bde-icon-icon breakdance-icon-atom\" >\n    \n                    <svg xmlns=\"http:\/\/www.w3.org\/2000\/svg\" viewbox=\"0 0 448 512\"><!--! Font Awesome Free 6.5.1 by @fontawesome - https:\/\/fontawesome.com License - https:\/\/fontawesome.com\/license\/free (Icons: CC BY 4.0, Fonts: SIL OFL 1.1, Code: MIT License) Copyright 2023 Fonticons, Inc. --><path d=\"M438.6 105.4c12.5 12.5 12.5 32.8 0 45.3l-256 256c-12.5 12.5-32.8 12.5-45.3 0l-128-128c-12.5-12.5-12.5-32.8 0-45.3s32.8-12.5 45.3 0L160 338.7 393.4 105.4c12.5-12.5 32.8-12.5 45.3 0z\"\/><\/svg>\n        \n        \n        \n            <\/div>\n    \n\n\n<\/div><div class=\"bde-div-308-311 bde-div\">\n  \n  \n\t\n\n\n\n<div class=\"bde-text-308-312 bde-text\">\nPravideln\u00e9 prohl\u00eddky, neodkladn\u00e9 opravy, p\u00e9\u010de o baz\u00e9n nebo v\u00ed\u0159ivku - v\u00e1\u0161 majetek z\u016fstane ve \u0161pi\u010dkov\u00e9m stavu, i kdy\u017e \u017eijete v zahrani\u010d\u00ed.\n<\/div>\n<\/div>\n<\/div>\n<\/div><div class=\"bde-div-308-313 bde-div\">\n  \n  \n\t\n\n\n\n<div class=\"bde-text-308-314 bde-text\">\nPln\u00e9 dodr\u017eov\u00e1n\u00ed p\u0159edpis\u016f a spr\u00e1va\n<\/div><div class=\"bde-div-308-315 bde-div\">\n  \n  \n\t\n\n\n\n<div class=\"bde-icon-308-316 bde-icon\">\n\n    \n            <div class=\"bde-icon-icon breakdance-icon-atom\" >\n    \n                    <svg xmlns=\"http:\/\/www.w3.org\/2000\/svg\" viewbox=\"0 0 448 512\"><!--! Font Awesome Free 6.5.1 by @fontawesome - https:\/\/fontawesome.com License - https:\/\/fontawesome.com\/license\/free (Icons: CC BY 4.0, Fonts: SIL OFL 1.1, Code: MIT License) Copyright 2023 Fonticons, Inc. --><path d=\"M438.6 105.4c12.5 12.5 12.5 32.8 0 45.3l-256 256c-12.5 12.5-32.8 12.5-45.3 0l-128-128c-12.5-12.5-12.5-32.8 0-45.3s32.8-12.5 45.3 0L160 338.7 393.4 105.4c12.5-12.5 32.8-12.5 45.3 0z\"\/><\/svg>\n        \n        \n        \n            <\/div>\n    \n\n\n<\/div><div class=\"bde-div-308-317 bde-div\">\n  \n  \n\t\n\n\n\n<div class=\"bde-text-308-318 bde-text\">\nPod\u00e1v\u00e1me registrace host\u016f, spravujeme m\u00edstn\u00ed dan\u011b a zaji\u0161\u0165ujeme dodr\u017eov\u00e1n\u00ed chorvatsk\u00fdch p\u0159edpis\u016f - vy jen dost\u00e1v\u00e1te p\u0159\u00edjmy.\n<\/div>\n<\/div>\n<\/div>\n<\/div><div class=\"bde-div-308-319 bde-div\">\n  \n  \n\t\n\n\n\n<div class=\"bde-text-308-320 bde-text\">\nHl\u00e1\u0161en\u00ed vlastn\u00edka a m\u011bs\u00ed\u010dn\u00ed v\u00fdplaty\n<\/div><div class=\"bde-div-308-321 bde-div\">\n  \n  \n\t\n\n\n\n<div class=\"bde-icon-308-322 bde-icon\">\n\n    \n            <div class=\"bde-icon-icon breakdance-icon-atom\" >\n    \n                    <svg xmlns=\"http:\/\/www.w3.org\/2000\/svg\" viewbox=\"0 0 448 512\"><!--! Font Awesome Free 6.5.1 by @fontawesome - https:\/\/fontawesome.com License - https:\/\/fontawesome.com\/license\/free (Icons: CC BY 4.0, Fonts: SIL OFL 1.1, Code: MIT License) Copyright 2023 Fonticons, Inc. --><path d=\"M438.6 105.4c12.5 12.5 12.5 32.8 0 45.3l-256 256c-12.5 12.5-32.8 12.5-45.3 0l-128-128c-12.5-12.5-12.5-32.8 0-45.3s32.8-12.5 45.3 0L160 338.7 393.4 105.4c12.5-12.5 32.8-12.5 45.3 0z\"\/><\/svg>\n        \n        \n        \n            <\/div>\n    \n\n\n<\/div><div class=\"bde-div-308-323 bde-div\">\n  \n  \n\t\n\n\n\n<div class=\"bde-text-308-324 bde-text\">\nDost\u00e1v\u00e1te p\u0159ehledn\u00e9 m\u011bs\u00ed\u010dn\u00ed v\u00fdpisy a vklady na \u00fa\u010det - transparentn\u00ed, jednoduch\u00e9 a p\u0159edv\u00eddateln\u00e9.<br>\n<\/div>\n<\/div>\n<\/div>\n<\/div><div class=\"bde-div-308-325 bde-div\">\n  \n  \n\t\n\n\n\n<div class=\"bde-text-308-326 bde-text\">\nPr\u00e9miov\u00e9 vybaven\u00ed a luxusn\u00ed podpora (apartm\u00e1ny nebo vily)\n<\/div><div class=\"bde-div-308-327 bde-div\">\n  \n  \n\t\n\n\n\n<div class=\"bde-icon-308-328 bde-icon\">\n\n    \n            <div class=\"bde-icon-icon breakdance-icon-atom\" >\n    \n                    <svg xmlns=\"http:\/\/www.w3.org\/2000\/svg\" viewbox=\"0 0 448 512\"><!--! Font Awesome Free 6.5.1 by @fontawesome - https:\/\/fontawesome.com License - https:\/\/fontawesome.com\/license\/free (Icons: CC BY 4.0, Fonts: SIL OFL 1.1, Code: MIT License) Copyright 2023 Fonticons, Inc. --><path d=\"M438.6 105.4c12.5 12.5 12.5 32.8 0 45.3l-256 256c-12.5 12.5-32.8 12.5-45.3 0l-128-128c-12.5-12.5-12.5-32.8 0-45.3s32.8-12.5 45.3 0L160 338.7 393.4 105.4c12.5-12.5 32.8-12.5 45.3 0z\"\/><\/svg>\n        \n        \n        \n            <\/div>\n    \n\n\n<\/div><div class=\"bde-div-308-329 bde-div\">\n  \n  \n\t\n\n\n\n<div class=\"bde-text-308-330 bde-text\">\nA\u0165 u\u017e m\u00e1 va\u0161e nemovitost baz\u00e9n, v\u00ed\u0159ivku, st\u0159e\u0161n\u00ed terasu nebo stylov\u00fd penthouse, zajist\u00edme v\u00e1m prvot\u0159\u00eddn\u00ed z\u00e1\u017eitek a postar\u00e1me se o dal\u0161\u00ed provozn\u00ed pot\u0159eby.<br>\n<\/div>\n<\/div>\n<\/div>\n<\/div><\/div>\n<\/section><section class=\"bde-section-308-195 bde-section\">\n  \n  \n\t\n\n\n\n<div class=\"section-container\"><div class=\"bde-div-308-196 bde-div\">\n              \n  \n  \n\t\n\n  <div class=\"section-background-overlay\"><\/div>\n\n\n<h2 class=\"bde-heading-308-197 bde-heading\">\nJste p\u0159ipraveni nechat svou nemovitost pracovat za v\u00e1s?\n<\/h2><div class=\"bde-text-308-198 bde-text\">\nPromluvme si o tom, jak v\u00e1m m\u016f\u017ee nemovitost v Zadarsk\u00e9 \u017eup\u011b p\u0159in\u00e9st p\u0159\u00edjem, zat\u00edmco budete odpo\u010d\u00edvat v zahrani\u010d\u00ed. Konzultace zdarma - \u017e\u00e1dn\u00e9 z\u00e1vazky.<br>\n<\/div><div class=\"bde-button-308-199 bde-button\">\n    \n                        \n                        \n    \n    \n    \n    \n            \n                    \n            \n                           \n                       \n                 \n\n    \n    \n    \n                    \n    \n    <a class=\"breakdance-link button-atom button-atom--custom bde-button__button\" href=\"#\" target=\"_self\" data-type=\"action\"  data-action='{\"type\":\"popup\",\"popupOptions\":{\"popupId\":\"151\"}}' >\n\n    \n        <span class=\"button-atom__text\">Zarezervujte si bezplatnou konzultaci s majitelem<\/span>\n\n        \n        \n                <\/a>\n\n    \n\n\n<\/div>\n<\/div><\/div>\n<\/section>","protected":false},"excerpt":{"rendered":"<p>Full-Service Property Management for Owners Who Don\u2019t Live Here. You own a holiday home or apartment in Zadar County \u2014 maybe you live abroad, or far from the coast, yet you want strong rental income and zero operational headache. At Molly Property Management, we become your local team: bookings \u2705 guests \u2705 cleaning \u2705 maintenance [&hellip;]<\/p>","protected":false},"author":1,"featured_media":0,"parent":0,"menu_order":0,"comment_status":"closed","ping_status":"closed","template":"","meta":{"_acf_changed":false,"_breakdance_hide_in_design_set":false,"_breakdance_tags":"","footnotes":""},"class_list":["post-308","page","type-page","status-publish","hentry"],"acf":[],"_links":{"self":[{"href":"https:\/\/mollyproperty.com\/cs\/wp-json\/wp\/v2\/pages\/308","targetHints":{"allow":["GET"]}}],"collection":[{"href":"https:\/\/mollyproperty.com\/cs\/wp-json\/wp\/v2\/pages"}],"about":[{"href":"https:\/\/mollyproperty.com\/cs\/wp-json\/wp\/v2\/types\/page"}],"author":[{"embeddable":true,"href":"https:\/\/mollyproperty.com\/cs\/wp-json\/wp\/v2\/users\/1"}],"replies":[{"embeddable":true,"href":"https:\/\/mollyproperty.com\/cs\/wp-json\/wp\/v2\/comments?post=308"}],"version-history":[{"count":33,"href":"https:\/\/mollyproperty.com\/cs\/wp-json\/wp\/v2\/pages\/308\/revisions"}],"predecessor-version":[{"id":468,"href":"https:\/\/mollyproperty.com\/cs\/wp-json\/wp\/v2\/pages\/308\/revisions\/468"}],"wp:attachment":[{"href":"https:\/\/mollyproperty.com\/cs\/wp-json\/wp\/v2\/media?parent=308"}],"curies":[{"name":"wp","href":"https:\/\/api.w.org\/{rel}","templated":true}]}}