{"id":149,"date":"2024-12-04T17:51:07","date_gmt":"2024-12-04T17:51:07","guid":{"rendered":"https:\/\/mollyproperty.com\/?page_id=149"},"modified":"2026-03-26T11:02:24","modified_gmt":"2026-03-26T11:02:24","slug":"about-us","status":"publish","type":"page","link":"https:\/\/mollyproperty.com\/cs\/about-us\/","title":{"rendered":"O n\u00e1s"},"content":{"rendered":"<section class=\"bde-section-149-100 bde-section\">\n              \n  \n  \n\t\n\n  <div class=\"section-background-overlay\"><\/div>\n\n\n<div class=\"section-container\"><h1 class=\"bde-heading-149-104 bde-heading\">\nV\u00e1\u0161 m\u00edstn\u00ed t\u00fdm v Zadarsk\u00e9 \u017eup\u011b - spr\u00e1va va\u0161eho majetku, jako byste tu byli vy\n<\/h1><div class=\"bde-text-149-252 bde-text\">\nIde\u00e1ln\u00ed pro majitele, kte\u0159\u00ed \u017eij\u00ed v zahrani\u010d\u00ed nebo mimo Zadar.<br>Ochr\u00e1n\u00edme v\u00e1\u0161 majetek, maximalizujeme p\u0159\u00edjmy z pron\u00e1jmu a postar\u00e1me se o ka\u017ed\u00fd detail, zat\u00edmco vy budete m\u00edt klid.\n<\/div><\/div>\n<\/section><section class=\"bde-section-149-130 bde-section\">\n  \n  \n\t\n\n\n\n<div class=\"section-container\"><h3 class=\"bde-heading-149-160 bde-heading\">\nStar\u00e1me se o v\u00e1\u0161 majetek jako o vlastn\u00ed<br>\n<\/h3><div class=\"bde-rich-text-149-253 bde-rich-text breakdance-rich-text-styles\">\n<p>Vlastnictv\u00ed rekrea\u010dn\u00edho domu nebo investi\u010dn\u00edho bytu v Zadarsk\u00e9 \u017eup\u011b by m\u011blo b\u00fdt vzru\u0161uj\u00edc\u00ed - ne stresuj\u00edc\u00ed. Kdy\u017e v\u0161ak \u017eijete v zahrani\u010d\u00ed nebo n\u011bkolik hodin od pob\u0159e\u017e\u00ed, st\u00e1v\u00e1 se pro v\u00e1s \u0159\u00edzen\u00ed v\u0161eho ohromuj\u00edc\u00ed. Zpr\u00e1vy pro hosty, p\u0159ihla\u0161ov\u00e1n\u00ed, \u00faklid, opravy, pran\u00ed, \u00fadr\u017eba, m\u00edstn\u00ed p\u0159edpisy... a to tu ani nejste.<\/p><p>Zalo\u017eili jsme <b>Spr\u00e1va nemovitost\u00ed Molly<\/b> vy\u0159e\u0161it p\u0159esn\u011b tento probl\u00e9m.<\/p><p>Na\u0161e posl\u00e1n\u00ed je jednoduch\u00e9:<\/p><p>Poskytnout majitel\u016fm nemovitost\u00ed, kte\u0159\u00ed nejsou m\u00edstn\u00ed, d\u016fv\u011bryhodn\u00e9ho, komplexn\u00edho a vysoce v\u00fdkonn\u00e9ho partnera pro spr\u00e1vu, kter\u00fd se postar\u00e1 o v\u0161e - od A do Z - aby va\u0161e nemovitost vyd\u011bl\u00e1vala v\u00edce a vy jste z\u016fstali bez starost\u00ed.<\/p>\n<\/div><\/div>\n<\/section><section class=\"bde-section-149-254 bde-section\">\n  \n  \n\t\n\n\n\n        <div class=\"section-shape-divider-wrapper section-shape-divider-wrapper--1\">\n          <span class=\"section-shape-divider\">\n                      <svg\n                xmlns=\"http:\/\/www.w3.org\/2000\/svg\"\n                viewbox=\"0 0 1440 320\"\n                preserveaspectratio=\"none\"\n            >\n              <path d=\"M0 302.063s114.697-6.897 146.399-33.752c31.703-26.855 9.593-107.025 43.815-127.38 34.222-20.357 119.635 22.715 161.512 5.247 41.876-17.47 49.52-99.36 89.75-110.062 40.228-10.7 105.204 51.872 151.625 45.852C639.523 75.95 677.7 0 720 0s80.477 75.95 126.899 81.968c46.42 6.02 111.397-56.552 151.626-45.852 40.23 10.702 47.873 92.592 89.75 110.062 41.876 17.468 127.29-25.604 161.511-5.248 34.222 20.356 12.112 100.526 43.815 127.381C1325.303 295.166 1440 302.063 1440 302.063V320H0v-17.937Z\" fill=\"currentColor\"\/>\n            <\/svg>\n                    <\/span>\n      <\/div>\n  <div class=\"section-container\"><h3 class=\"bde-heading-149-289 bde-heading\">\nVytvo\u0159eno pro majitele nemovitost\u00ed, kte\u0159\u00ed nejsou m\u00edstn\u00ed a pot\u0159ebuj\u00ed t\u00fdm, kter\u00e9mu mohou d\u016fv\u011b\u0159ovat\n<\/h3><div class=\"bde-div-149-293 bde-div\">\n  \n  \n\t\n\n\n\n<h5 class=\"bde-heading-149-290 bde-heading\">\nZ\u00e1sadn\u00ed \u00fakoly nezad\u00e1v\u00e1me extern\u00edm dodavatel\u016fm.\n<\/h5><h5 class=\"bde-heading-149-295 bde-heading\">\nNe\u0161et\u0159\u00edme.<br>\n<\/h5><h5 class=\"bde-heading-149-296 bde-heading\">\nB\u011bhem sez\u00f3ny se neztr\u00e1c\u00edme.\n<\/h5>\n<\/div><div class=\"bde-text-149-297 bde-text\">\nPoskytneme v\u00e1m p\u0159esn\u011b to, co jsme si p\u0159\u00e1li m\u00edt p\u0159i spr\u00e1v\u011b vlastn\u00edch nemovitost\u00ed:<br>Profesion\u00e1ln\u00ed, m\u00edstn\u00ed a zodpov\u011bdn\u00fd t\u00fdm, kter\u00e9mu m\u016f\u017eete d\u016fv\u011b\u0159ovat odkudkoli na sv\u011bt\u011b.<br>\n<\/div><\/div>\n<\/section><section class=\"bde-section-149-251 bde-section\">\n  \n  \n\t\n\n\n\n        <div class=\"section-shape-divider-wrapper section-shape-divider-wrapper--1\">\n          <span class=\"section-shape-divider\">\n                      <svg\n                xmlns=\"http:\/\/www.w3.org\/2000\/svg\"\n                viewbox=\"0 0 1440 320\"\n                preserveaspectratio=\"none\"\n            >\n              <path d=\"M0 302.063s114.697-6.897 146.399-33.752c31.703-26.855 9.593-107.025 43.815-127.38 34.222-20.357 119.635 22.715 161.512 5.247 41.876-17.47 49.52-99.36 89.75-110.062 40.228-10.7 105.204 51.872 151.625 45.852C639.523 75.95 677.7 0 720 0s80.477 75.95 126.899 81.968c46.42 6.02 111.397-56.552 151.626-45.852 40.23 10.702 47.873 92.592 89.75 110.062 41.876 17.468 127.29-25.604 161.511-5.248 34.222 20.356 12.112 100.526 43.815 127.381C1325.303 295.166 1440 302.063 1440 302.063V320H0v-17.937Z\" fill=\"currentColor\"\/>\n            <\/svg>\n                    <\/span>\n      <\/div>\n  <div class=\"section-container\"><h3 class=\"bde-heading-149-299 bde-heading\">\n\u010ceho jsme dos\u00e1hli pro majitele, jako jste vy\n<\/h3><div class=\"bde-stats-grid-149-133 bde-stats-grid\">\n  <div class='bde-stats-grid_item'>\n          \n    \n            <div class=\"bde-stats-grid_icon breakdance-icon-atom\" >\n    \n                    <svg xmlns=\"http:\/\/www.w3.org\/2000\/svg\" viewbox=\"0 0 576 512\"><!--! Font Awesome Free 6.5.1 by @fontawesome - https:\/\/fontawesome.com License - https:\/\/fontawesome.com\/license\/free (Icons: CC BY 4.0, Fonts: SIL OFL 1.1, Code: MIT License) Copyright 2023 Fonticons, Inc. --><path d=\"M575.8 255.5c0 18-15 32.1-32 32.1h-32l.7 160.2c.2 35.5-28.5 64.3-64 64.3H128.1c-35.3 0-64-28.7-64-64V287.6H32c-18 0-32-14-32-32.1c0-9 3-17 10-24L266.4 8c7-7 15-8 22-8s15 2 21 7L416 100.7V64c0-17.7 14.3-32 32-32h32c17.7 0 32 14.3 32 32V185l52.8 46.4c8 7 12 15 11 24zM248 192c-13.3 0-24 10.7-24 24v80c0 13.3 10.7 24 24 24h80c13.3 0 24-10.7 24-24V216c0-13.3-10.7-24-24-24H248z\"\/><\/svg>\n        \n        \n        \n            <\/div>\n    \n\n        <h3 class='bde-stats-grid_number' >\n     40+\n    <\/h3>\n    <p class='bde-stats-grid_text' >\n      Nemovitosti spravovan\u00e9 v Zadarsk\u00e9 \u017eup\u011b (apartm\u00e1ny, vily a pr\u00e9miov\u00e9 jednotky)\n    <\/p>\n  <\/div>\n  <div class='bde-stats-grid_item'>\n          \n    \n            <div class=\"bde-stats-grid_icon breakdance-icon-atom\" >\n    \n                    <svg xmlns=\"http:\/\/www.w3.org\/2000\/svg\" viewbox=\"0 0 512 512\"><!--! Font Awesome Free 6.5.1 by @fontawesome - https:\/\/fontawesome.com License - https:\/\/fontawesome.com\/license\/free (Icons: CC BY 4.0, Fonts: SIL OFL 1.1, Code: MIT License) Copyright 2023 Fonticons, Inc. --><path d=\"M470.7 9.4c3 3.1 5.3 6.6 6.9 10.3s2.4 7.8 2.4 12.2l0 .1v0 96c0 17.7-14.3 32-32 32s-32-14.3-32-32V109.3L310.6 214.6c-11.8 11.8-30.8 12.6-43.5 1.7L176 138.1 84.8 216.3c-13.4 11.5-33.6 9.9-45.1-3.5s-9.9-33.6 3.5-45.1l112-96c12-10.3 29.7-10.3 41.7 0l89.5 76.7L370.7 64H352c-17.7 0-32-14.3-32-32s14.3-32 32-32h96 0c8.8 0 16.8 3.6 22.6 9.3l.1 .1zM0 304c0-26.5 21.5-48 48-48H464c26.5 0 48 21.5 48 48V464c0 26.5-21.5 48-48 48H48c-26.5 0-48-21.5-48-48V304zM48 416v48H96c0-26.5-21.5-48-48-48zM96 304H48v48c26.5 0 48-21.5 48-48zM464 416c-26.5 0-48 21.5-48 48h48V416zM416 304c0 26.5 21.5 48 48 48V304H416zm-96 80a64 64 0 1 0 -128 0 64 64 0 1 0 128 0z\"\/><\/svg>\n        \n        \n        \n            <\/div>\n    \n\n        <h3 class='bde-stats-grid_number' >\n     \u20ac530,000+\n    <\/h3>\n    <p class='bde-stats-grid_text' >\n      P\u0159\u00edjmy generovan\u00e9 v roce 2025 pro na\u0161e partnery - vlastn\u00edky\n    <\/p>\n  <\/div>\n  <div class='bde-stats-grid_item'>\n          \n    \n            <div class=\"bde-stats-grid_icon breakdance-icon-atom\" >\n    \n                    <svg xmlns=\"http:\/\/www.w3.org\/2000\/svg\" viewbox=\"0 0 640 512\"><!--! Font Awesome Free 6.5.1 by @fontawesome - https:\/\/fontawesome.com License - https:\/\/fontawesome.com\/license\/free (Icons: CC BY 4.0, Fonts: SIL OFL 1.1, Code: MIT License) Copyright 2023 Fonticons, Inc. --><path d=\"M72 88a56 56 0 1 1 112 0A56 56 0 1 1 72 88zM64 245.7C54 256.9 48 271.8 48 288s6 31.1 16 42.3V245.7zm144.4-49.3C178.7 222.7 160 261.2 160 304c0 34.3 12 65.8 32 90.5V416c0 17.7-14.3 32-32 32H96c-17.7 0-32-14.3-32-32V389.2C26.2 371.2 0 332.7 0 288c0-61.9 50.1-112 112-112h32c24 0 46.2 7.5 64.4 20.3zM448 416V394.5c20-24.7 32-56.2 32-90.5c0-42.8-18.7-81.3-48.4-107.7C449.8 183.5 472 176 496 176h32c61.9 0 112 50.1 112 112c0 44.7-26.2 83.2-64 101.2V416c0 17.7-14.3 32-32 32H480c-17.7 0-32-14.3-32-32zm8-328a56 56 0 1 1 112 0A56 56 0 1 1 456 88zM576 245.7v84.7c10-11.3 16-26.1 16-42.3s-6-31.1-16-42.3zM320 32a64 64 0 1 1 0 128 64 64 0 1 1 0-128zM240 304c0 16.2 6 31 16 42.3V261.7c-10 11.3-16 26.1-16 42.3zm144-42.3v84.7c10-11.3 16-26.1 16-42.3s-6-31.1-16-42.3zM448 304c0 44.7-26.2 83.2-64 101.2V448c0 17.7-14.3 32-32 32H288c-17.7 0-32-14.3-32-32V405.2c-37.8-18-64-56.5-64-101.2c0-61.9 50.1-112 112-112h32c61.9 0 112 50.1 112 112z\"\/><\/svg>\n        \n        \n        \n            <\/div>\n    \n\n        <h3 class='bde-stats-grid_number' >\n     2,000+\n    <\/h3>\n    <p class='bde-stats-grid_text' >\n      Host\u00e9 ubytovan\u00ed v roce 2025 s vynikaj\u00edc\u00ed spokojenost\u00ed\n    <\/p>\n  <\/div>\n\n<\/div><div class=\"bde-button-149-161 bde-button\">\n    \n                        \n                        \n    \n    \n    \n    \n            \n                    \n            \n                           \n                       \n                 \n\n    \n    \n    \n                    \n    \n    <a class=\"breakdance-link button-atom button-atom--custom bde-button__button\" href=\"#\" target=\"_self\" data-type=\"action\"  data-action='{\"type\":\"popup\",\"popupOptions\":{\"popupId\":\"151\",\"popupAction\":\"open\"}}' >\n\n    \n        <span class=\"button-atom__text\">\u017d\u00e1dost o bezplatnou konzultaci<\/span>\n\n        \n        \n                <\/a>\n\n    \n\n\n<\/div><\/div>\n<\/section><section class=\"bde-section-149-213 bde-section\">\n  \n  \n\t\n\n\n\n<div class=\"section-container\"><h2 class=\"bde-heading-149-214 bde-heading\">\n\u010c\u00edm se li\u0161\u00edme\n<\/h2><div class=\"bde-text-149-300 bde-text\">\nPro\u010d si majitel\u00e9, kte\u0159\u00ed nejsou m\u00edstn\u00ed, vyb\u00edraj\u00ed spole\u010dnost Molly Property Management\n<\/div><div class=\"bde-columns-149-216 bde-columns\"><div class=\"bde-column-149-217 bde-column\">\n  \n  \n\t\n\n\n\n<h4 class=\"bde-heading-149-219 bde-heading\">\n1. \u00dapln\u00e1 spr\u00e1va od za\u010d\u00e1tku do konce\n<\/h4><div class=\"bde-text-149-220 bde-text\">\nNemus\u00edte se starat o ukl\u00edze\u010dky, \u00fadr\u017eb\u00e1\u0159e, kalend\u00e1\u0159e, check-iny ani probl\u00e9my s hosty - v\u0161echno zvl\u00e1dneme sami.\n<\/div><h4 class=\"bde-heading-149-222 bde-heading\">\n2. Osobn\u00ed p\u0159\u00edstup, kter\u00fd buduje loajalitu host\u016f\n<\/h4><div class=\"bde-text-149-223 bde-text\">\nSpokojen\u00ed host\u00e9 znamenaj\u00ed vy\u0161\u0161\u00ed hodnocen\u00ed, lep\u0161\u00ed obsazenost a v\u00edce opakovan\u00fdch pobyt\u016f, co\u017e p\u0159\u00edmo zvy\u0161uje v\u00e1\u0161 p\u0159\u00edjem.\n<\/div><h4 class=\"bde-heading-149-225 bde-heading\">\n3. M\u00edstn\u00ed odbornost, na kterou se m\u016f\u017eete spolehnout\n<\/h4><div class=\"bde-text-149-226 bde-text\">\n\u017dijeme zde, pracujeme zde a zn\u00e1me trh zevnit\u0159.<br>Nemus\u00edte cestovat - v\u0161e pokryjeme osobn\u011b.\n<\/div><h4 class=\"bde-heading-149-229 bde-heading\">\n4. Sez\u00f3nn\u00ed strategie, kter\u00e1 p\u0159ekon\u00e1v\u00e1 trh\n<\/h4><div class=\"bde-text-149-230 bde-text\">\nUdr\u017eujeme otev\u0159en\u00e9 kalend\u00e1\u0159e, optimalizujeme ceny a p\u0159izp\u016fsobujeme se trend\u016fm na trhu, abychom zajistili maxim\u00e1ln\u00ed obsazenost - v\u00fdsledkem je a\u017e 3\u00d7 vy\u0161\u0161\u00ed v\u00fdkon ne\u017e pr\u016fm\u011brn\u00e9 m\u00edstn\u00ed statistiky.\n<\/div>\n<\/div><div class=\"bde-column-149-227 bde-column\">\n  \n  \n\t\n\n\n\n<h4 class=\"bde-heading-149-235 bde-heading\">\n5. Skute\u010dn\u00e1 transparentnost a odpov\u011bdnost\n<\/h4><div class=\"bde-text-149-236 bde-text\">\nM\u011bs\u00ed\u010dn\u00ed zpr\u00e1vy pro majitele, p\u0159ehledn\u00e9 rozd\u011blen\u00ed p\u0159\u00edjm\u016f a transparentn\u00ed v\u00fdplaty.<br>Odkudkoli na sv\u011bt\u011b p\u0159esn\u011b v\u00edte, jak si va\u0161e nemovitost vede.\n<\/div><h4 class=\"bde-heading-149-302 bde-heading\">\n6. Star\u00e1me se - skute\u010dn\u011b\n<\/h4><div class=\"bde-text-149-301 bde-text\">\nNejsme korporace bez tv\u00e1\u0159e. Jsme oddan\u00fd t\u00fdm, kter\u00fd je hrd\u00fd na to, \u017ee usiluje o dokonalost.<br>S va\u0161\u00edm majetkem zach\u00e1z\u00edme, jako by byl n\u00e1\u0161 vlastn\u00ed - proto\u017ee tak bychom si to p\u0159\u00e1li.\n<\/div>\n<\/div><\/div><\/div>\n<\/section><section class=\"bde-section-149-243 bde-section\">\n  \n  \n\t\n\n\n\n<div class=\"section-container\"><div class=\"bde-div-149-244 bde-div\">\n              \n  \n  \n\t\n\n  <div class=\"section-background-overlay\"><\/div>\n\n\n<h2 class=\"bde-heading-149-246 bde-heading\">\nJste p\u0159ipraveni zjistit, \u010deho m\u016f\u017ee va\u0161e nemovitost dos\u00e1hnout?\n<\/h2><div class=\"bde-text-149-245 bde-text\">\nPoj\u010fme si promluvit o tom, jak m\u016f\u017ee spole\u010dnost Molly Property Management maximalizovat va\u0161e p\u0159\u00edjmy a minimalizovat v\u00e1\u0161 stres.\n<\/div><div class=\"bde-button-149-250 bde-button\">\n    \n                        \n                        \n    \n    \n    \n    \n            \n                    \n            \n                           \n                       \n                 \n\n    \n    \n    \n                    \n    \n    <a class=\"breakdance-link button-atom button-atom--custom bde-button__button\" href=\"#\" target=\"_self\" data-type=\"action\"  data-action='{\"type\":\"popup\",\"popupOptions\":{\"popupId\":\"151\"}}' >\n\n    \n        <span class=\"button-atom__text\">Maximalizujte sv\u016fj p\u0159\u00edjem z nemovitosti hned te\u010f!<\/span>\n\n        \n        \n                <\/a>\n\n    \n\n\n<\/div>\n<\/div><\/div>\n<\/section>","protected":false},"excerpt":{"rendered":"<p>Your Local Team in Zadar County \u2014 Managing Your Property Like You Were Here Perfect for owners who live abroad or outside Zadar.We protect your property, maximise your rental income, and handle every detail \u2014 while you enjoy peace of mind. We Take Care of Your Property Like It\u2019s Our Own Owning a holiday home [&hellip;]<\/p>","protected":false},"author":1,"featured_media":0,"parent":0,"menu_order":0,"comment_status":"closed","ping_status":"closed","template":"","meta":{"_acf_changed":false,"_breakdance_hide_in_design_set":false,"_breakdance_tags":"","footnotes":""},"class_list":["post-149","page","type-page","status-publish","hentry"],"acf":[],"_links":{"self":[{"href":"https:\/\/mollyproperty.com\/cs\/wp-json\/wp\/v2\/pages\/149","targetHints":{"allow":["GET"]}}],"collection":[{"href":"https:\/\/mollyproperty.com\/cs\/wp-json\/wp\/v2\/pages"}],"about":[{"href":"https:\/\/mollyproperty.com\/cs\/wp-json\/wp\/v2\/types\/page"}],"author":[{"embeddable":true,"href":"https:\/\/mollyproperty.com\/cs\/wp-json\/wp\/v2\/users\/1"}],"replies":[{"embeddable":true,"href":"https:\/\/mollyproperty.com\/cs\/wp-json\/wp\/v2\/comments?post=149"}],"version-history":[{"count":45,"href":"https:\/\/mollyproperty.com\/cs\/wp-json\/wp\/v2\/pages\/149\/revisions"}],"predecessor-version":[{"id":562,"href":"https:\/\/mollyproperty.com\/cs\/wp-json\/wp\/v2\/pages\/149\/revisions\/562"}],"wp:attachment":[{"href":"https:\/\/mollyproperty.com\/cs\/wp-json\/wp\/v2\/media?parent=149"}],"curies":[{"name":"wp","href":"https:\/\/api.w.org\/{rel}","templated":true}]}}