{"id":113,"date":"2024-12-04T06:55:15","date_gmt":"2024-12-04T06:55:15","guid":{"rendered":"https:\/\/mollyproperty.com\/newsletter\/"},"modified":"2024-12-04T06:55:15","modified_gmt":"2024-12-04T06:55:15","slug":"newsletter","status":"publish","type":"page","link":"https:\/\/mollyproperty.com\/cs\/newsletter\/","title":{"rendered":"Zpravodaj"},"content":{"rendered":"<div class=\"tnp tnp-subscription\">\n<form method=\"post\" action=\"https:\/\/mollyproperty.com\/wp-admin\/admin-ajax.php?action=tnp&amp;na=s\">\n<input type=\"hidden\" name=\"nlang\" value=\"\">\n<div class=\"tnp-field tnp-field-email\"><label for=\"tnp-1\">E-mail<\/label>\n<input class=\"tnp-email\" type=\"email\" name=\"ne\" id=\"tnp-1\" value=\"\" placeholder=\"\" required><\/div>\n<div class=\"tnp-field tnp-privacy-field\"><label><input type=\"checkbox\" name=\"ny\" required class=\"tnp-privacy\"> Souhlas\u00edm se z\u00e1sadami ochrany osobn\u00edch \u00fadaj\u016f<\/label><\/div><div class=\"tnp-field tnp-field-button\" style=\"text-align: left\"><input class=\"tnp-submit\" type=\"submit\" value=\"Odeb\u00edrat\" style=\"\">\n<\/div>\n<\/form>\n<\/div>","protected":false},"excerpt":{"rendered":"","protected":false},"author":1,"featured_media":0,"parent":0,"menu_order":0,"comment_status":"closed","ping_status":"closed","template":"","meta":{"_acf_changed":false,"_breakdance_hide_in_design_set":false,"_breakdance_tags":"","footnotes":""},"class_list":["post-113","page","type-page","status-publish","hentry"],"acf":[],"_links":{"self":[{"href":"https:\/\/mollyproperty.com\/cs\/wp-json\/wp\/v2\/pages\/113","targetHints":{"allow":["GET"]}}],"collection":[{"href":"https:\/\/mollyproperty.com\/cs\/wp-json\/wp\/v2\/pages"}],"about":[{"href":"https:\/\/mollyproperty.com\/cs\/wp-json\/wp\/v2\/types\/page"}],"author":[{"embeddable":true,"href":"https:\/\/mollyproperty.com\/cs\/wp-json\/wp\/v2\/users\/1"}],"replies":[{"embeddable":true,"href":"https:\/\/mollyproperty.com\/cs\/wp-json\/wp\/v2\/comments?post=113"}],"version-history":[{"count":0,"href":"https:\/\/mollyproperty.com\/cs\/wp-json\/wp\/v2\/pages\/113\/revisions"}],"wp:attachment":[{"href":"https:\/\/mollyproperty.com\/cs\/wp-json\/wp\/v2\/media?parent=113"}],"curies":[{"name":"wp","href":"https:\/\/api.w.org\/{rel}","templated":true}]}}